{"id":21744,"date":"2025-08-28T14:34:42","date_gmt":"2025-08-28T12:34:42","guid":{"rendered":"https:\/\/www.mobilduenne.it\/agreste\/"},"modified":"2025-08-28T14:34:48","modified_gmt":"2025-08-28T12:34:48","slug":"agreste","status":"publish","type":"page","link":"https:\/\/www.mobilduenne.it\/fr\/agreste\/","title":{"rendered":"Agreste"},"content":{"rendered":"<p>[vc_section][vc_row][vc_column width=\u00a0\u00bb1\/2&Prime;][vc_custom_heading text=\u00a0\u00bbNucci\u00a0\u00bb font_container=\u00a0\u00bbtag:h6|font_size:25px|text_align:left|color:%23dddddd\u00a0\u00bb google_fonts=\u00a0\u00bbfont_family:Montserrat%3A100%2C100italic%2C200%2C200italic%2C300%2C300italic%2Cregular%2Citalic%2C500%2C500italic%2C600%2C600italic%2C700%2C700italic%2C800%2C800italic%2C900%2C900italic|font_style:400%20regular%3A400%3Anormal\u00a0\u00bb text_transform=\u00a0\u00bbuppercase\u00a0\u00bb css=\u00a0\u00bb.vc_custom_1718278645369{margin-bottom: 10px !important;}\u00a0\u00bb]<div class=\"wpb_content_element \"><style type=\"text\/css\">#ut_header_69e2f99896d65 h2.section-title, #ut_header_69e2f99896d65 h2.section-title span { color:#252525; }#ut_header_69e2f99896d65 h2.section-title{ font-family:Montserrat;font-weight:400;font-style:normal; }<\/style><header id=\"ut_header_69e2f99896d65\" class=\"section-header ut-no-title-linebreak-mobile ut-no-lead-linebreak-mobile pt-style-7 header-left header-tablet-left header-mobile-center\"><h2 data-title=\"\/ Agreste\"  class=\"section-title  \"><span>\/ Agreste<\/span><\/h2><div data-delay=\"0\" class=\"lead \"><\/p>\n<p data-start=\"74\" data-end=\"235\">La <strong data-start=\"77\" data-end=\"99\">collection Agreste<\/strong> s\u2019inspire de la culture rurale, avec un plan vasque conteneur qui \u00e9voque les formes douces et fonctionnelles du mobilier de campagne. <br \/>L\u2019\u00e9l\u00e9ment distinctif est le canal suspendu, soutenu par deux \u00e9querres, qui se d\u00e9tache du mur pour cr\u00e9er un espace vide accueillant des bo\u00eetes de rangement.<\/p>\n<p data-start=\"396\" data-end=\"585\" data-is-last-node=\"\" data-is-only-node=\"\">La <strong data-start=\"399\" data-end=\"432\">barre frontale en bois massif<\/strong> fait office de porte-serviettes, tandis que sous le plan, dans la version avec rangement, une porte abattante donne acc\u00e8s \u00e0 un compartiment dissimul\u00e9.<\/p>\n<p>\n<\/div><\/header><\/div>[vc_row_inner][vc_column_inner]<div class=\"wpb_content_element \"><style type=\"text\/css\">#ut_header_69e2f99897f36 h4.section-title, #ut_header_69e2f99897f36 h4.section-title span { color:#252525; }#ut_header_69e2f99897f36 h4.section-title{ font-family:Montserrat;font-weight:400;font-style:normal; }#ut_header_69e2f99897f36 h4.section-title { font-size: 24px; }<\/style><header id=\"ut_header_69e2f99897f36\" class=\"section-header ut-no-title-linebreak-mobile ut-no-lead-linebreak-mobile pt-style-7 header-left header-tablet-left header-mobile-center\"><h4 data-title=\"CARACT\u00c9RISTIQUES\"  class=\"section-title  \"><span>CARACT\u00c9RISTIQUES<\/span><\/h4><div data-delay=\"0\" class=\"lead \"><\/p>\n<p data-start=\"48\" data-end=\"198\">Le syst\u00e8me est r\u00e9alis\u00e9 en <strong data-start=\"74\" data-end=\"91\">solid surface<\/strong>, disponible dans toutes les couleurs de production ainsi que dans toutes les teintes <strong data-start=\"177\" data-end=\"184\">RAL<\/strong> et <strong data-start=\"188\" data-end=\"195\">NCS<\/strong>.<\/p>\n<p data-start=\"200\" data-end=\"321\" data-is-last-node=\"\" data-is-only-node=\"\">Les \u00e9querres peuvent \u00eatre prolong\u00e9es jusqu\u2019au sol, offrant une solution \u00e0 la fois pratique et visuellement distinctive.<\/p>\n<p>\n<\/div><\/header><\/div>[vc_separator align=\u00a0\u00bbalign_left\u00a0\u00bb]<style type=\"text\/css\">#ut_custom_heading69e2f99898b89 a { color:rgba(134, 134, 134, 0.47); }#ut_custom_heading69e2f99898b89 { font-family:Montserrat;font-weight:400;font-style:normal; }#ut_custom_heading69e2f99898b89 { text-align:left; }@media (min-width: 768px) and (max-width: 1024px) { #ut_custom_heading69e2f99898b89 { text-align:left; } }@media (max-width: 767px) { #ut_custom_heading69e2f99898b89 { text-align:left; } }<\/style><h4 id=\"ut_custom_heading69e2f99898b89\" class=\"ut-custom-heading-module  \" ><span class=\"\" ><a title=\"Nucci 2025\" href=\"https:\/\/www.sfogliami.it\/fl\/318056\/1bzbht5cyrcz3q6r7kmdfdbg6t3r7tnv\" target=\" _blank\" ><\/p>\n<p><span class=\"tlid-translation translation\" lang=\"fr\"><span class=\"\" title=\"\">CATALOGUE PDF<\/span><\/span><\/p>\n<p><\/a><\/span><\/h4>[vc_separator align=\u00a0\u00bbalign_left\u00a0\u00bb][\/vc_column_inner][\/vc_row_inner][\/vc_column][vc_column width=\u00a0\u00bb1\/2&Prime;]<div data-cursor-skin=\"global\" class=\"wpb_content_element   clearfix\"><style type=\"text\/css\">#ut_am_69e2f99898ed7 { opacity: 1; }#ut_am_wrap_69e2f99898ed8 .ut-image-gallery-item-caption-title h3 { letter-spacing: 0em; }#ut_am_wrap_69e2f99898ed8 .ut-gallery-slider-caption { font-weight: bold; }#ut_am_wrap_69e2f99898ed8 { text-align: left; }@media (min-width: 768px) and (max-width: 1024px) { #ut_am_wrap_69e2f99898ed8 { text-align: left !important; } }@media (max-width: 767px) { #ut_am_wrap_69e2f99898ed8 { text-align: left !important; } }<\/style><div id=\"ut_am_wrap_69e2f99898ed8\" class=\"ut-image-gallery-image \"><div id=\"ut_reveal_69e2f99898ed9\"  data-appear-top-offset=\"auto\" class=\"ut-animated-image-item ut-image-gallery-item ut-animation-done \"><a class=\"ut-deactivated-link\" href=\"#\"><div class=\"ut-animated-image-zoom\"><img class=\"ut-lazy skip-lazy ut-animated-image\"  id=\"ut_am_69e2f99898ed7\" src=\"data:image\/svg+xml;charset=utf-8,%3Csvg xmlns%3D'http%3A%2F%2Fwww.w3.org%2F2000%2Fsvg' viewBox%3D'0 0 2850 4000'%2F%3E\" data-src=\"https:\/\/www.mobilduenne.it\/wp-content\/uploads\/2025\/08\/AGRESTE-23-1.jpg\" width=\"2850\" height=\"4000\" alt=\"\"\/><\/div><\/a><\/div><\/div><\/div>[\/vc_column][\/vc_row][vc_row][vc_column][vc_column_text]<\/p>\n<p><!-- default-view.php -->\n<div\n\tclass=\"ngg-galleryoverview default-view \"\n\tid=\"ngg-gallery-98c466107e4c16a14aad55de4191da2b-1\">\n\n\t\t<!-- Thumbnails -->\n\t\t\t\t<div id=\"ngg-image-0\" class=\"ngg-gallery-thumbnail-box \" >\n\t\t\t\t        <div class=\"ngg-gallery-thumbnail\">\n            <a href=\"https:\/\/www.mobilduenne.it\/wp-content\/gallery\/agreste\/AGRESTE-22-1.jpg\"\n               title=\"AGRESTE-22\"\n               data-src=\"https:\/\/www.mobilduenne.it\/wp-content\/gallery\/agreste\/AGRESTE-22-1.jpg\"\n               data-thumbnail=\"https:\/\/www.mobilduenne.it\/wp-content\/gallery\/agreste\/thumbs\/thumbs_AGRESTE-22-1.jpg\"\n               data-image-id=\"1868\"\n               data-title=\"AGRESTE-22-1\"\n               data-description=\"AGRESTE-22\"\n               data-image-slug=\"agreste-22-1\"\n               class=\"ngg-fancybox\" rel=\"98c466107e4c16a14aad55de4191da2b\">\n                <img\n                    title=\"AGRESTE-22-1\"\n                    alt=\"AGRESTE-22-1\"\n                    src=\"https:\/\/www.mobilduenne.it\/wp-content\/gallery\/agreste\/thumbs\/thumbs_AGRESTE-22-1.jpg\"\n                    width=\"240\"\n                    height=\"160\"\n                    style=\"max-width:100%;\"\n                \/>\n            <\/a>\n        <\/div>\n\t\t\t\t\t\t\t<\/div> \n\t\t\t\n\t\t\t\t<div id=\"ngg-image-1\" class=\"ngg-gallery-thumbnail-box \" >\n\t\t\t\t        <div class=\"ngg-gallery-thumbnail\">\n            <a href=\"https:\/\/www.mobilduenne.it\/wp-content\/gallery\/agreste\/AGRESTE-22-2.jpg\"\n               title=\"AGRESTE-22\"\n               data-src=\"https:\/\/www.mobilduenne.it\/wp-content\/gallery\/agreste\/AGRESTE-22-2.jpg\"\n               data-thumbnail=\"https:\/\/www.mobilduenne.it\/wp-content\/gallery\/agreste\/thumbs\/thumbs_AGRESTE-22-2.jpg\"\n               data-image-id=\"1871\"\n               data-title=\"AGRESTE-22-2\"\n               data-description=\"AGRESTE-22\"\n               data-image-slug=\"agreste-22-2\"\n               class=\"ngg-fancybox\" rel=\"98c466107e4c16a14aad55de4191da2b\">\n                <img\n                    title=\"AGRESTE-22-2\"\n                    alt=\"AGRESTE-22-2\"\n                    src=\"https:\/\/www.mobilduenne.it\/wp-content\/gallery\/agreste\/thumbs\/thumbs_AGRESTE-22-2.jpg\"\n                    width=\"240\"\n                    height=\"160\"\n                    style=\"max-width:100%;\"\n                \/>\n            <\/a>\n        <\/div>\n\t\t\t\t\t\t\t<\/div> \n\t\t\t\n\t\t\t\t<div id=\"ngg-image-2\" class=\"ngg-gallery-thumbnail-box \" >\n\t\t\t\t        <div class=\"ngg-gallery-thumbnail\">\n            <a href=\"https:\/\/www.mobilduenne.it\/wp-content\/gallery\/agreste\/AGRESTE-22-3.jpg\"\n               title=\"AGRESTE-22\"\n               data-src=\"https:\/\/www.mobilduenne.it\/wp-content\/gallery\/agreste\/AGRESTE-22-3.jpg\"\n               data-thumbnail=\"https:\/\/www.mobilduenne.it\/wp-content\/gallery\/agreste\/thumbs\/thumbs_AGRESTE-22-3.jpg\"\n               data-image-id=\"1870\"\n               data-title=\"AGRESTE-22-3\"\n               data-description=\"AGRESTE-22\"\n               data-image-slug=\"agreste-22-3\"\n               class=\"ngg-fancybox\" rel=\"98c466107e4c16a14aad55de4191da2b\">\n                <img\n                    title=\"AGRESTE-22-3\"\n                    alt=\"AGRESTE-22-3\"\n                    src=\"https:\/\/www.mobilduenne.it\/wp-content\/gallery\/agreste\/thumbs\/thumbs_AGRESTE-22-3.jpg\"\n                    width=\"240\"\n                    height=\"160\"\n                    style=\"max-width:100%;\"\n                \/>\n            <\/a>\n        <\/div>\n\t\t\t\t\t\t\t<\/div> \n\t\t\t\n\t\t\t\t<div id=\"ngg-image-3\" class=\"ngg-gallery-thumbnail-box \" >\n\t\t\t\t        <div class=\"ngg-gallery-thumbnail\">\n            <a href=\"https:\/\/www.mobilduenne.it\/wp-content\/gallery\/agreste\/AGRESTE-22-4.jpg\"\n               title=\"AGRESTE-22\"\n               data-src=\"https:\/\/www.mobilduenne.it\/wp-content\/gallery\/agreste\/AGRESTE-22-4.jpg\"\n               data-thumbnail=\"https:\/\/www.mobilduenne.it\/wp-content\/gallery\/agreste\/thumbs\/thumbs_AGRESTE-22-4.jpg\"\n               data-image-id=\"1872\"\n               data-title=\"AGRESTE-22-4\"\n               data-description=\"AGRESTE-22\"\n               data-image-slug=\"agreste-22-4\"\n               class=\"ngg-fancybox\" rel=\"98c466107e4c16a14aad55de4191da2b\">\n                <img\n                    title=\"AGRESTE-22-4\"\n                    alt=\"AGRESTE-22-4\"\n                    src=\"https:\/\/www.mobilduenne.it\/wp-content\/gallery\/agreste\/thumbs\/thumbs_AGRESTE-22-4.jpg\"\n                    width=\"240\"\n                    height=\"160\"\n                    style=\"max-width:100%;\"\n                \/>\n            <\/a>\n        <\/div>\n\t\t\t\t\t\t\t<\/div> \n\t\t\t\n\t\t\t\t<div id=\"ngg-image-4\" class=\"ngg-gallery-thumbnail-box \" >\n\t\t\t\t        <div class=\"ngg-gallery-thumbnail\">\n            <a href=\"https:\/\/www.mobilduenne.it\/wp-content\/gallery\/agreste\/AGRESTE-22-5.jpg\"\n               title=\"AGRESTE-22\"\n               data-src=\"https:\/\/www.mobilduenne.it\/wp-content\/gallery\/agreste\/AGRESTE-22-5.jpg\"\n               data-thumbnail=\"https:\/\/www.mobilduenne.it\/wp-content\/gallery\/agreste\/thumbs\/thumbs_AGRESTE-22-5.jpg\"\n               data-image-id=\"1867\"\n               data-title=\"AGRESTE-22-5\"\n               data-description=\"AGRESTE-22\"\n               data-image-slug=\"agreste-22-5\"\n               class=\"ngg-fancybox\" rel=\"98c466107e4c16a14aad55de4191da2b\">\n                <img\n                    title=\"AGRESTE-22-5\"\n                    alt=\"AGRESTE-22-5\"\n                    src=\"https:\/\/www.mobilduenne.it\/wp-content\/gallery\/agreste\/thumbs\/thumbs_AGRESTE-22-5.jpg\"\n                    width=\"240\"\n                    height=\"160\"\n                    style=\"max-width:100%;\"\n                \/>\n            <\/a>\n        <\/div>\n\t\t\t\t\t\t\t<\/div> \n\t\t\t\n\t\t\t\t<div id=\"ngg-image-5\" class=\"ngg-gallery-thumbnail-box \" >\n\t\t\t\t        <div class=\"ngg-gallery-thumbnail\">\n            <a href=\"https:\/\/www.mobilduenne.it\/wp-content\/gallery\/agreste\/AGRESTE-23-1.jpg\"\n               title=\"AGRESTE-23\"\n               data-src=\"https:\/\/www.mobilduenne.it\/wp-content\/gallery\/agreste\/AGRESTE-23-1.jpg\"\n               data-thumbnail=\"https:\/\/www.mobilduenne.it\/wp-content\/gallery\/agreste\/thumbs\/thumbs_AGRESTE-23-1.jpg\"\n               data-image-id=\"1877\"\n               data-title=\"AGRESTE-23-1\"\n               data-description=\"AGRESTE-23\"\n               data-image-slug=\"agreste-23-1\"\n               class=\"ngg-fancybox\" rel=\"98c466107e4c16a14aad55de4191da2b\">\n                <img\n                    title=\"AGRESTE-23-1\"\n                    alt=\"AGRESTE-23-1\"\n                    src=\"https:\/\/www.mobilduenne.it\/wp-content\/gallery\/agreste\/thumbs\/thumbs_AGRESTE-23-1.jpg\"\n                    width=\"240\"\n                    height=\"160\"\n                    style=\"max-width:100%;\"\n                \/>\n            <\/a>\n        <\/div>\n\t\t\t\t\t\t\t<\/div> \n\t\t\t\n\t\t\t\t<div id=\"ngg-image-6\" class=\"ngg-gallery-thumbnail-box \" >\n\t\t\t\t        <div class=\"ngg-gallery-thumbnail\">\n            <a href=\"https:\/\/www.mobilduenne.it\/wp-content\/gallery\/agreste\/AGRESTE-23-2.jpg\"\n               title=\"AGRESTE-23\"\n               data-src=\"https:\/\/www.mobilduenne.it\/wp-content\/gallery\/agreste\/AGRESTE-23-2.jpg\"\n               data-thumbnail=\"https:\/\/www.mobilduenne.it\/wp-content\/gallery\/agreste\/thumbs\/thumbs_AGRESTE-23-2.jpg\"\n               data-image-id=\"1873\"\n               data-title=\"AGRESTE-23-2\"\n               data-description=\"AGRESTE-23\"\n               data-image-slug=\"agreste-23-2\"\n               class=\"ngg-fancybox\" rel=\"98c466107e4c16a14aad55de4191da2b\">\n                <img\n                    title=\"AGRESTE-23-2\"\n                    alt=\"AGRESTE-23-2\"\n                    src=\"https:\/\/www.mobilduenne.it\/wp-content\/gallery\/agreste\/thumbs\/thumbs_AGRESTE-23-2.jpg\"\n                    width=\"240\"\n                    height=\"160\"\n                    style=\"max-width:100%;\"\n                \/>\n            <\/a>\n        <\/div>\n\t\t\t\t\t\t\t<\/div> \n\t\t\t\n\t\t\t\t<div id=\"ngg-image-7\" class=\"ngg-gallery-thumbnail-box \" >\n\t\t\t\t        <div class=\"ngg-gallery-thumbnail\">\n            <a href=\"https:\/\/www.mobilduenne.it\/wp-content\/gallery\/agreste\/AGRESTE-23-3.jpg\"\n               title=\"AGRESTE-23\"\n               data-src=\"https:\/\/www.mobilduenne.it\/wp-content\/gallery\/agreste\/AGRESTE-23-3.jpg\"\n               data-thumbnail=\"https:\/\/www.mobilduenne.it\/wp-content\/gallery\/agreste\/thumbs\/thumbs_AGRESTE-23-3.jpg\"\n               data-image-id=\"1874\"\n               data-title=\"AGRESTE-23-3\"\n               data-description=\"AGRESTE-23\"\n               data-image-slug=\"agreste-23-3\"\n               class=\"ngg-fancybox\" rel=\"98c466107e4c16a14aad55de4191da2b\">\n                <img\n                    title=\"AGRESTE-23-3\"\n                    alt=\"AGRESTE-23-3\"\n                    src=\"https:\/\/www.mobilduenne.it\/wp-content\/gallery\/agreste\/thumbs\/thumbs_AGRESTE-23-3.jpg\"\n                    width=\"240\"\n                    height=\"160\"\n                    style=\"max-width:100%;\"\n                \/>\n            <\/a>\n        <\/div>\n\t\t\t\t\t\t\t<\/div> \n\t\t\t\n\t\t\t\t<div id=\"ngg-image-8\" class=\"ngg-gallery-thumbnail-box \" >\n\t\t\t\t        <div class=\"ngg-gallery-thumbnail\">\n            <a href=\"https:\/\/www.mobilduenne.it\/wp-content\/gallery\/agreste\/AGRESTE-24-1.jpg\"\n               title=\"AGRESTE-24\"\n               data-src=\"https:\/\/www.mobilduenne.it\/wp-content\/gallery\/agreste\/AGRESTE-24-1.jpg\"\n               data-thumbnail=\"https:\/\/www.mobilduenne.it\/wp-content\/gallery\/agreste\/thumbs\/thumbs_AGRESTE-24-1.jpg\"\n               data-image-id=\"1876\"\n               data-title=\"AGRESTE-24-1\"\n               data-description=\"AGRESTE-24\"\n               data-image-slug=\"agreste-24-1\"\n               class=\"ngg-fancybox\" rel=\"98c466107e4c16a14aad55de4191da2b\">\n                <img\n                    title=\"AGRESTE-24-1\"\n                    alt=\"AGRESTE-24-1\"\n                    src=\"https:\/\/www.mobilduenne.it\/wp-content\/gallery\/agreste\/thumbs\/thumbs_AGRESTE-24-1.jpg\"\n                    width=\"240\"\n                    height=\"160\"\n                    style=\"max-width:100%;\"\n                \/>\n            <\/a>\n        <\/div>\n\t\t\t\t\t\t\t<\/div> \n\t\t\t\n\t\t\t\t<div id=\"ngg-image-9\" class=\"ngg-gallery-thumbnail-box \" >\n\t\t\t\t        <div class=\"ngg-gallery-thumbnail\">\n            <a href=\"https:\/\/www.mobilduenne.it\/wp-content\/gallery\/agreste\/AGRESTE-24-2.jpg\"\n               title=\"AGRESTE-24\"\n               data-src=\"https:\/\/www.mobilduenne.it\/wp-content\/gallery\/agreste\/AGRESTE-24-2.jpg\"\n               data-thumbnail=\"https:\/\/www.mobilduenne.it\/wp-content\/gallery\/agreste\/thumbs\/thumbs_AGRESTE-24-2.jpg\"\n               data-image-id=\"1875\"\n               data-title=\"AGRESTE-24-2\"\n               data-description=\"AGRESTE-24\"\n               data-image-slug=\"agreste-24-2\"\n               class=\"ngg-fancybox\" rel=\"98c466107e4c16a14aad55de4191da2b\">\n                <img\n                    title=\"AGRESTE-24-2\"\n                    alt=\"AGRESTE-24-2\"\n                    src=\"https:\/\/www.mobilduenne.it\/wp-content\/gallery\/agreste\/thumbs\/thumbs_AGRESTE-24-2.jpg\"\n                    width=\"240\"\n                    height=\"160\"\n                    style=\"max-width:100%;\"\n                \/>\n            <\/a>\n        <\/div>\n\t\t\t\t\t\t\t<\/div> \n\t\t\t\n\t\t\t\t<div id=\"ngg-image-10\" class=\"ngg-gallery-thumbnail-box \" >\n\t\t\t\t        <div class=\"ngg-gallery-thumbnail\">\n            <a href=\"https:\/\/www.mobilduenne.it\/wp-content\/gallery\/agreste\/AGRESTE-24-3.jpg\"\n               title=\"AGRESTE-24\"\n               data-src=\"https:\/\/www.mobilduenne.it\/wp-content\/gallery\/agreste\/AGRESTE-24-3.jpg\"\n               data-thumbnail=\"https:\/\/www.mobilduenne.it\/wp-content\/gallery\/agreste\/thumbs\/thumbs_AGRESTE-24-3.jpg\"\n               data-image-id=\"1869\"\n               data-title=\"AGRESTE-24-3\"\n               data-description=\"AGRESTE-24\"\n               data-image-slug=\"agreste-24-3\"\n               class=\"ngg-fancybox\" rel=\"98c466107e4c16a14aad55de4191da2b\">\n                <img\n                    title=\"AGRESTE-24-3\"\n                    alt=\"AGRESTE-24-3\"\n                    src=\"https:\/\/www.mobilduenne.it\/wp-content\/gallery\/agreste\/thumbs\/thumbs_AGRESTE-24-3.jpg\"\n                    width=\"240\"\n                    height=\"160\"\n                    style=\"max-width:100%;\"\n                \/>\n            <\/a>\n        <\/div>\n\t\t\t\t\t\t\t<\/div> \n\t\t\t\n\t\n\t<br style=\"clear: both\" \/>\n\n\t\n\t\t<!-- Pagination -->\n\t<div class='ngg-clear'><\/div>\t<\/div>\n[\/vc_column_text][\/vc_column][\/vc_row][\/vc_section]<\/p>\n","protected":false},"excerpt":{"rendered":"<p>[vc_section][vc_row][vc_column width=\u00a0\u00bb1\/2&Prime;][vc_custom_heading text=\u00a0\u00bbNucci\u00a0\u00bb font_container=\u00a0\u00bbtag:h6|font_size:25px|text_align:left|color:%23dddddd\u00a0\u00bb google_fonts=\u00a0\u00bbfont_family:Montserrat%3A100%2C100italic%2C200%2C200italic%2C300%2C300italic%2Cregular%2Citalic%2C500%2C500italic%2C600%2C600italic%2C700%2C700italic%2C800%2C800italic%2C900%2C900italic|font_style:400%20regular%3A400%3Anormal\u00a0\u00bb text_transform=\u00a0\u00bbuppercase\u00a0\u00bb css=\u00a0\u00bb.vc_custom_1718278645369{margin-bottom: 10px !important;}\u00a0\u00bb][vc_row_inner][vc_column_inner][vc_separator align=\u00a0\u00bbalign_left\u00a0\u00bb][vc_separator align=\u00a0\u00bbalign_left\u00a0\u00bb][\/vc_column_inner][\/vc_row_inner][\/vc_column][vc_column width=\u00a0\u00bb1\/2&Prime;][\/vc_column][\/vc_row][vc_row][vc_column][vc_column_text] [\/vc_column_text][\/vc_column][\/vc_row][\/vc_section]<\/p>\n","protected":false},"author":979,"featured_media":0,"parent":0,"menu_order":0,"comment_status":"closed","ping_status":"closed","template":"","meta":{"ngg_post_thumbnail":0},"_links":{"self":[{"href":"https:\/\/www.mobilduenne.it\/fr\/wp-json\/wp\/v2\/pages\/21744"}],"collection":[{"href":"https:\/\/www.mobilduenne.it\/fr\/wp-json\/wp\/v2\/pages"}],"about":[{"href":"https:\/\/www.mobilduenne.it\/fr\/wp-json\/wp\/v2\/types\/page"}],"author":[{"embeddable":true,"href":"https:\/\/www.mobilduenne.it\/fr\/wp-json\/wp\/v2\/users\/979"}],"replies":[{"embeddable":true,"href":"https:\/\/www.mobilduenne.it\/fr\/wp-json\/wp\/v2\/comments?post=21744"}],"version-history":[{"count":5,"href":"https:\/\/www.mobilduenne.it\/fr\/wp-json\/wp\/v2\/pages\/21744\/revisions"}],"predecessor-version":[{"id":21750,"href":"https:\/\/www.mobilduenne.it\/fr\/wp-json\/wp\/v2\/pages\/21744\/revisions\/21750"}],"wp:attachment":[{"href":"https:\/\/www.mobilduenne.it\/fr\/wp-json\/wp\/v2\/media?parent=21744"}],"curies":[{"name":"wp","href":"https:\/\/api.w.org\/{rel}","templated":true}]}}