{"id":21729,"date":"2025-08-28T14:21:03","date_gmt":"2025-08-28T12:21:03","guid":{"rendered":"https:\/\/www.mobilduenne.it\/ballerina\/"},"modified":"2025-08-28T14:21:04","modified_gmt":"2025-08-28T12:21:04","slug":"ballerina","status":"publish","type":"page","link":"https:\/\/www.mobilduenne.it\/fr\/ballerina\/","title":{"rendered":"Ballerina"},"content":{"rendered":"<p>[vc_section][vc_row][vc_column width=\u00a0\u00bb1\/2&Prime;][vc_custom_heading text=\u00a0\u00bbNucci\u00a0\u00bb font_container=\u00a0\u00bbtag:h6|font_size:25px|text_align:left|color:%23dddddd\u00a0\u00bb google_fonts=\u00a0\u00bbfont_family:Montserrat%3A100%2C100italic%2C200%2C200italic%2C300%2C300italic%2Cregular%2Citalic%2C500%2C500italic%2C600%2C600italic%2C700%2C700italic%2C800%2C800italic%2C900%2C900italic|font_style:400%20regular%3A400%3Anormal\u00a0\u00bb text_transform=\u00a0\u00bbuppercase\u00a0\u00bb css=\u00a0\u00bb.vc_custom_1718278645369{margin-bottom: 10px !important;}\u00a0\u00bb]<div class=\"wpb_content_element \"><style type=\"text\/css\">#ut_header_69e31193ee61d h2.section-title, #ut_header_69e31193ee61d h2.section-title span { color:#252525; }#ut_header_69e31193ee61d h2.section-title{ font-family:Montserrat;font-weight:400;font-style:normal; }<\/style><header id=\"ut_header_69e31193ee61d\" class=\"section-header ut-no-title-linebreak-mobile ut-no-lead-linebreak-mobile pt-style-7 header-left header-tablet-left header-mobile-center\"><h2 data-title=\"\/ Ballerina\"  class=\"section-title  \"><span>\/ Ballerina<\/span><\/h2><div data-delay=\"0\" class=\"lead \"><p>La console Ballerina adopte une forme semi-circulaire, obtenue gr\u00e2ce \u00e0 l\u2019application de lames qui mod\u00e8lent avec pr\u00e9cision la structure. R\u00e9alis\u00e9e en noyer canaletto massif, en ch\u00eane ou laqu\u00e9e dans toutes les couleurs mates du nuancier RAL ou NCS. Elle repose sur des pieds fusel\u00e9s qui \u00e9lancent sa silhouette. Le plateau biseaut\u00e9 d\u00e9passe de 5 cm par rapport au meuble de rangement inf\u00e9rieur, d\u2019une profondeur de 35 cm.<\/p>\n<\/div><\/header><\/div>[vc_row_inner][vc_column_inner]<div class=\"wpb_content_element \"><style type=\"text\/css\">#ut_header_69e31193ef81a h4.section-title, #ut_header_69e31193ef81a h4.section-title span { color:#252525; }#ut_header_69e31193ef81a h4.section-title{ font-family:Montserrat;font-weight:400;font-style:normal; }#ut_header_69e31193ef81a h4.section-title { font-size: 24px; }<\/style><header id=\"ut_header_69e31193ef81a\" class=\"section-header ut-no-title-linebreak-mobile ut-no-lead-linebreak-mobile pt-style-7 header-left header-tablet-left header-mobile-center\"><h4 data-title=\"CARACT\u00c9RISTIQUES\"  class=\"section-title  \"><span>CARACT\u00c9RISTIQUES<\/span><\/h4><div data-delay=\"0\" class=\"lead \"><p>La base est \u00e9quip\u00e9e de deux portes \u00e0 ouverture push-pull donnant acc\u00e8s \u00e0 un compartiment de rangement int\u00e9rieur.<\/p>\n<\/div><\/header><\/div>[vc_separator align=\u00a0\u00bbalign_left\u00a0\u00bb]<style type=\"text\/css\">#ut_custom_heading69e31193f0320 a { color:rgba(134, 134, 134, 0.47); }#ut_custom_heading69e31193f0320 { font-family:Montserrat;font-weight:400;font-style:normal; }#ut_custom_heading69e31193f0320 { text-align:left; }@media (min-width: 768px) and (max-width: 1024px) { #ut_custom_heading69e31193f0320 { text-align:left; } }@media (max-width: 767px) { #ut_custom_heading69e31193f0320 { text-align:left; } }<\/style><h4 id=\"ut_custom_heading69e31193f0320\" class=\"ut-custom-heading-module  \" ><span class=\"\" ><a title=\"Nucci 2025\" href=\"https:\/\/www.sfogliami.it\/fl\/318056\/1bzbht5cyrcz3q6r7kmdfdbg6t3r7tnv\" target=\" _blank\" ><span class=\"tlid-translation translation\" lang=\"fr\"><span class=\"\" title=\"\">CATALOGUE PDF<\/span><\/span><\/a><\/span><\/h4>[vc_separator align=\u00a0\u00bbalign_left\u00a0\u00bb][\/vc_column_inner][\/vc_row_inner][\/vc_column][vc_column width=\u00a0\u00bb1\/2&Prime;]<div data-cursor-skin=\"global\" class=\"wpb_content_element   clearfix\"><style type=\"text\/css\">#ut_am_69e31193f088c { opacity: 1; }#ut_am_wrap_69e31193f088d .ut-image-gallery-item-caption-title h3 { letter-spacing: 0em; }#ut_am_wrap_69e31193f088d .ut-gallery-slider-caption { font-weight: bold; }#ut_am_wrap_69e31193f088d { text-align: left; }@media (min-width: 768px) and (max-width: 1024px) { #ut_am_wrap_69e31193f088d { text-align: left !important; } }@media (max-width: 767px) { #ut_am_wrap_69e31193f088d { text-align: left !important; } }<\/style><div id=\"ut_am_wrap_69e31193f088d\" class=\"ut-image-gallery-image \"><div id=\"ut_reveal_69e31193f088e\"  data-appear-top-offset=\"auto\" class=\"ut-animated-image-item ut-image-gallery-item ut-animation-done \"><a class=\"ut-deactivated-link\" href=\"#\"><div class=\"ut-animated-image-zoom\"><img class=\"ut-lazy skip-lazy ut-animated-image\"  id=\"ut_am_69e31193f088c\" src=\"data:image\/svg+xml;charset=utf-8,%3Csvg xmlns%3D'http%3A%2F%2Fwww.w3.org%2F2000%2Fsvg' viewBox%3D'0 0 1997 2816'%2F%3E\" data-src=\"https:\/\/www.mobilduenne.it\/wp-content\/uploads\/2025\/08\/BALLERINA-25-2-piccolo.jpg\" width=\"1997\" height=\"2816\" alt=\"\"\/><\/div><\/a><\/div><\/div><\/div>[\/vc_column][\/vc_row][vc_row][vc_column][vc_column_text]<\/p>\n<p><!-- default-view.php -->\n<div\n\tclass=\"ngg-galleryoverview default-view \"\n\tid=\"ngg-gallery-41cdff5265806cf460693c2e718f1d8e-1\">\n\n\t\t<!-- Thumbnails -->\n\t\t\t\t<div id=\"ngg-image-0\" class=\"ngg-gallery-thumbnail-box \" >\n\t\t\t\t        <div class=\"ngg-gallery-thumbnail\">\n            <a href=\"https:\/\/www.mobilduenne.it\/wp-content\/gallery\/ballerina\/BALLERINA-25-2.jpg\"\n               title=\"BALLERINA-25\"\n               data-src=\"https:\/\/www.mobilduenne.it\/wp-content\/gallery\/ballerina\/BALLERINA-25-2.jpg\"\n               data-thumbnail=\"https:\/\/www.mobilduenne.it\/wp-content\/gallery\/ballerina\/thumbs\/thumbs_BALLERINA-25-2.jpg\"\n               data-image-id=\"1866\"\n               data-title=\"BALLERINA-25-2\"\n               data-description=\"BALLERINA-25\"\n               data-image-slug=\"ballerina-25-2\"\n               class=\"ngg-fancybox\" rel=\"41cdff5265806cf460693c2e718f1d8e\">\n                <img\n                    title=\"BALLERINA-25-2\"\n                    alt=\"BALLERINA-25-2\"\n                    src=\"https:\/\/www.mobilduenne.it\/wp-content\/gallery\/ballerina\/thumbs\/thumbs_BALLERINA-25-2.jpg\"\n                    width=\"240\"\n                    height=\"160\"\n                    style=\"max-width:100%;\"\n                \/>\n            <\/a>\n        <\/div>\n\t\t\t\t\t\t\t<\/div> \n\t\t\t\n\t\t\t\t<div id=\"ngg-image-1\" class=\"ngg-gallery-thumbnail-box \" >\n\t\t\t\t        <div class=\"ngg-gallery-thumbnail\">\n            <a href=\"https:\/\/www.mobilduenne.it\/wp-content\/gallery\/ballerina\/BALLERINA-25-1.jpg\"\n               title=\"BALLERINA-25\"\n               data-src=\"https:\/\/www.mobilduenne.it\/wp-content\/gallery\/ballerina\/BALLERINA-25-1.jpg\"\n               data-thumbnail=\"https:\/\/www.mobilduenne.it\/wp-content\/gallery\/ballerina\/thumbs\/thumbs_BALLERINA-25-1.jpg\"\n               data-image-id=\"1864\"\n               data-title=\"BALLERINA-25-1\"\n               data-description=\"BALLERINA-25\"\n               data-image-slug=\"ballerina-25-1\"\n               class=\"ngg-fancybox\" rel=\"41cdff5265806cf460693c2e718f1d8e\">\n                <img\n                    title=\"BALLERINA-25-1\"\n                    alt=\"BALLERINA-25-1\"\n                    src=\"https:\/\/www.mobilduenne.it\/wp-content\/gallery\/ballerina\/thumbs\/thumbs_BALLERINA-25-1.jpg\"\n                    width=\"240\"\n                    height=\"160\"\n                    style=\"max-width:100%;\"\n                \/>\n            <\/a>\n        <\/div>\n\t\t\t\t\t\t\t<\/div> \n\t\t\t\n\t\t\t\t<div id=\"ngg-image-2\" class=\"ngg-gallery-thumbnail-box \" >\n\t\t\t\t        <div class=\"ngg-gallery-thumbnail\">\n            <a href=\"https:\/\/www.mobilduenne.it\/wp-content\/gallery\/ballerina\/BALLERINA-25-3.jpg\"\n               title=\"BALLERINA-25\"\n               data-src=\"https:\/\/www.mobilduenne.it\/wp-content\/gallery\/ballerina\/BALLERINA-25-3.jpg\"\n               data-thumbnail=\"https:\/\/www.mobilduenne.it\/wp-content\/gallery\/ballerina\/thumbs\/thumbs_BALLERINA-25-3.jpg\"\n               data-image-id=\"1862\"\n               data-title=\"BALLERINA-25-3\"\n               data-description=\"BALLERINA-25\"\n               data-image-slug=\"ballerina-25-3\"\n               class=\"ngg-fancybox\" rel=\"41cdff5265806cf460693c2e718f1d8e\">\n                <img\n                    title=\"BALLERINA-25-3\"\n                    alt=\"BALLERINA-25-3\"\n                    src=\"https:\/\/www.mobilduenne.it\/wp-content\/gallery\/ballerina\/thumbs\/thumbs_BALLERINA-25-3.jpg\"\n                    width=\"240\"\n                    height=\"160\"\n                    style=\"max-width:100%;\"\n                \/>\n            <\/a>\n        <\/div>\n\t\t\t\t\t\t\t<\/div> \n\t\t\t\n\t\t\t\t<div id=\"ngg-image-3\" class=\"ngg-gallery-thumbnail-box \" >\n\t\t\t\t        <div class=\"ngg-gallery-thumbnail\">\n            <a href=\"https:\/\/www.mobilduenne.it\/wp-content\/gallery\/ballerina\/BALLERINA-26-1.jpg\"\n               title=\"BALLERINA-26\"\n               data-src=\"https:\/\/www.mobilduenne.it\/wp-content\/gallery\/ballerina\/BALLERINA-26-1.jpg\"\n               data-thumbnail=\"https:\/\/www.mobilduenne.it\/wp-content\/gallery\/ballerina\/thumbs\/thumbs_BALLERINA-26-1.jpg\"\n               data-image-id=\"1865\"\n               data-title=\"BALLERINA-26-1\"\n               data-description=\"BALLERINA-26\"\n               data-image-slug=\"ballerina-26-1\"\n               class=\"ngg-fancybox\" rel=\"41cdff5265806cf460693c2e718f1d8e\">\n                <img\n                    title=\"BALLERINA-26-1\"\n                    alt=\"BALLERINA-26-1\"\n                    src=\"https:\/\/www.mobilduenne.it\/wp-content\/gallery\/ballerina\/thumbs\/thumbs_BALLERINA-26-1.jpg\"\n                    width=\"240\"\n                    height=\"160\"\n                    style=\"max-width:100%;\"\n                \/>\n            <\/a>\n        <\/div>\n\t\t\t\t\t\t\t<\/div> \n\t\t\t\n\t\t\t\t<div id=\"ngg-image-4\" class=\"ngg-gallery-thumbnail-box \" >\n\t\t\t\t        <div class=\"ngg-gallery-thumbnail\">\n            <a href=\"https:\/\/www.mobilduenne.it\/wp-content\/gallery\/ballerina\/BALLERINA-26-2.jpg\"\n               title=\"BALLERINA-26\"\n               data-src=\"https:\/\/www.mobilduenne.it\/wp-content\/gallery\/ballerina\/BALLERINA-26-2.jpg\"\n               data-thumbnail=\"https:\/\/www.mobilduenne.it\/wp-content\/gallery\/ballerina\/thumbs\/thumbs_BALLERINA-26-2.jpg\"\n               data-image-id=\"1863\"\n               data-title=\"BALLERINA-26-2\"\n               data-description=\"BALLERINA-26\"\n               data-image-slug=\"ballerina-26-2\"\n               class=\"ngg-fancybox\" rel=\"41cdff5265806cf460693c2e718f1d8e\">\n                <img\n                    title=\"BALLERINA-26-2\"\n                    alt=\"BALLERINA-26-2\"\n                    src=\"https:\/\/www.mobilduenne.it\/wp-content\/gallery\/ballerina\/thumbs\/thumbs_BALLERINA-26-2.jpg\"\n                    width=\"240\"\n                    height=\"160\"\n                    style=\"max-width:100%;\"\n                \/>\n            <\/a>\n        <\/div>\n\t\t\t\t\t\t\t<\/div> \n\t\t\t\n\t\n\t<br style=\"clear: both\" \/>\n\n\t\n\t\t<!-- Pagination -->\n\t<div class='ngg-clear'><\/div>\t<\/div>\n[\/vc_column_text][\/vc_column][\/vc_row][\/vc_section]<\/p>\n","protected":false},"excerpt":{"rendered":"<p>[vc_section][vc_row][vc_column width=\u00a0\u00bb1\/2&Prime;][vc_custom_heading text=\u00a0\u00bbNucci\u00a0\u00bb font_container=\u00a0\u00bbtag:h6|font_size:25px|text_align:left|color:%23dddddd\u00a0\u00bb google_fonts=\u00a0\u00bbfont_family:Montserrat%3A100%2C100italic%2C200%2C200italic%2C300%2C300italic%2Cregular%2Citalic%2C500%2C500italic%2C600%2C600italic%2C700%2C700italic%2C800%2C800italic%2C900%2C900italic|font_style:400%20regular%3A400%3Anormal\u00a0\u00bb text_transform=\u00a0\u00bbuppercase\u00a0\u00bb css=\u00a0\u00bb.vc_custom_1718278645369{margin-bottom: 10px !important;}\u00a0\u00bb][vc_row_inner][vc_column_inner][vc_separator align=\u00a0\u00bbalign_left\u00a0\u00bb][vc_separator align=\u00a0\u00bbalign_left\u00a0\u00bb][\/vc_column_inner][\/vc_row_inner][\/vc_column][vc_column width=\u00a0\u00bb1\/2&Prime;][\/vc_column][\/vc_row][vc_row][vc_column][vc_column_text] [\/vc_column_text][\/vc_column][\/vc_row][\/vc_section]<\/p>\n","protected":false},"author":979,"featured_media":0,"parent":0,"menu_order":0,"comment_status":"closed","ping_status":"closed","template":"","meta":{"ngg_post_thumbnail":0},"_links":{"self":[{"href":"https:\/\/www.mobilduenne.it\/fr\/wp-json\/wp\/v2\/pages\/21729"}],"collection":[{"href":"https:\/\/www.mobilduenne.it\/fr\/wp-json\/wp\/v2\/pages"}],"about":[{"href":"https:\/\/www.mobilduenne.it\/fr\/wp-json\/wp\/v2\/types\/page"}],"author":[{"embeddable":true,"href":"https:\/\/www.mobilduenne.it\/fr\/wp-json\/wp\/v2\/users\/979"}],"replies":[{"embeddable":true,"href":"https:\/\/www.mobilduenne.it\/fr\/wp-json\/wp\/v2\/comments?post=21729"}],"version-history":[{"count":2,"href":"https:\/\/www.mobilduenne.it\/fr\/wp-json\/wp\/v2\/pages\/21729\/revisions"}],"predecessor-version":[{"id":21732,"href":"https:\/\/www.mobilduenne.it\/fr\/wp-json\/wp\/v2\/pages\/21729\/revisions\/21732"}],"wp:attachment":[{"href":"https:\/\/www.mobilduenne.it\/fr\/wp-json\/wp\/v2\/media?parent=21729"}],"curies":[{"name":"wp","href":"https:\/\/api.w.org\/{rel}","templated":true}]}}