{"id":21714,"date":"2025-08-28T14:11:43","date_gmt":"2025-08-28T12:11:43","guid":{"rendered":"https:\/\/www.mobilduenne.it\/gola-continua\/"},"modified":"2025-08-28T14:11:44","modified_gmt":"2025-08-28T12:11:44","slug":"gola-continua","status":"publish","type":"page","link":"https:\/\/www.mobilduenne.it\/fr\/gola-continua\/","title":{"rendered":"Gola continua"},"content":{"rendered":"<p>[vc_section][vc_row][vc_column width=\u00a0\u00bb1\/2&Prime;][vc_custom_heading text=\u00a0\u00bbNucci\u00a0\u00bb font_container=\u00a0\u00bbtag:h6|font_size:25px|text_align:left|color:%23dddddd\u00a0\u00bb google_fonts=\u00a0\u00bbfont_family:Montserrat%3A100%2C100italic%2C200%2C200italic%2C300%2C300italic%2Cregular%2Citalic%2C500%2C500italic%2C600%2C600italic%2C700%2C700italic%2C800%2C800italic%2C900%2C900italic|font_style:400%20regular%3A400%3Anormal\u00a0\u00bb text_transform=\u00a0\u00bbuppercase\u00a0\u00bb css=\u00a0\u00bb.vc_custom_1718278645369{margin-bottom: 10px !important;}\u00a0\u00bb]<div class=\"wpb_content_element \"><style type=\"text\/css\">#ut_header_69e2fc1063e9b h2.section-title, #ut_header_69e2fc1063e9b h2.section-title span { color:#252525; }#ut_header_69e2fc1063e9b h2.section-title{ font-family:Montserrat;font-weight:400;font-style:normal; }<\/style><header id=\"ut_header_69e2fc1063e9b\" class=\"section-header ut-no-title-linebreak-mobile ut-no-lead-linebreak-mobile pt-style-7 header-left header-tablet-left header-mobile-center\"><h2 data-title=\"\/ Gola continua\"  class=\"section-title  \"><span>\/ Gola continua<\/span><\/h2><div data-delay=\"0\" class=\"lead \"><p>Gola Continua est un bandeau qui parcourt le meuble en en d\u00e9finissant pr\u00e9cis\u00e9ment les contours. Bien que la structure soit compos\u00e9e de modules, la gorge dissimule les jonctions, offrant ainsi l\u2019image d\u2019un volume compact et continu. Elle peut \u00eatre appliqu\u00e9e sur un, deux ou trois c\u00f4t\u00e9s, dessinant un encadrement graphique qui peut se d\u00e9tacher en contraste ou se fondre dans la composition.<\/p>\n<\/div><\/header><\/div>[vc_row_inner][vc_column_inner]<div class=\"wpb_content_element \"><style type=\"text\/css\">#ut_header_69e2fc1065050 h4.section-title, #ut_header_69e2fc1065050 h4.section-title span { color:#252525; }#ut_header_69e2fc1065050 h4.section-title{ font-family:Montserrat;font-weight:400;font-style:normal; }#ut_header_69e2fc1065050 h4.section-title { font-size: 24px; }<\/style><header id=\"ut_header_69e2fc1065050\" class=\"section-header ut-no-title-linebreak-mobile ut-no-lead-linebreak-mobile pt-style-7 header-left header-tablet-left header-mobile-center\"><h4 data-title=\"CARACT\u00c9RISTIQUES\"  class=\"section-title  \"><span>CARACT\u00c9RISTIQUES<\/span><\/h4><div data-delay=\"0\" class=\"lead \"><p>Enti\u00e8rement personnalisable dans les couleurs<br \/>\nlaqu\u00e9es ou les finitions bois, elle s\u2019adapte \u00e0 tous les langages de projet. Compatible<br \/>\navec les syst\u00e8mes Gola 1, Gola 2 et Gola Tratto.<\/p>\n<\/div><\/header><\/div>[vc_separator align=\u00a0\u00bbalign_left\u00a0\u00bb]<style type=\"text\/css\">#ut_custom_heading69e2fc1065b2a a { color:rgba(134, 134, 134, 0.47); }#ut_custom_heading69e2fc1065b2a { font-family:Montserrat;font-weight:400;font-style:normal; }#ut_custom_heading69e2fc1065b2a { text-align:left; }@media (min-width: 768px) and (max-width: 1024px) { #ut_custom_heading69e2fc1065b2a { text-align:left; } }@media (max-width: 767px) { #ut_custom_heading69e2fc1065b2a { text-align:left; } }<\/style><h4 id=\"ut_custom_heading69e2fc1065b2a\" class=\"ut-custom-heading-module  \" ><span class=\"\" ><a title=\"Nucci 2025\" href=\"https:\/\/www.sfogliami.it\/fl\/318056\/1bzbht5cyrcz3q6r7kmdfdbg6t3r7tnv\" target=\" _blank\" ><span class=\"tlid-translation translation\" lang=\"fr\"><span class=\"\" title=\"\">CATALOGUE PDF<\/span><\/span><\/a><\/span><\/h4>[vc_separator align=\u00a0\u00bbalign_left\u00a0\u00bb][\/vc_column_inner][\/vc_row_inner][\/vc_column][vc_column width=\u00a0\u00bb1\/2&Prime;]<div data-cursor-skin=\"global\" class=\"wpb_content_element   clearfix\"><style type=\"text\/css\">#ut_am_69e2fc1065fc5 { opacity: 1; }#ut_am_wrap_69e2fc1065fc6 .ut-image-gallery-item-caption-title h3 { letter-spacing: 0em; }#ut_am_wrap_69e2fc1065fc6 .ut-gallery-slider-caption { font-weight: bold; }#ut_am_wrap_69e2fc1065fc6 { text-align: left; }@media (min-width: 768px) and (max-width: 1024px) { #ut_am_wrap_69e2fc1065fc6 { text-align: left !important; } }@media (max-width: 767px) { #ut_am_wrap_69e2fc1065fc6 { text-align: left !important; } }<\/style><div id=\"ut_am_wrap_69e2fc1065fc6\" class=\"ut-image-gallery-image \"><div id=\"ut_reveal_69e2fc1065fc7\"  data-appear-top-offset=\"auto\" class=\"ut-animated-image-item ut-image-gallery-item ut-animation-done \"><a class=\"ut-deactivated-link\" href=\"#\"><div class=\"ut-animated-image-zoom\"><img class=\"ut-lazy skip-lazy ut-animated-image\"  id=\"ut_am_69e2fc1065fc5\" src=\"data:image\/svg+xml;charset=utf-8,%3Csvg xmlns%3D'http%3A%2F%2Fwww.w3.org%2F2000%2Fsvg' viewBox%3D'0 0 1071 1500'%2F%3E\" data-src=\"https:\/\/www.mobilduenne.it\/wp-content\/uploads\/2025\/08\/GOLA-CONTINUA-28-2.jpg\" width=\"1071\" height=\"1500\" alt=\"\"\/><\/div><\/a><\/div><\/div><\/div>[\/vc_column][\/vc_row][vc_row][vc_column][vc_column_text]<\/p>\n<p><!-- default-view.php -->\n<div\n\tclass=\"ngg-galleryoverview default-view \"\n\tid=\"ngg-gallery-2943a8749fea6fa38de0141e06992d8d-1\">\n\n\t\t<!-- Thumbnails -->\n\t\t\t\t<div id=\"ngg-image-0\" class=\"ngg-gallery-thumbnail-box \" >\n\t\t\t\t        <div class=\"ngg-gallery-thumbnail\">\n            <a href=\"https:\/\/www.mobilduenne.it\/wp-content\/gallery\/gola-continua\/GOLA-CONTINUA-27-1.jpg\"\n               title=\"GOLA-CONTINUA-27\"\n               data-src=\"https:\/\/www.mobilduenne.it\/wp-content\/gallery\/gola-continua\/GOLA-CONTINUA-27-1.jpg\"\n               data-thumbnail=\"https:\/\/www.mobilduenne.it\/wp-content\/gallery\/gola-continua\/thumbs\/thumbs_GOLA-CONTINUA-27-1.jpg\"\n               data-image-id=\"1887\"\n               data-title=\"GOLA-CONTINUA-27-1\"\n               data-description=\"GOLA-CONTINUA-27\"\n               data-image-slug=\"gola-continua-27-1\"\n               class=\"ngg-fancybox\" rel=\"2943a8749fea6fa38de0141e06992d8d\">\n                <img\n                    title=\"GOLA-CONTINUA-27-1\"\n                    alt=\"GOLA-CONTINUA-27-1\"\n                    src=\"https:\/\/www.mobilduenne.it\/wp-content\/gallery\/gola-continua\/thumbs\/thumbs_GOLA-CONTINUA-27-1.jpg\"\n                    width=\"240\"\n                    height=\"160\"\n                    style=\"max-width:100%;\"\n                \/>\n            <\/a>\n        <\/div>\n\t\t\t\t\t\t\t<\/div> \n\t\t\t\n\t\t\t\t<div id=\"ngg-image-1\" class=\"ngg-gallery-thumbnail-box \" >\n\t\t\t\t        <div class=\"ngg-gallery-thumbnail\">\n            <a href=\"https:\/\/www.mobilduenne.it\/wp-content\/gallery\/gola-continua\/GOLA-CONTINUA-27-2.jpg\"\n               title=\"GOLA-CONTINUA-27\"\n               data-src=\"https:\/\/www.mobilduenne.it\/wp-content\/gallery\/gola-continua\/GOLA-CONTINUA-27-2.jpg\"\n               data-thumbnail=\"https:\/\/www.mobilduenne.it\/wp-content\/gallery\/gola-continua\/thumbs\/thumbs_GOLA-CONTINUA-27-2.jpg\"\n               data-image-id=\"1892\"\n               data-title=\"GOLA-CONTINUA-27-2\"\n               data-description=\"GOLA-CONTINUA-27\"\n               data-image-slug=\"gola-continua-27-2\"\n               class=\"ngg-fancybox\" rel=\"2943a8749fea6fa38de0141e06992d8d\">\n                <img\n                    title=\"GOLA-CONTINUA-27-2\"\n                    alt=\"GOLA-CONTINUA-27-2\"\n                    src=\"https:\/\/www.mobilduenne.it\/wp-content\/gallery\/gola-continua\/thumbs\/thumbs_GOLA-CONTINUA-27-2.jpg\"\n                    width=\"240\"\n                    height=\"160\"\n                    style=\"max-width:100%;\"\n                \/>\n            <\/a>\n        <\/div>\n\t\t\t\t\t\t\t<\/div> \n\t\t\t\n\t\t\t\t<div id=\"ngg-image-2\" class=\"ngg-gallery-thumbnail-box \" >\n\t\t\t\t        <div class=\"ngg-gallery-thumbnail\">\n            <a href=\"https:\/\/www.mobilduenne.it\/wp-content\/gallery\/gola-continua\/GOLA-CONTINUA-27-3.jpg\"\n               title=\"GOLA-CONTINUA-27\"\n               data-src=\"https:\/\/www.mobilduenne.it\/wp-content\/gallery\/gola-continua\/GOLA-CONTINUA-27-3.jpg\"\n               data-thumbnail=\"https:\/\/www.mobilduenne.it\/wp-content\/gallery\/gola-continua\/thumbs\/thumbs_GOLA-CONTINUA-27-3.jpg\"\n               data-image-id=\"1886\"\n               data-title=\"GOLA-CONTINUA-27-3\"\n               data-description=\"GOLA-CONTINUA-27\"\n               data-image-slug=\"gola-continua-27-3\"\n               class=\"ngg-fancybox\" rel=\"2943a8749fea6fa38de0141e06992d8d\">\n                <img\n                    title=\"GOLA-CONTINUA-27-3\"\n                    alt=\"GOLA-CONTINUA-27-3\"\n                    src=\"https:\/\/www.mobilduenne.it\/wp-content\/gallery\/gola-continua\/thumbs\/thumbs_GOLA-CONTINUA-27-3.jpg\"\n                    width=\"240\"\n                    height=\"160\"\n                    style=\"max-width:100%;\"\n                \/>\n            <\/a>\n        <\/div>\n\t\t\t\t\t\t\t<\/div> \n\t\t\t\n\t\t\t\t<div id=\"ngg-image-3\" class=\"ngg-gallery-thumbnail-box \" >\n\t\t\t\t        <div class=\"ngg-gallery-thumbnail\">\n            <a href=\"https:\/\/www.mobilduenne.it\/wp-content\/gallery\/gola-continua\/GOLA-CONTINUA-28-3.jpg\"\n               title=\"GOLA-CONTINUA-28\"\n               data-src=\"https:\/\/www.mobilduenne.it\/wp-content\/gallery\/gola-continua\/GOLA-CONTINUA-28-3.jpg\"\n               data-thumbnail=\"https:\/\/www.mobilduenne.it\/wp-content\/gallery\/gola-continua\/thumbs\/thumbs_GOLA-CONTINUA-28-3.jpg\"\n               data-image-id=\"1888\"\n               data-title=\"GOLA-CONTINUA-28-3\"\n               data-description=\"GOLA-CONTINUA-28\"\n               data-image-slug=\"gola-continua-28-3\"\n               class=\"ngg-fancybox\" rel=\"2943a8749fea6fa38de0141e06992d8d\">\n                <img\n                    title=\"GOLA-CONTINUA-28-3\"\n                    alt=\"GOLA-CONTINUA-28-3\"\n                    src=\"https:\/\/www.mobilduenne.it\/wp-content\/gallery\/gola-continua\/thumbs\/thumbs_GOLA-CONTINUA-28-3.jpg\"\n                    width=\"240\"\n                    height=\"160\"\n                    style=\"max-width:100%;\"\n                \/>\n            <\/a>\n        <\/div>\n\t\t\t\t\t\t\t<\/div> \n\t\t\t\n\t\t\t\t<div id=\"ngg-image-4\" class=\"ngg-gallery-thumbnail-box \" >\n\t\t\t\t        <div class=\"ngg-gallery-thumbnail\">\n            <a href=\"https:\/\/www.mobilduenne.it\/wp-content\/gallery\/gola-continua\/GOLA-CONTINUA-28-1.jpg\"\n               title=\"GOLA-CONTINUA-28\"\n               data-src=\"https:\/\/www.mobilduenne.it\/wp-content\/gallery\/gola-continua\/GOLA-CONTINUA-28-1.jpg\"\n               data-thumbnail=\"https:\/\/www.mobilduenne.it\/wp-content\/gallery\/gola-continua\/thumbs\/thumbs_GOLA-CONTINUA-28-1.jpg\"\n               data-image-id=\"1891\"\n               data-title=\"GOLA-CONTINUA-28-1\"\n               data-description=\"GOLA-CONTINUA-28\"\n               data-image-slug=\"gola-continua-28-1\"\n               class=\"ngg-fancybox\" rel=\"2943a8749fea6fa38de0141e06992d8d\">\n                <img\n                    title=\"GOLA-CONTINUA-28-1\"\n                    alt=\"GOLA-CONTINUA-28-1\"\n                    src=\"https:\/\/www.mobilduenne.it\/wp-content\/gallery\/gola-continua\/thumbs\/thumbs_GOLA-CONTINUA-28-1.jpg\"\n                    width=\"240\"\n                    height=\"160\"\n                    style=\"max-width:100%;\"\n                \/>\n            <\/a>\n        <\/div>\n\t\t\t\t\t\t\t<\/div> \n\t\t\t\n\t\t\t\t<div id=\"ngg-image-5\" class=\"ngg-gallery-thumbnail-box \" >\n\t\t\t\t        <div class=\"ngg-gallery-thumbnail\">\n            <a href=\"https:\/\/www.mobilduenne.it\/wp-content\/gallery\/gola-continua\/GOLA-CONTINUA-28-2.jpg\"\n               title=\"GOLA-CONTINUA-28\"\n               data-src=\"https:\/\/www.mobilduenne.it\/wp-content\/gallery\/gola-continua\/GOLA-CONTINUA-28-2.jpg\"\n               data-thumbnail=\"https:\/\/www.mobilduenne.it\/wp-content\/gallery\/gola-continua\/thumbs\/thumbs_GOLA-CONTINUA-28-2.jpg\"\n               data-image-id=\"1890\"\n               data-title=\"GOLA-CONTINUA-28-2\"\n               data-description=\"GOLA-CONTINUA-28\"\n               data-image-slug=\"gola-continua-28-2\"\n               class=\"ngg-fancybox\" rel=\"2943a8749fea6fa38de0141e06992d8d\">\n                <img\n                    title=\"GOLA-CONTINUA-28-2\"\n                    alt=\"GOLA-CONTINUA-28-2\"\n                    src=\"https:\/\/www.mobilduenne.it\/wp-content\/gallery\/gola-continua\/thumbs\/thumbs_GOLA-CONTINUA-28-2.jpg\"\n                    width=\"240\"\n                    height=\"160\"\n                    style=\"max-width:100%;\"\n                \/>\n            <\/a>\n        <\/div>\n\t\t\t\t\t\t\t<\/div> \n\t\t\t\n\t\t\t\t<div id=\"ngg-image-6\" class=\"ngg-gallery-thumbnail-box \" >\n\t\t\t\t        <div class=\"ngg-gallery-thumbnail\">\n            <a href=\"https:\/\/www.mobilduenne.it\/wp-content\/gallery\/gola-continua\/GOLA-CONTINUA-29-1.jpg\"\n               title=\"GOLA-CONTINUA-29\"\n               data-src=\"https:\/\/www.mobilduenne.it\/wp-content\/gallery\/gola-continua\/GOLA-CONTINUA-29-1.jpg\"\n               data-thumbnail=\"https:\/\/www.mobilduenne.it\/wp-content\/gallery\/gola-continua\/thumbs\/thumbs_GOLA-CONTINUA-29-1.jpg\"\n               data-image-id=\"1889\"\n               data-title=\"GOLA-CONTINUA-29-1\"\n               data-description=\"GOLA-CONTINUA-29\"\n               data-image-slug=\"gola-continua-29-1\"\n               class=\"ngg-fancybox\" rel=\"2943a8749fea6fa38de0141e06992d8d\">\n                <img\n                    title=\"GOLA-CONTINUA-29-1\"\n                    alt=\"GOLA-CONTINUA-29-1\"\n                    src=\"https:\/\/www.mobilduenne.it\/wp-content\/gallery\/gola-continua\/thumbs\/thumbs_GOLA-CONTINUA-29-1.jpg\"\n                    width=\"240\"\n                    height=\"160\"\n                    style=\"max-width:100%;\"\n                \/>\n            <\/a>\n        <\/div>\n\t\t\t\t\t\t\t<\/div> \n\t\t\t\n\t\t\t\t<div id=\"ngg-image-7\" class=\"ngg-gallery-thumbnail-box \" >\n\t\t\t\t        <div class=\"ngg-gallery-thumbnail\">\n            <a href=\"https:\/\/www.mobilduenne.it\/wp-content\/gallery\/gola-continua\/GOLA-CONTINUA-29-2.jpg\"\n               title=\"GOLA-CONTINUA-29\"\n               data-src=\"https:\/\/www.mobilduenne.it\/wp-content\/gallery\/gola-continua\/GOLA-CONTINUA-29-2.jpg\"\n               data-thumbnail=\"https:\/\/www.mobilduenne.it\/wp-content\/gallery\/gola-continua\/thumbs\/thumbs_GOLA-CONTINUA-29-2.jpg\"\n               data-image-id=\"1894\"\n               data-title=\"GOLA-CONTINUA-29-2\"\n               data-description=\"GOLA-CONTINUA-29\"\n               data-image-slug=\"gola-continua-29-2\"\n               class=\"ngg-fancybox\" rel=\"2943a8749fea6fa38de0141e06992d8d\">\n                <img\n                    title=\"GOLA-CONTINUA-29-2\"\n                    alt=\"GOLA-CONTINUA-29-2\"\n                    src=\"https:\/\/www.mobilduenne.it\/wp-content\/gallery\/gola-continua\/thumbs\/thumbs_GOLA-CONTINUA-29-2.jpg\"\n                    width=\"240\"\n                    height=\"160\"\n                    style=\"max-width:100%;\"\n                \/>\n            <\/a>\n        <\/div>\n\t\t\t\t\t\t\t<\/div> \n\t\t\t\n\t\t\t\t<div id=\"ngg-image-8\" class=\"ngg-gallery-thumbnail-box \" >\n\t\t\t\t        <div class=\"ngg-gallery-thumbnail\">\n            <a href=\"https:\/\/www.mobilduenne.it\/wp-content\/gallery\/gola-continua\/GOLA-CONTINUA-29-3.jpg\"\n               title=\"GOLA-CONTINUA-29\"\n               data-src=\"https:\/\/www.mobilduenne.it\/wp-content\/gallery\/gola-continua\/GOLA-CONTINUA-29-3.jpg\"\n               data-thumbnail=\"https:\/\/www.mobilduenne.it\/wp-content\/gallery\/gola-continua\/thumbs\/thumbs_GOLA-CONTINUA-29-3.jpg\"\n               data-image-id=\"1893\"\n               data-title=\"GOLA-CONTINUA-29-3\"\n               data-description=\"GOLA-CONTINUA-29\"\n               data-image-slug=\"gola-continua-29-3\"\n               class=\"ngg-fancybox\" rel=\"2943a8749fea6fa38de0141e06992d8d\">\n                <img\n                    title=\"GOLA-CONTINUA-29-3\"\n                    alt=\"GOLA-CONTINUA-29-3\"\n                    src=\"https:\/\/www.mobilduenne.it\/wp-content\/gallery\/gola-continua\/thumbs\/thumbs_GOLA-CONTINUA-29-3.jpg\"\n                    width=\"240\"\n                    height=\"160\"\n                    style=\"max-width:100%;\"\n                \/>\n            <\/a>\n        <\/div>\n\t\t\t\t\t\t\t<\/div> \n\t\t\t\n\t\n\t<br style=\"clear: both\" \/>\n\n\t\n\t\t<!-- Pagination -->\n\t<div class='ngg-clear'><\/div>\t<\/div>\n[\/vc_column_text][\/vc_column][\/vc_row][\/vc_section]<\/p>\n","protected":false},"excerpt":{"rendered":"<p>[vc_section][vc_row][vc_column width=\u00a0\u00bb1\/2&Prime;][vc_custom_heading text=\u00a0\u00bbNucci\u00a0\u00bb font_container=\u00a0\u00bbtag:h6|font_size:25px|text_align:left|color:%23dddddd\u00a0\u00bb google_fonts=\u00a0\u00bbfont_family:Montserrat%3A100%2C100italic%2C200%2C200italic%2C300%2C300italic%2Cregular%2Citalic%2C500%2C500italic%2C600%2C600italic%2C700%2C700italic%2C800%2C800italic%2C900%2C900italic|font_style:400%20regular%3A400%3Anormal\u00a0\u00bb text_transform=\u00a0\u00bbuppercase\u00a0\u00bb css=\u00a0\u00bb.vc_custom_1718278645369{margin-bottom: 10px !important;}\u00a0\u00bb][vc_row_inner][vc_column_inner][vc_separator align=\u00a0\u00bbalign_left\u00a0\u00bb][vc_separator align=\u00a0\u00bbalign_left\u00a0\u00bb][\/vc_column_inner][\/vc_row_inner][\/vc_column][vc_column width=\u00a0\u00bb1\/2&Prime;][\/vc_column][\/vc_row][vc_row][vc_column][vc_column_text] [\/vc_column_text][\/vc_column][\/vc_row][\/vc_section]<\/p>\n","protected":false},"author":979,"featured_media":0,"parent":0,"menu_order":0,"comment_status":"closed","ping_status":"closed","template":"","meta":{"ngg_post_thumbnail":0},"_links":{"self":[{"href":"https:\/\/www.mobilduenne.it\/fr\/wp-json\/wp\/v2\/pages\/21714"}],"collection":[{"href":"https:\/\/www.mobilduenne.it\/fr\/wp-json\/wp\/v2\/pages"}],"about":[{"href":"https:\/\/www.mobilduenne.it\/fr\/wp-json\/wp\/v2\/types\/page"}],"author":[{"embeddable":true,"href":"https:\/\/www.mobilduenne.it\/fr\/wp-json\/wp\/v2\/users\/979"}],"replies":[{"embeddable":true,"href":"https:\/\/www.mobilduenne.it\/fr\/wp-json\/wp\/v2\/comments?post=21714"}],"version-history":[{"count":2,"href":"https:\/\/www.mobilduenne.it\/fr\/wp-json\/wp\/v2\/pages\/21714\/revisions"}],"predecessor-version":[{"id":21717,"href":"https:\/\/www.mobilduenne.it\/fr\/wp-json\/wp\/v2\/pages\/21714\/revisions\/21717"}],"wp:attachment":[{"href":"https:\/\/www.mobilduenne.it\/fr\/wp-json\/wp\/v2\/media?parent=21714"}],"curies":[{"name":"wp","href":"https:\/\/api.w.org\/{rel}","templated":true}]}}