{"id":21686,"date":"2025-08-28T14:02:28","date_gmt":"2025-08-28T12:02:28","guid":{"rendered":"https:\/\/www.mobilduenne.it\/angolo\/"},"modified":"2025-08-28T14:02:33","modified_gmt":"2025-08-28T12:02:33","slug":"angolo","status":"publish","type":"page","link":"https:\/\/www.mobilduenne.it\/fr\/angolo\/","title":{"rendered":"Angolo"},"content":{"rendered":"<p>[vc_section][vc_row][vc_column width=\u00a0\u00bb1\/2&Prime;][vc_custom_heading text=\u00a0\u00bbNucci\u00a0\u00bb font_container=\u00a0\u00bbtag:h6|font_size:25px|text_align:left|color:%23dddddd\u00a0\u00bb google_fonts=\u00a0\u00bbfont_family:Montserrat%3A100%2C100italic%2C200%2C200italic%2C300%2C300italic%2Cregular%2Citalic%2C500%2C500italic%2C600%2C600italic%2C700%2C700italic%2C800%2C800italic%2C900%2C900italic|font_style:400%20regular%3A400%3Anormal\u00a0\u00bb text_transform=\u00a0\u00bbuppercase\u00a0\u00bb css=\u00a0\u00bb.vc_custom_1718278645369{margin-bottom: 10px !important;}\u00a0\u00bb]<div class=\"wpb_content_element \"><style type=\"text\/css\">#ut_header_69e31192eff9e h2.section-title, #ut_header_69e31192eff9e h2.section-title span { color:#252525; }#ut_header_69e31192eff9e h2.section-title{ font-family:Montserrat;font-weight:400;font-style:normal; }<\/style><header id=\"ut_header_69e31192eff9e\" class=\"section-header ut-no-title-linebreak-mobile ut-no-lead-linebreak-mobile pt-style-7 header-left header-tablet-left header-mobile-center\"><h2 data-title=\"\/ Angolo\"  class=\"section-title  \"><span>\/ Angolo<\/span><\/h2><div data-delay=\"0\" class=\"lead \"><\/p>\n<p>La collection Angolo pr\u00e9sente un design distinctif avec des d\u00e9coupes \u00e0 45 degr\u00e9s sur chacun de ses c\u00f4t\u00e9s, cr\u00e9ant une continuit\u00e9 visuelle harmonieuse qui marie l\u2019esth\u00e9tique et la fonctionnalit\u00e9. Cette collection offre la flexibilit\u00e9 de choisir entre du bois massif et des finitions laqu\u00e9es, permettant une personnalisation selon les pr\u00e9f\u00e9rences individuelles.<\/p>\n<p>\n<\/div><\/header><\/div>[vc_row_inner][vc_column_inner]<div class=\"wpb_content_element \"><style type=\"text\/css\">#ut_header_69e31192f10ff h4.section-title, #ut_header_69e31192f10ff h4.section-title span { color:#252525; }#ut_header_69e31192f10ff h4.section-title{ font-family:Montserrat;font-weight:400;font-style:normal; }#ut_header_69e31192f10ff h4.section-title { font-size: 24px; }<\/style><header id=\"ut_header_69e31192f10ff\" class=\"section-header ut-no-title-linebreak-mobile ut-no-lead-linebreak-mobile pt-style-7 header-left header-tablet-left header-mobile-center\"><h4 data-title=\"CARACT\u00c9RISTIQUES\"  class=\"section-title  \"><span>CARACT\u00c9RISTIQUES<\/span><\/h4><div data-delay=\"0\" class=\"lead \"><\/p>\n<p>Actuellement, la gamme comprend une option d\u2019ouverture sans poign\u00e9e \u2018Gola 2\u2019, qui rappelle les lignes du design gr\u00e2ce \u00e0 la d\u00e9coupe inclin\u00e9e.<\/p>\n<p>\n<\/div><\/header><\/div>[vc_separator align=\u00a0\u00bbalign_left\u00a0\u00bb]<style type=\"text\/css\">#ut_custom_heading69e31192f1bd8 a { color:rgba(134, 134, 134, 0.47); }#ut_custom_heading69e31192f1bd8 { font-family:Montserrat;font-weight:400;font-style:normal; }#ut_custom_heading69e31192f1bd8 { text-align:left; }@media (min-width: 768px) and (max-width: 1024px) { #ut_custom_heading69e31192f1bd8 { text-align:left; } }@media (max-width: 767px) { #ut_custom_heading69e31192f1bd8 { text-align:left; } }<\/style><h4 id=\"ut_custom_heading69e31192f1bd8\" class=\"ut-custom-heading-module  \" ><span class=\"\" ><a title=\"Nucci 2025\" href=\"https:\/\/www.sfogliami.it\/fl\/318056\/1bzbht5cyrcz3q6r7kmdfdbg6t3r7tnv\" target=\" _blank\" ><\/p>\n<p><span class=\"tlid-translation translation\" lang=\"fr\"><span class=\"\" title=\"\">CATALOGUE PDF<\/span><\/span><\/p>\n<p><\/a><\/span><\/h4>[vc_separator align=\u00a0\u00bbalign_left\u00a0\u00bb][\/vc_column_inner][\/vc_row_inner][\/vc_column][vc_column width=\u00a0\u00bb1\/2&Prime;]<div data-cursor-skin=\"global\" class=\"wpb_content_element   clearfix\"><style type=\"text\/css\">#ut_am_69e31192f1eec { opacity: 1; }#ut_am_wrap_69e31192f1eed .ut-image-gallery-item-caption-title h3 { letter-spacing: 0em; }#ut_am_wrap_69e31192f1eed .ut-gallery-slider-caption { font-weight: bold; }#ut_am_wrap_69e31192f1eed { text-align: left; }@media (min-width: 768px) and (max-width: 1024px) { #ut_am_wrap_69e31192f1eed { text-align: left !important; } }@media (max-width: 767px) { #ut_am_wrap_69e31192f1eed { text-align: left !important; } }<\/style><div id=\"ut_am_wrap_69e31192f1eed\" class=\"ut-image-gallery-image \"><div id=\"ut_reveal_69e31192f1eee\"  data-appear-top-offset=\"auto\" class=\"ut-animated-image-item ut-image-gallery-item ut-animation-done \"><a class=\"ut-deactivated-link\" href=\"#\"><div class=\"ut-animated-image-zoom\"><img class=\"ut-lazy skip-lazy ut-animated-image\"  id=\"ut_am_69e31192f1eec\" src=\"data:image\/svg+xml;charset=utf-8,%3Csvg xmlns%3D'http%3A%2F%2Fwww.w3.org%2F2000%2Fsvg' viewBox%3D'0 0 1071 1500'%2F%3E\" data-src=\"https:\/\/www.mobilduenne.it\/wp-content\/uploads\/2025\/08\/ANGOLO-16-3.jpg\" width=\"1071\" height=\"1500\" alt=\"\"\/><\/div><\/a><\/div><\/div><\/div>[\/vc_column][\/vc_row][vc_row][vc_column][vc_column_text]<\/p>\n<p><!-- default-view.php -->\n<div\n\tclass=\"ngg-galleryoverview default-view \"\n\tid=\"ngg-gallery-e9c2610397190a8e49ba97648892a3be-1\">\n\n\t\t<!-- Thumbnails -->\n\t\t\t\t<div id=\"ngg-image-0\" class=\"ngg-gallery-thumbnail-box \" >\n\t\t\t\t        <div class=\"ngg-gallery-thumbnail\">\n            <a href=\"https:\/\/www.mobilduenne.it\/wp-content\/gallery\/angolo\/ANGOLO-16-3.jpg\"\n               title=\"ANGOLO-16\"\n               data-src=\"https:\/\/www.mobilduenne.it\/wp-content\/gallery\/angolo\/ANGOLO-16-3.jpg\"\n               data-thumbnail=\"https:\/\/www.mobilduenne.it\/wp-content\/gallery\/angolo\/thumbs\/thumbs_ANGOLO-16-3.jpg\"\n               data-image-id=\"1883\"\n               data-title=\"ANGOLO-16-3\"\n               data-description=\"ANGOLO-16\"\n               data-image-slug=\"angolo-16-3\"\n               class=\"ngg-fancybox\" rel=\"e9c2610397190a8e49ba97648892a3be\">\n                <img\n                    title=\"ANGOLO-16-3\"\n                    alt=\"ANGOLO-16-3\"\n                    src=\"https:\/\/www.mobilduenne.it\/wp-content\/gallery\/angolo\/thumbs\/thumbs_ANGOLO-16-3.jpg\"\n                    width=\"240\"\n                    height=\"160\"\n                    style=\"max-width:100%;\"\n                \/>\n            <\/a>\n        <\/div>\n\t\t\t\t\t\t\t<\/div> \n\t\t\t\n\t\t\t\t<div id=\"ngg-image-1\" class=\"ngg-gallery-thumbnail-box \" >\n\t\t\t\t        <div class=\"ngg-gallery-thumbnail\">\n            <a href=\"https:\/\/www.mobilduenne.it\/wp-content\/gallery\/angolo\/ANGOLO-16-2.jpg\"\n               title=\"ANGOLO-16\"\n               data-src=\"https:\/\/www.mobilduenne.it\/wp-content\/gallery\/angolo\/ANGOLO-16-2.jpg\"\n               data-thumbnail=\"https:\/\/www.mobilduenne.it\/wp-content\/gallery\/angolo\/thumbs\/thumbs_ANGOLO-16-2.jpg\"\n               data-image-id=\"1884\"\n               data-title=\"ANGOLO-16-2\"\n               data-description=\"ANGOLO-16\"\n               data-image-slug=\"angolo-16-2\"\n               class=\"ngg-fancybox\" rel=\"e9c2610397190a8e49ba97648892a3be\">\n                <img\n                    title=\"ANGOLO-16-2\"\n                    alt=\"ANGOLO-16-2\"\n                    src=\"https:\/\/www.mobilduenne.it\/wp-content\/gallery\/angolo\/thumbs\/thumbs_ANGOLO-16-2.jpg\"\n                    width=\"240\"\n                    height=\"160\"\n                    style=\"max-width:100%;\"\n                \/>\n            <\/a>\n        <\/div>\n\t\t\t\t\t\t\t<\/div> \n\t\t\t\n\t\t\t\t<div id=\"ngg-image-2\" class=\"ngg-gallery-thumbnail-box \" >\n\t\t\t\t        <div class=\"ngg-gallery-thumbnail\">\n            <a href=\"https:\/\/www.mobilduenne.it\/wp-content\/gallery\/angolo\/ANGOLO-16-1.jpg\"\n               title=\"ANGOLO-16\"\n               data-src=\"https:\/\/www.mobilduenne.it\/wp-content\/gallery\/angolo\/ANGOLO-16-1.jpg\"\n               data-thumbnail=\"https:\/\/www.mobilduenne.it\/wp-content\/gallery\/angolo\/thumbs\/thumbs_ANGOLO-16-1.jpg\"\n               data-image-id=\"1885\"\n               data-title=\"ANGOLO-16-1\"\n               data-description=\"ANGOLO-16\"\n               data-image-slug=\"angolo-16-1\"\n               class=\"ngg-fancybox\" rel=\"e9c2610397190a8e49ba97648892a3be\">\n                <img\n                    title=\"ANGOLO-16-1\"\n                    alt=\"ANGOLO-16-1\"\n                    src=\"https:\/\/www.mobilduenne.it\/wp-content\/gallery\/angolo\/thumbs\/thumbs_ANGOLO-16-1.jpg\"\n                    width=\"240\"\n                    height=\"160\"\n                    style=\"max-width:100%;\"\n                \/>\n            <\/a>\n        <\/div>\n\t\t\t\t\t\t\t<\/div> \n\t\t\t\n\t\n\t<br style=\"clear: both\" \/>\n\n\t\n\t\t<!-- Pagination -->\n\t<div class='ngg-clear'><\/div>\t<\/div>\n[\/vc_column_text][\/vc_column][\/vc_row][\/vc_section]<\/p>\n","protected":false},"excerpt":{"rendered":"<p>[vc_section][vc_row][vc_column width=\u00a0\u00bb1\/2&Prime;][vc_custom_heading text=\u00a0\u00bbNucci\u00a0\u00bb font_container=\u00a0\u00bbtag:h6|font_size:25px|text_align:left|color:%23dddddd\u00a0\u00bb google_fonts=\u00a0\u00bbfont_family:Montserrat%3A100%2C100italic%2C200%2C200italic%2C300%2C300italic%2Cregular%2Citalic%2C500%2C500italic%2C600%2C600italic%2C700%2C700italic%2C800%2C800italic%2C900%2C900italic|font_style:400%20regular%3A400%3Anormal\u00a0\u00bb text_transform=\u00a0\u00bbuppercase\u00a0\u00bb css=\u00a0\u00bb.vc_custom_1718278645369{margin-bottom: 10px !important;}\u00a0\u00bb][vc_row_inner][vc_column_inner][vc_separator align=\u00a0\u00bbalign_left\u00a0\u00bb][vc_separator align=\u00a0\u00bbalign_left\u00a0\u00bb][\/vc_column_inner][\/vc_row_inner][\/vc_column][vc_column width=\u00a0\u00bb1\/2&Prime;][\/vc_column][\/vc_row][vc_row][vc_column][vc_column_text] [\/vc_column_text][\/vc_column][\/vc_row][\/vc_section]<\/p>\n","protected":false},"author":979,"featured_media":0,"parent":0,"menu_order":0,"comment_status":"closed","ping_status":"closed","template":"","meta":{"ngg_post_thumbnail":0},"_links":{"self":[{"href":"https:\/\/www.mobilduenne.it\/fr\/wp-json\/wp\/v2\/pages\/21686"}],"collection":[{"href":"https:\/\/www.mobilduenne.it\/fr\/wp-json\/wp\/v2\/pages"}],"about":[{"href":"https:\/\/www.mobilduenne.it\/fr\/wp-json\/wp\/v2\/types\/page"}],"author":[{"embeddable":true,"href":"https:\/\/www.mobilduenne.it\/fr\/wp-json\/wp\/v2\/users\/979"}],"replies":[{"embeddable":true,"href":"https:\/\/www.mobilduenne.it\/fr\/wp-json\/wp\/v2\/comments?post=21686"}],"version-history":[{"count":5,"href":"https:\/\/www.mobilduenne.it\/fr\/wp-json\/wp\/v2\/pages\/21686\/revisions"}],"predecessor-version":[{"id":21692,"href":"https:\/\/www.mobilduenne.it\/fr\/wp-json\/wp\/v2\/pages\/21686\/revisions\/21692"}],"wp:attachment":[{"href":"https:\/\/www.mobilduenne.it\/fr\/wp-json\/wp\/v2\/media?parent=21686"}],"curies":[{"name":"wp","href":"https:\/\/api.w.org\/{rel}","templated":true}]}}