{"id":21610,"date":"2025-08-28T12:25:07","date_gmt":"2025-08-28T10:25:07","guid":{"rendered":"https:\/\/www.mobilduenne.it\/giro\/"},"modified":"2025-08-28T12:25:07","modified_gmt":"2025-08-28T10:25:07","slug":"giro","status":"publish","type":"page","link":"https:\/\/www.mobilduenne.it\/fr\/giro\/","title":{"rendered":"Giro"},"content":{"rendered":"<p>[vc_section][vc_row][vc_column width=\u00a0\u00bb1\/2&Prime;][vc_custom_heading text=\u00a0\u00bbNucci\u00a0\u00bb font_container=\u00a0\u00bbtag:h6|font_size:25px|text_align:left|color:%23dddddd\u00a0\u00bb google_fonts=\u00a0\u00bbfont_family:Montserrat%3A100%2C100italic%2C200%2C200italic%2C300%2C300italic%2Cregular%2Citalic%2C500%2C500italic%2C600%2C600italic%2C700%2C700italic%2C800%2C800italic%2C900%2C900italic|font_style:400%20regular%3A400%3Anormal\u00a0\u00bb text_transform=\u00a0\u00bbuppercase\u00a0\u00bb css=\u00a0\u00bb.vc_custom_1718278645369{margin-bottom: 10px !important;}\u00a0\u00bb]<div class=\"wpb_content_element \"><style type=\"text\/css\">#ut_header_69e2f9b45f139 h2.section-title, #ut_header_69e2f9b45f139 h2.section-title span { color:#252525; }#ut_header_69e2f9b45f139 h2.section-title{ font-family:Montserrat;font-weight:400;font-style:normal; }<\/style><header id=\"ut_header_69e2f9b45f139\" class=\"section-header ut-no-title-linebreak-mobile ut-no-lead-linebreak-mobile pt-style-7 header-left header-tablet-left header-mobile-center\"><h2 data-title=\"\/ Giro\"  class=\"section-title  \"><span>\/ Giro<\/span><\/h2><div data-delay=\"0\" class=\"lead \"><p>Un module semi-circulaire s\u2019int\u00e8gre harmonieusement aux \u00e9l\u00e9ments lin\u00e9aires, s\u2019adaptant naturellement aux besoins des salles de bain. En combinant des modules lin\u00e9aires avec un ou deux \u00e9l\u00e9ments semi-circulaires lat\u00e9raux, il est possible de cr\u00e9er des configurations sur mesure de tiroirs et de portes, qu\u2019elles soient lin\u00e9aires ou semi-circulaires. <\/p>\n<\/div><\/header><\/div>[vc_row_inner][vc_column_inner]<div class=\"wpb_content_element \"><style type=\"text\/css\">#ut_header_69e2f9b4602a0 h4.section-title, #ut_header_69e2f9b4602a0 h4.section-title span { color:#252525; }#ut_header_69e2f9b4602a0 h4.section-title{ font-family:Montserrat;font-weight:400;font-style:normal; }#ut_header_69e2f9b4602a0 h4.section-title { font-size: 24px; }<\/style><header id=\"ut_header_69e2f9b4602a0\" class=\"section-header ut-no-title-linebreak-mobile ut-no-lead-linebreak-mobile pt-style-7 header-left header-tablet-left header-mobile-center\"><h4 data-title=\"CARACT\u00c9RISTIQUES\"  class=\"section-title  \"><span>CARACT\u00c9RISTIQUES<\/span><\/h4><div data-delay=\"0\" class=\"lead \"><p>Disponibles en laqu\u00e9 ou en placage bois, les modules lin\u00e9aires et courbes allient fonctionnalit\u00e9 et style raffin\u00e9.<\/p>\n<\/div><\/header><\/div>[vc_separator align=\u00a0\u00bbalign_left\u00a0\u00bb]<style type=\"text\/css\">#ut_custom_heading69e2f9b460d97 a { color:rgba(134, 134, 134, 0.47); }#ut_custom_heading69e2f9b460d97 { font-family:Montserrat;font-weight:400;font-style:normal; }#ut_custom_heading69e2f9b460d97 { text-align:left; }@media (min-width: 768px) and (max-width: 1024px) { #ut_custom_heading69e2f9b460d97 { text-align:left; } }@media (max-width: 767px) { #ut_custom_heading69e2f9b460d97 { text-align:left; } }<\/style><h4 id=\"ut_custom_heading69e2f9b460d97\" class=\"ut-custom-heading-module  \" ><span class=\"\" ><a title=\"Nucci 2025\" href=\"https:\/\/www.sfogliami.it\/fl\/318056\/1bzbht5cyrcz3q6r7kmdfdbg6t3r7tnv\" target=\" _blank\" ><span class=\"tlid-translation translation\" lang=\"fr\"><span class=\"\" title=\"\">CATALOGUE PDF<\/span><\/span><\/a><\/span><\/h4>[vc_separator align=\u00a0\u00bbalign_left\u00a0\u00bb][\/vc_column_inner][\/vc_row_inner][\/vc_column][vc_column width=\u00a0\u00bb1\/2&Prime;]<div data-cursor-skin=\"global\" class=\"wpb_content_element   clearfix\"><style type=\"text\/css\">#ut_am_69e2f9b461100 { opacity: 1; }#ut_am_wrap_69e2f9b461101 .ut-image-gallery-item-caption-title h3 { letter-spacing: 0em; }#ut_am_wrap_69e2f9b461101 .ut-gallery-slider-caption { font-weight: bold; }#ut_am_wrap_69e2f9b461101 { text-align: left; }@media (min-width: 768px) and (max-width: 1024px) { #ut_am_wrap_69e2f9b461101 { text-align: left !important; } }@media (max-width: 767px) { #ut_am_wrap_69e2f9b461101 { text-align: left !important; } }<\/style><div id=\"ut_am_wrap_69e2f9b461101\" class=\"ut-image-gallery-image \"><div id=\"ut_reveal_69e2f9b461102\"  data-appear-top-offset=\"auto\" class=\"ut-animated-image-item ut-image-gallery-item ut-animation-done \"><a class=\"ut-deactivated-link\" href=\"#\"><div class=\"ut-animated-image-zoom\"><img class=\"ut-lazy skip-lazy ut-animated-image\"  id=\"ut_am_69e2f9b461100\" src=\"data:image\/svg+xml;charset=utf-8,%3Csvg xmlns%3D'http%3A%2F%2Fwww.w3.org%2F2000%2Fsvg' viewBox%3D'0 0 2498 3500'%2F%3E\" data-src=\"https:\/\/www.mobilduenne.it\/wp-content\/uploads\/2025\/08\/GIRO-09-1.jpg\" width=\"2498\" height=\"3500\" alt=\"\"\/><\/div><\/a><\/div><\/div><\/div>[\/vc_column][\/vc_row][vc_row][vc_column][vc_column_text]<\/p>\n<p><!-- default-view.php -->\n<div\n\tclass=\"ngg-galleryoverview default-view \"\n\tid=\"ngg-gallery-1ac7e5c6d1a0d8b3758d1ca2589ca538-1\">\n\n\t\t<!-- Thumbnails -->\n\t\t\t\t<div id=\"ngg-image-0\" class=\"ngg-gallery-thumbnail-box \" >\n\t\t\t\t        <div class=\"ngg-gallery-thumbnail\">\n            <a href=\"https:\/\/www.mobilduenne.it\/wp-content\/gallery\/giro\/GIRO-09-3-bassa.jpg\"\n               title=\"\"\n               data-src=\"https:\/\/www.mobilduenne.it\/wp-content\/gallery\/giro\/GIRO-09-3-bassa.jpg\"\n               data-thumbnail=\"https:\/\/www.mobilduenne.it\/wp-content\/gallery\/giro\/thumbs\/thumbs_GIRO-09-3-bassa.jpg\"\n               data-image-id=\"1840\"\n               data-title=\"GIRO-09-3-bassa\"\n               data-description=\"\"\n               data-image-slug=\"giro-09-3-bassa\"\n               class=\"ngg-fancybox\" rel=\"1ac7e5c6d1a0d8b3758d1ca2589ca538\">\n                <img\n                    title=\"GIRO-09-3-bassa\"\n                    alt=\"GIRO-09-3-bassa\"\n                    src=\"https:\/\/www.mobilduenne.it\/wp-content\/gallery\/giro\/thumbs\/thumbs_GIRO-09-3-bassa.jpg\"\n                    width=\"240\"\n                    height=\"160\"\n                    style=\"max-width:100%;\"\n                \/>\n            <\/a>\n        <\/div>\n\t\t\t\t\t\t\t<\/div> \n\t\t\t\n\t\t\t\t<div id=\"ngg-image-1\" class=\"ngg-gallery-thumbnail-box \" >\n\t\t\t\t        <div class=\"ngg-gallery-thumbnail\">\n            <a href=\"https:\/\/www.mobilduenne.it\/wp-content\/gallery\/giro\/GIRO-09-1.jpg\"\n               title=\"Giro 09\"\n               data-src=\"https:\/\/www.mobilduenne.it\/wp-content\/gallery\/giro\/GIRO-09-1.jpg\"\n               data-thumbnail=\"https:\/\/www.mobilduenne.it\/wp-content\/gallery\/giro\/thumbs\/thumbs_GIRO-09-1.jpg\"\n               data-image-id=\"1827\"\n               data-title=\"GIRO-09-1\"\n               data-description=\"Giro 09\"\n               data-image-slug=\"giro-09-1\"\n               class=\"ngg-fancybox\" rel=\"1ac7e5c6d1a0d8b3758d1ca2589ca538\">\n                <img\n                    title=\"GIRO-09-1\"\n                    alt=\"GIRO-09-1\"\n                    src=\"https:\/\/www.mobilduenne.it\/wp-content\/gallery\/giro\/thumbs\/thumbs_GIRO-09-1.jpg\"\n                    width=\"240\"\n                    height=\"160\"\n                    style=\"max-width:100%;\"\n                \/>\n            <\/a>\n        <\/div>\n\t\t\t\t\t\t\t<\/div> \n\t\t\t\n\t\t\t\t<div id=\"ngg-image-2\" class=\"ngg-gallery-thumbnail-box \" >\n\t\t\t\t        <div class=\"ngg-gallery-thumbnail\">\n            <a href=\"https:\/\/www.mobilduenne.it\/wp-content\/gallery\/giro\/GIRO-09-2.jpg\"\n               title=\"Giro 09\"\n               data-src=\"https:\/\/www.mobilduenne.it\/wp-content\/gallery\/giro\/GIRO-09-2.jpg\"\n               data-thumbnail=\"https:\/\/www.mobilduenne.it\/wp-content\/gallery\/giro\/thumbs\/thumbs_GIRO-09-2.jpg\"\n               data-image-id=\"1832\"\n               data-title=\"GIRO-09-2\"\n               data-description=\"Giro 09\"\n               data-image-slug=\"giro-09-2\"\n               class=\"ngg-fancybox\" rel=\"1ac7e5c6d1a0d8b3758d1ca2589ca538\">\n                <img\n                    title=\"GIRO-09-2\"\n                    alt=\"GIRO-09-2\"\n                    src=\"https:\/\/www.mobilduenne.it\/wp-content\/gallery\/giro\/thumbs\/thumbs_GIRO-09-2.jpg\"\n                    width=\"240\"\n                    height=\"160\"\n                    style=\"max-width:100%;\"\n                \/>\n            <\/a>\n        <\/div>\n\t\t\t\t\t\t\t<\/div> \n\t\t\t\n\t\t\t\t<div id=\"ngg-image-3\" class=\"ngg-gallery-thumbnail-box \" >\n\t\t\t\t        <div class=\"ngg-gallery-thumbnail\">\n            <a href=\"https:\/\/www.mobilduenne.it\/wp-content\/gallery\/giro\/GIRO-09-4.jpg\"\n               title=\"Giro 09\"\n               data-src=\"https:\/\/www.mobilduenne.it\/wp-content\/gallery\/giro\/GIRO-09-4.jpg\"\n               data-thumbnail=\"https:\/\/www.mobilduenne.it\/wp-content\/gallery\/giro\/thumbs\/thumbs_GIRO-09-4.jpg\"\n               data-image-id=\"1826\"\n               data-title=\"GIRO-09-4\"\n               data-description=\"Giro 09\"\n               data-image-slug=\"giro-09-4\"\n               class=\"ngg-fancybox\" rel=\"1ac7e5c6d1a0d8b3758d1ca2589ca538\">\n                <img\n                    title=\"GIRO-09-4\"\n                    alt=\"GIRO-09-4\"\n                    src=\"https:\/\/www.mobilduenne.it\/wp-content\/gallery\/giro\/thumbs\/thumbs_GIRO-09-4.jpg\"\n                    width=\"240\"\n                    height=\"160\"\n                    style=\"max-width:100%;\"\n                \/>\n            <\/a>\n        <\/div>\n\t\t\t\t\t\t\t<\/div> \n\t\t\t\n\t\t\t\t<div id=\"ngg-image-4\" class=\"ngg-gallery-thumbnail-box \" >\n\t\t\t\t        <div class=\"ngg-gallery-thumbnail\">\n            <a href=\"https:\/\/www.mobilduenne.it\/wp-content\/gallery\/giro\/GIRO-10-3.jpg\"\n               title=\"Giro 10\"\n               data-src=\"https:\/\/www.mobilduenne.it\/wp-content\/gallery\/giro\/GIRO-10-3.jpg\"\n               data-thumbnail=\"https:\/\/www.mobilduenne.it\/wp-content\/gallery\/giro\/thumbs\/thumbs_GIRO-10-3.jpg\"\n               data-image-id=\"1824\"\n               data-title=\"GIRO-10-3\"\n               data-description=\"Giro 10\"\n               data-image-slug=\"giro-10-3\"\n               class=\"ngg-fancybox\" rel=\"1ac7e5c6d1a0d8b3758d1ca2589ca538\">\n                <img\n                    title=\"GIRO-10-3\"\n                    alt=\"GIRO-10-3\"\n                    src=\"https:\/\/www.mobilduenne.it\/wp-content\/gallery\/giro\/thumbs\/thumbs_GIRO-10-3.jpg\"\n                    width=\"240\"\n                    height=\"160\"\n                    style=\"max-width:100%;\"\n                \/>\n            <\/a>\n        <\/div>\n\t\t\t\t\t\t\t<\/div> \n\t\t\t\n\t\t\t\t<div id=\"ngg-image-5\" class=\"ngg-gallery-thumbnail-box \" >\n\t\t\t\t        <div class=\"ngg-gallery-thumbnail\">\n            <a href=\"https:\/\/www.mobilduenne.it\/wp-content\/gallery\/giro\/GIRO-10-2.jpg\"\n               title=\"Giro 10\"\n               data-src=\"https:\/\/www.mobilduenne.it\/wp-content\/gallery\/giro\/GIRO-10-2.jpg\"\n               data-thumbnail=\"https:\/\/www.mobilduenne.it\/wp-content\/gallery\/giro\/thumbs\/thumbs_GIRO-10-2.jpg\"\n               data-image-id=\"1825\"\n               data-title=\"GIRO-10-2\"\n               data-description=\"Giro 10\"\n               data-image-slug=\"giro-10-2\"\n               class=\"ngg-fancybox\" rel=\"1ac7e5c6d1a0d8b3758d1ca2589ca538\">\n                <img\n                    title=\"GIRO-10-2\"\n                    alt=\"GIRO-10-2\"\n                    src=\"https:\/\/www.mobilduenne.it\/wp-content\/gallery\/giro\/thumbs\/thumbs_GIRO-10-2.jpg\"\n                    width=\"240\"\n                    height=\"160\"\n                    style=\"max-width:100%;\"\n                \/>\n            <\/a>\n        <\/div>\n\t\t\t\t\t\t\t<\/div> \n\t\t\t\n\t\t\t\t<div id=\"ngg-image-6\" class=\"ngg-gallery-thumbnail-box \" >\n\t\t\t\t        <div class=\"ngg-gallery-thumbnail\">\n            <a href=\"https:\/\/www.mobilduenne.it\/wp-content\/gallery\/giro\/GIRO-11-1.jpg\"\n               title=\"Giro 11\"\n               data-src=\"https:\/\/www.mobilduenne.it\/wp-content\/gallery\/giro\/GIRO-11-1.jpg\"\n               data-thumbnail=\"https:\/\/www.mobilduenne.it\/wp-content\/gallery\/giro\/thumbs\/thumbs_GIRO-11-1.jpg\"\n               data-image-id=\"1829\"\n               data-title=\"GIRO-11-1\"\n               data-description=\"Giro 11\"\n               data-image-slug=\"giro-11-1\"\n               class=\"ngg-fancybox\" rel=\"1ac7e5c6d1a0d8b3758d1ca2589ca538\">\n                <img\n                    title=\"GIRO-11-1\"\n                    alt=\"GIRO-11-1\"\n                    src=\"https:\/\/www.mobilduenne.it\/wp-content\/gallery\/giro\/thumbs\/thumbs_GIRO-11-1.jpg\"\n                    width=\"240\"\n                    height=\"160\"\n                    style=\"max-width:100%;\"\n                \/>\n            <\/a>\n        <\/div>\n\t\t\t\t\t\t\t<\/div> \n\t\t\t\n\t\t\t\t<div id=\"ngg-image-7\" class=\"ngg-gallery-thumbnail-box \" >\n\t\t\t\t        <div class=\"ngg-gallery-thumbnail\">\n            <a href=\"https:\/\/www.mobilduenne.it\/wp-content\/gallery\/giro\/GIRO-11-2.jpg\"\n               title=\"Giro 11\"\n               data-src=\"https:\/\/www.mobilduenne.it\/wp-content\/gallery\/giro\/GIRO-11-2.jpg\"\n               data-thumbnail=\"https:\/\/www.mobilduenne.it\/wp-content\/gallery\/giro\/thumbs\/thumbs_GIRO-11-2.jpg\"\n               data-image-id=\"1830\"\n               data-title=\"GIRO-11-2\"\n               data-description=\"Giro 11\"\n               data-image-slug=\"giro-11-2\"\n               class=\"ngg-fancybox\" rel=\"1ac7e5c6d1a0d8b3758d1ca2589ca538\">\n                <img\n                    title=\"GIRO-11-2\"\n                    alt=\"GIRO-11-2\"\n                    src=\"https:\/\/www.mobilduenne.it\/wp-content\/gallery\/giro\/thumbs\/thumbs_GIRO-11-2.jpg\"\n                    width=\"240\"\n                    height=\"160\"\n                    style=\"max-width:100%;\"\n                \/>\n            <\/a>\n        <\/div>\n\t\t\t\t\t\t\t<\/div> \n\t\t\t\n\t\t\t\t<div id=\"ngg-image-8\" class=\"ngg-gallery-thumbnail-box \" >\n\t\t\t\t        <div class=\"ngg-gallery-thumbnail\">\n            <a href=\"https:\/\/www.mobilduenne.it\/wp-content\/gallery\/giro\/GIRO-11-3.jpg\"\n               title=\"Giro 11\"\n               data-src=\"https:\/\/www.mobilduenne.it\/wp-content\/gallery\/giro\/GIRO-11-3.jpg\"\n               data-thumbnail=\"https:\/\/www.mobilduenne.it\/wp-content\/gallery\/giro\/thumbs\/thumbs_GIRO-11-3.jpg\"\n               data-image-id=\"1831\"\n               data-title=\"GIRO-11-3\"\n               data-description=\"Giro 11\"\n               data-image-slug=\"giro-11-3\"\n               class=\"ngg-fancybox\" rel=\"1ac7e5c6d1a0d8b3758d1ca2589ca538\">\n                <img\n                    title=\"GIRO-11-3\"\n                    alt=\"GIRO-11-3\"\n                    src=\"https:\/\/www.mobilduenne.it\/wp-content\/gallery\/giro\/thumbs\/thumbs_GIRO-11-3.jpg\"\n                    width=\"240\"\n                    height=\"160\"\n                    style=\"max-width:100%;\"\n                \/>\n            <\/a>\n        <\/div>\n\t\t\t\t\t\t\t<\/div> \n\t\t\t\n\t\t\t\t<div id=\"ngg-image-9\" class=\"ngg-gallery-thumbnail-box \" >\n\t\t\t\t        <div class=\"ngg-gallery-thumbnail\">\n            <a href=\"https:\/\/www.mobilduenne.it\/wp-content\/gallery\/giro\/GIRO-12-1.jpg\"\n               title=\"Giro 12\"\n               data-src=\"https:\/\/www.mobilduenne.it\/wp-content\/gallery\/giro\/GIRO-12-1.jpg\"\n               data-thumbnail=\"https:\/\/www.mobilduenne.it\/wp-content\/gallery\/giro\/thumbs\/thumbs_GIRO-12-1.jpg\"\n               data-image-id=\"1838\"\n               data-title=\"GIRO-12-1\"\n               data-description=\"Giro 12\"\n               data-image-slug=\"giro-12-1\"\n               class=\"ngg-fancybox\" rel=\"1ac7e5c6d1a0d8b3758d1ca2589ca538\">\n                <img\n                    title=\"GIRO-12-1\"\n                    alt=\"GIRO-12-1\"\n                    src=\"https:\/\/www.mobilduenne.it\/wp-content\/gallery\/giro\/thumbs\/thumbs_GIRO-12-1.jpg\"\n                    width=\"240\"\n                    height=\"160\"\n                    style=\"max-width:100%;\"\n                \/>\n            <\/a>\n        <\/div>\n\t\t\t\t\t\t\t<\/div> \n\t\t\t\n\t\t\t\t<div id=\"ngg-image-10\" class=\"ngg-gallery-thumbnail-box \" >\n\t\t\t\t        <div class=\"ngg-gallery-thumbnail\">\n            <a href=\"https:\/\/www.mobilduenne.it\/wp-content\/gallery\/giro\/GIRO-12-2.jpg\"\n               title=\"Giro 12\"\n               data-src=\"https:\/\/www.mobilduenne.it\/wp-content\/gallery\/giro\/GIRO-12-2.jpg\"\n               data-thumbnail=\"https:\/\/www.mobilduenne.it\/wp-content\/gallery\/giro\/thumbs\/thumbs_GIRO-12-2.jpg\"\n               data-image-id=\"1833\"\n               data-title=\"GIRO-12-2\"\n               data-description=\"Giro 12\"\n               data-image-slug=\"giro-12-2\"\n               class=\"ngg-fancybox\" rel=\"1ac7e5c6d1a0d8b3758d1ca2589ca538\">\n                <img\n                    title=\"GIRO-12-2\"\n                    alt=\"GIRO-12-2\"\n                    src=\"https:\/\/www.mobilduenne.it\/wp-content\/gallery\/giro\/thumbs\/thumbs_GIRO-12-2.jpg\"\n                    width=\"240\"\n                    height=\"160\"\n                    style=\"max-width:100%;\"\n                \/>\n            <\/a>\n        <\/div>\n\t\t\t\t\t\t\t<\/div> \n\t\t\t\n\t\t\t\t<div id=\"ngg-image-11\" class=\"ngg-gallery-thumbnail-box \" >\n\t\t\t\t        <div class=\"ngg-gallery-thumbnail\">\n            <a href=\"https:\/\/www.mobilduenne.it\/wp-content\/gallery\/giro\/GIRO-12-3.jpg\"\n               title=\"Giro 12\"\n               data-src=\"https:\/\/www.mobilduenne.it\/wp-content\/gallery\/giro\/GIRO-12-3.jpg\"\n               data-thumbnail=\"https:\/\/www.mobilduenne.it\/wp-content\/gallery\/giro\/thumbs\/thumbs_GIRO-12-3.jpg\"\n               data-image-id=\"1834\"\n               data-title=\"GIRO-12-3\"\n               data-description=\"Giro 12\"\n               data-image-slug=\"giro-12-3\"\n               class=\"ngg-fancybox\" rel=\"1ac7e5c6d1a0d8b3758d1ca2589ca538\">\n                <img\n                    title=\"GIRO-12-3\"\n                    alt=\"GIRO-12-3\"\n                    src=\"https:\/\/www.mobilduenne.it\/wp-content\/gallery\/giro\/thumbs\/thumbs_GIRO-12-3.jpg\"\n                    width=\"240\"\n                    height=\"160\"\n                    style=\"max-width:100%;\"\n                \/>\n            <\/a>\n        <\/div>\n\t\t\t\t\t\t\t<\/div> \n\t\t\t\n\t\t\t\t<div id=\"ngg-image-12\" class=\"ngg-gallery-thumbnail-box \" >\n\t\t\t\t        <div class=\"ngg-gallery-thumbnail\">\n            <a href=\"https:\/\/www.mobilduenne.it\/wp-content\/gallery\/giro\/GIRO-12-4.jpg\"\n               title=\"Giro 12\"\n               data-src=\"https:\/\/www.mobilduenne.it\/wp-content\/gallery\/giro\/GIRO-12-4.jpg\"\n               data-thumbnail=\"https:\/\/www.mobilduenne.it\/wp-content\/gallery\/giro\/thumbs\/thumbs_GIRO-12-4.jpg\"\n               data-image-id=\"1835\"\n               data-title=\"GIRO-12-4\"\n               data-description=\"Giro 12\"\n               data-image-slug=\"giro-12-4\"\n               class=\"ngg-fancybox\" rel=\"1ac7e5c6d1a0d8b3758d1ca2589ca538\">\n                <img\n                    title=\"GIRO-12-4\"\n                    alt=\"GIRO-12-4\"\n                    src=\"https:\/\/www.mobilduenne.it\/wp-content\/gallery\/giro\/thumbs\/thumbs_GIRO-12-4.jpg\"\n                    width=\"240\"\n                    height=\"160\"\n                    style=\"max-width:100%;\"\n                \/>\n            <\/a>\n        <\/div>\n\t\t\t\t\t\t\t<\/div> \n\t\t\t\n\t\t\t\t<div id=\"ngg-image-13\" class=\"ngg-gallery-thumbnail-box \" >\n\t\t\t\t        <div class=\"ngg-gallery-thumbnail\">\n            <a href=\"https:\/\/www.mobilduenne.it\/wp-content\/gallery\/giro\/GIRO-13-1.jpg\"\n               title=\"Giro 13\"\n               data-src=\"https:\/\/www.mobilduenne.it\/wp-content\/gallery\/giro\/GIRO-13-1.jpg\"\n               data-thumbnail=\"https:\/\/www.mobilduenne.it\/wp-content\/gallery\/giro\/thumbs\/thumbs_GIRO-13-1.jpg\"\n               data-image-id=\"1837\"\n               data-title=\"GIRO-13-1\"\n               data-description=\"Giro 13\"\n               data-image-slug=\"giro-13-1\"\n               class=\"ngg-fancybox\" rel=\"1ac7e5c6d1a0d8b3758d1ca2589ca538\">\n                <img\n                    title=\"GIRO-13-1\"\n                    alt=\"GIRO-13-1\"\n                    src=\"https:\/\/www.mobilduenne.it\/wp-content\/gallery\/giro\/thumbs\/thumbs_GIRO-13-1.jpg\"\n                    width=\"240\"\n                    height=\"160\"\n                    style=\"max-width:100%;\"\n                \/>\n            <\/a>\n        <\/div>\n\t\t\t\t\t\t\t<\/div> \n\t\t\t\n\t\t\t\t<div id=\"ngg-image-14\" class=\"ngg-gallery-thumbnail-box \" >\n\t\t\t\t        <div class=\"ngg-gallery-thumbnail\">\n            <a href=\"https:\/\/www.mobilduenne.it\/wp-content\/gallery\/giro\/GIRO-13-2.jpg\"\n               title=\"Giro 13\"\n               data-src=\"https:\/\/www.mobilduenne.it\/wp-content\/gallery\/giro\/GIRO-13-2.jpg\"\n               data-thumbnail=\"https:\/\/www.mobilduenne.it\/wp-content\/gallery\/giro\/thumbs\/thumbs_GIRO-13-2.jpg\"\n               data-image-id=\"1836\"\n               data-title=\"GIRO-13-2\"\n               data-description=\"Giro 13\"\n               data-image-slug=\"giro-13-2\"\n               class=\"ngg-fancybox\" rel=\"1ac7e5c6d1a0d8b3758d1ca2589ca538\">\n                <img\n                    title=\"GIRO-13-2\"\n                    alt=\"GIRO-13-2\"\n                    src=\"https:\/\/www.mobilduenne.it\/wp-content\/gallery\/giro\/thumbs\/thumbs_GIRO-13-2.jpg\"\n                    width=\"240\"\n                    height=\"160\"\n                    style=\"max-width:100%;\"\n                \/>\n            <\/a>\n        <\/div>\n\t\t\t\t\t\t\t<\/div> \n\t\t\t\n\t\t\t\t<div id=\"ngg-image-15\" class=\"ngg-gallery-thumbnail-box \" >\n\t\t\t\t        <div class=\"ngg-gallery-thumbnail\">\n            <a href=\"https:\/\/www.mobilduenne.it\/wp-content\/gallery\/giro\/GIRO-13-3-bassa.jpg\"\n               title=\"Giro 13\"\n               data-src=\"https:\/\/www.mobilduenne.it\/wp-content\/gallery\/giro\/GIRO-13-3-bassa.jpg\"\n               data-thumbnail=\"https:\/\/www.mobilduenne.it\/wp-content\/gallery\/giro\/thumbs\/thumbs_GIRO-13-3-bassa.jpg\"\n               data-image-id=\"1839\"\n               data-title=\"GIRO-13-3-bassa\"\n               data-description=\"Giro 13\"\n               data-image-slug=\"giro-13-3-bassa\"\n               class=\"ngg-fancybox\" rel=\"1ac7e5c6d1a0d8b3758d1ca2589ca538\">\n                <img\n                    title=\"GIRO-13-3-bassa\"\n                    alt=\"GIRO-13-3-bassa\"\n                    src=\"https:\/\/www.mobilduenne.it\/wp-content\/gallery\/giro\/thumbs\/thumbs_GIRO-13-3-bassa.jpg\"\n                    width=\"240\"\n                    height=\"160\"\n                    style=\"max-width:100%;\"\n                \/>\n            <\/a>\n        <\/div>\n\t\t\t\t\t\t\t<\/div> \n\t\t\t\n\t\n\t<br style=\"clear: both\" \/>\n\n\t\n\t\t<!-- Pagination -->\n\t<div class='ngg-clear'><\/div>\t<\/div>\n[\/vc_column_text][\/vc_column][\/vc_row][\/vc_section]<\/p>\n","protected":false},"excerpt":{"rendered":"<p>[vc_section][vc_row][vc_column width=\u00a0\u00bb1\/2&Prime;][vc_custom_heading text=\u00a0\u00bbNucci\u00a0\u00bb font_container=\u00a0\u00bbtag:h6|font_size:25px|text_align:left|color:%23dddddd\u00a0\u00bb google_fonts=\u00a0\u00bbfont_family:Montserrat%3A100%2C100italic%2C200%2C200italic%2C300%2C300italic%2Cregular%2Citalic%2C500%2C500italic%2C600%2C600italic%2C700%2C700italic%2C800%2C800italic%2C900%2C900italic|font_style:400%20regular%3A400%3Anormal\u00a0\u00bb text_transform=\u00a0\u00bbuppercase\u00a0\u00bb css=\u00a0\u00bb.vc_custom_1718278645369{margin-bottom: 10px !important;}\u00a0\u00bb][vc_row_inner][vc_column_inner][vc_separator align=\u00a0\u00bbalign_left\u00a0\u00bb][vc_separator align=\u00a0\u00bbalign_left\u00a0\u00bb][\/vc_column_inner][\/vc_row_inner][\/vc_column][vc_column width=\u00a0\u00bb1\/2&Prime;][\/vc_column][\/vc_row][vc_row][vc_column][vc_column_text] [\/vc_column_text][\/vc_column][\/vc_row][\/vc_section]<\/p>\n","protected":false},"author":979,"featured_media":0,"parent":0,"menu_order":0,"comment_status":"closed","ping_status":"closed","template":"","meta":{"ngg_post_thumbnail":0},"_links":{"self":[{"href":"https:\/\/www.mobilduenne.it\/fr\/wp-json\/wp\/v2\/pages\/21610"}],"collection":[{"href":"https:\/\/www.mobilduenne.it\/fr\/wp-json\/wp\/v2\/pages"}],"about":[{"href":"https:\/\/www.mobilduenne.it\/fr\/wp-json\/wp\/v2\/types\/page"}],"author":[{"embeddable":true,"href":"https:\/\/www.mobilduenne.it\/fr\/wp-json\/wp\/v2\/users\/979"}],"replies":[{"embeddable":true,"href":"https:\/\/www.mobilduenne.it\/fr\/wp-json\/wp\/v2\/comments?post=21610"}],"version-history":[{"count":2,"href":"https:\/\/www.mobilduenne.it\/fr\/wp-json\/wp\/v2\/pages\/21610\/revisions"}],"predecessor-version":[{"id":21613,"href":"https:\/\/www.mobilduenne.it\/fr\/wp-json\/wp\/v2\/pages\/21610\/revisions\/21613"}],"wp:attachment":[{"href":"https:\/\/www.mobilduenne.it\/fr\/wp-json\/wp\/v2\/media?parent=21610"}],"curies":[{"name":"wp","href":"https:\/\/api.w.org\/{rel}","templated":true}]}}