{"id":20169,"date":"2024-06-14T14:48:57","date_gmt":"2024-06-14T12:48:57","guid":{"rendered":"https:\/\/www.mobilduenne.it\/basamento-squadrato\/"},"modified":"2024-06-17T15:11:55","modified_gmt":"2024-06-17T13:11:55","slug":"basamento-squadrato","status":"publish","type":"page","link":"https:\/\/www.mobilduenne.it\/fr\/basamento-squadrato\/","title":{"rendered":"Pi\u00e9tement carr\u00e9"},"content":{"rendered":"<p>[vc_section][vc_row][vc_column width=\u00a0\u00bb1\/2&Prime;][vc_custom_heading text=\u00a0\u00bbNucci\u00a0\u00bb font_container=\u00a0\u00bbtag:h6|font_size:25px|text_align:left|color:%23dddddd\u00a0\u00bb google_fonts=\u00a0\u00bbfont_family:Montserrat%3A100%2C100italic%2C200%2C200italic%2C300%2C300italic%2Cregular%2Citalic%2C500%2C500italic%2C600%2C600italic%2C700%2C700italic%2C800%2C800italic%2C900%2C900italic|font_style:400%20regular%3A400%3Anormal\u00a0\u00bb text_transform=\u00a0\u00bbuppercase\u00a0\u00bb css=\u00a0\u00bb.vc_custom_1718278645369{margin-bottom: 10px !important;}\u00a0\u00bb]<div class=\"wpb_content_element \"><style type=\"text\/css\">#ut_header_69e313184b652 h2.section-title, #ut_header_69e313184b652 h2.section-title span { color:#252525; }#ut_header_69e313184b652 h2.section-title{ font-family:Montserrat;font-weight:400;font-style:normal; }<\/style><header id=\"ut_header_69e313184b652\" class=\"section-header ut-no-title-linebreak-mobile ut-no-lead-linebreak-mobile pt-style-7 header-left header-tablet-left header-mobile-center\"><h2 data-title=\"\/ Basamento squadrato\"  class=\"section-title  \"><span>\/ Basamento squadrato<\/span><\/h2><div data-delay=\"0\" class=\"lead \"><p>Le trait distinctif de la collection est le socle d\u00e9coratif en bois massif disponible en finitions ch\u00eane naturel, noyer canaletto et dans toutes les couleurs RAL, NCS ou sur mesure. Gr\u00e2ce \u00e0 la lin\u00e9arit\u00e9 de ses formes, il peut \u00eatre harmonis\u00e9 avec des meubles de style contemporain ou associ\u00e9 \u00e0 des int\u00e9rieurs de style classique pour mettre en valeur un jeu de contrastes esth\u00e9tiques.<\/p>\n<\/div><\/header><\/div>[vc_row_inner][vc_column_inner][vc_separator align=\u00a0\u00bbalign_left\u00a0\u00bb]<style type=\"text\/css\">#ut_custom_heading69e313184c200 a { color:rgba(134, 134, 134, 0.47); }#ut_custom_heading69e313184c200 { font-family:Montserrat;font-weight:400;font-style:normal; }#ut_custom_heading69e313184c200 { text-align:left; }@media (min-width: 768px) and (max-width: 1024px) { #ut_custom_heading69e313184c200 { text-align:left; } }@media (max-width: 767px) { #ut_custom_heading69e313184c200 { text-align:left; } }<\/style><h4 id=\"ut_custom_heading69e313184c200\" class=\"ut-custom-heading-module  \" ><span class=\"\" ><a title=\"\" href=\"https:\/\/www.sfogliami.it\/fl\/280060\/79zvvkztd8k8sy72vdurdrprz622hcr#page\/1%20_blank\" target=\" _blank\" ><span class=\"tlid-translation translation\" lang=\"fr\"><span class=\"\" title=\"\">CATALOGUE PDF<\/span><\/span><\/a><\/span><\/h4>[vc_separator align=\u00a0\u00bbalign_left\u00a0\u00bb][\/vc_column_inner][\/vc_row_inner][\/vc_column][vc_column width=\u00a0\u00bb1\/2&Prime;]<div data-cursor-skin=\"global\" class=\"wpb_content_element   clearfix\"><style type=\"text\/css\">#ut_am_69e313184c528 { opacity: 1; }#ut_am_wrap_69e313184c52a .ut-image-gallery-item-caption-title h3 { letter-spacing: 0em; }#ut_am_wrap_69e313184c52a .ut-gallery-slider-caption { font-weight: bold; }#ut_am_wrap_69e313184c52a { text-align: left; }@media (min-width: 768px) and (max-width: 1024px) { #ut_am_wrap_69e313184c52a { text-align: left !important; } }@media (max-width: 767px) { #ut_am_wrap_69e313184c52a { text-align: left !important; } }<\/style><div id=\"ut_am_wrap_69e313184c52a\" class=\"ut-image-gallery-image \"><div id=\"ut_reveal_69e313184c52b\"  data-appear-top-offset=\"auto\" class=\"ut-animated-image-item ut-image-gallery-item ut-animation-done \"><a class=\"ut-deactivated-link\" href=\"#\"><div class=\"ut-animated-image-zoom\"><img class=\"ut-lazy skip-lazy ut-animated-image\"  id=\"ut_am_69e313184c528\" src=\"data:image\/svg+xml;charset=utf-8,%3Csvg xmlns%3D'http%3A%2F%2Fwww.w3.org%2F2000%2Fsvg' viewBox%3D'0 0 3500 3500'%2F%3E\" data-src=\"https:\/\/www.mobilduenne.it\/wp-content\/uploads\/2024\/06\/38-c_dettaglio.jpg\" width=\"3500\" height=\"3500\" alt=\"\"\/><\/div><\/a><\/div><\/div><\/div>[\/vc_column][\/vc_row][vc_row][vc_column][vc_column_text]<\/p>\n<p><!-- default-view.php -->\n<div\n\tclass=\"ngg-galleryoverview default-view \"\n\tid=\"ngg-gallery-5dbf42267734d26eaecae388f40bca9b-1\">\n\n\t\t<!-- Thumbnails -->\n\t\t\t\t<div id=\"ngg-image-0\" class=\"ngg-gallery-thumbnail-box \" >\n\t\t\t\t        <div class=\"ngg-gallery-thumbnail\">\n            <a href=\"https:\/\/www.mobilduenne.it\/wp-content\/gallery\/basamento-squadrato\/MILLERIGHE-30-3.jpg\"\n               title=\"\"\n               data-src=\"https:\/\/www.mobilduenne.it\/wp-content\/gallery\/basamento-squadrato\/MILLERIGHE-30-3.jpg\"\n               data-thumbnail=\"https:\/\/www.mobilduenne.it\/wp-content\/gallery\/basamento-squadrato\/thumbs\/thumbs_MILLERIGHE-30-3.jpg\"\n               data-image-id=\"1878\"\n               data-title=\"MILLERIGHE-30-3\"\n               data-description=\"\"\n               data-image-slug=\"millerighe-30-3\"\n               class=\"ngg-fancybox\" rel=\"5dbf42267734d26eaecae388f40bca9b\">\n                <img\n                    title=\"MILLERIGHE-30-3\"\n                    alt=\"MILLERIGHE-30-3\"\n                    src=\"https:\/\/www.mobilduenne.it\/wp-content\/gallery\/basamento-squadrato\/thumbs\/thumbs_MILLERIGHE-30-3.jpg\"\n                    width=\"240\"\n                    height=\"160\"\n                    style=\"max-width:100%;\"\n                \/>\n            <\/a>\n        <\/div>\n\t\t\t\t\t\t\t<\/div> \n\t\t\t\n\t\t\t\t<div id=\"ngg-image-1\" class=\"ngg-gallery-thumbnail-box \" >\n\t\t\t\t        <div class=\"ngg-gallery-thumbnail\">\n            <a href=\"https:\/\/www.mobilduenne.it\/wp-content\/gallery\/basamento-squadrato\/MILLERIGHE-30-2.jpg\"\n               title=\"\"\n               data-src=\"https:\/\/www.mobilduenne.it\/wp-content\/gallery\/basamento-squadrato\/MILLERIGHE-30-2.jpg\"\n               data-thumbnail=\"https:\/\/www.mobilduenne.it\/wp-content\/gallery\/basamento-squadrato\/thumbs\/thumbs_MILLERIGHE-30-2.jpg\"\n               data-image-id=\"1879\"\n               data-title=\"MILLERIGHE-30-2\"\n               data-description=\"\"\n               data-image-slug=\"millerighe-30-2\"\n               class=\"ngg-fancybox\" rel=\"5dbf42267734d26eaecae388f40bca9b\">\n                <img\n                    title=\"MILLERIGHE-30-2\"\n                    alt=\"MILLERIGHE-30-2\"\n                    src=\"https:\/\/www.mobilduenne.it\/wp-content\/gallery\/basamento-squadrato\/thumbs\/thumbs_MILLERIGHE-30-2.jpg\"\n                    width=\"240\"\n                    height=\"160\"\n                    style=\"max-width:100%;\"\n                \/>\n            <\/a>\n        <\/div>\n\t\t\t\t\t\t\t<\/div> \n\t\t\t\n\t\t\t\t<div id=\"ngg-image-2\" class=\"ngg-gallery-thumbnail-box \" >\n\t\t\t\t        <div class=\"ngg-gallery-thumbnail\">\n            <a href=\"https:\/\/www.mobilduenne.it\/wp-content\/gallery\/basamento-squadrato\/30-a_principale.jpg\"\n               title=\"\"\n               data-src=\"https:\/\/www.mobilduenne.it\/wp-content\/gallery\/basamento-squadrato\/30-a_principale.jpg\"\n               data-thumbnail=\"https:\/\/www.mobilduenne.it\/wp-content\/gallery\/basamento-squadrato\/thumbs\/thumbs_30-a_principale.jpg\"\n               data-image-id=\"1750\"\n               data-title=\"30-a_principale\"\n               data-description=\"\"\n               data-image-slug=\"30-a_principale\"\n               class=\"ngg-fancybox\" rel=\"5dbf42267734d26eaecae388f40bca9b\">\n                <img\n                    title=\"30-a_principale\"\n                    alt=\"30-a_principale\"\n                    src=\"https:\/\/www.mobilduenne.it\/wp-content\/gallery\/basamento-squadrato\/thumbs\/thumbs_30-a_principale.jpg\"\n                    width=\"240\"\n                    height=\"160\"\n                    style=\"max-width:100%;\"\n                \/>\n            <\/a>\n        <\/div>\n\t\t\t\t\t\t\t<\/div> \n\t\t\t\n\t\t\t\t<div id=\"ngg-image-3\" class=\"ngg-gallery-thumbnail-box \" >\n\t\t\t\t        <div class=\"ngg-gallery-thumbnail\">\n            <a href=\"https:\/\/www.mobilduenne.it\/wp-content\/gallery\/basamento-squadrato\/30-b_secondaria.jpg\"\n               title=\"\"\n               data-src=\"https:\/\/www.mobilduenne.it\/wp-content\/gallery\/basamento-squadrato\/30-b_secondaria.jpg\"\n               data-thumbnail=\"https:\/\/www.mobilduenne.it\/wp-content\/gallery\/basamento-squadrato\/thumbs\/thumbs_30-b_secondaria.jpg\"\n               data-image-id=\"1748\"\n               data-title=\"30-b_secondaria\"\n               data-description=\"\"\n               data-image-slug=\"30-b_secondaria\"\n               class=\"ngg-fancybox\" rel=\"5dbf42267734d26eaecae388f40bca9b\">\n                <img\n                    title=\"30-b_secondaria\"\n                    alt=\"30-b_secondaria\"\n                    src=\"https:\/\/www.mobilduenne.it\/wp-content\/gallery\/basamento-squadrato\/thumbs\/thumbs_30-b_secondaria.jpg\"\n                    width=\"240\"\n                    height=\"160\"\n                    style=\"max-width:100%;\"\n                \/>\n            <\/a>\n        <\/div>\n\t\t\t\t\t\t\t<\/div> \n\t\t\t\n\t\t\t\t<div id=\"ngg-image-4\" class=\"ngg-gallery-thumbnail-box \" >\n\t\t\t\t        <div class=\"ngg-gallery-thumbnail\">\n            <a href=\"https:\/\/www.mobilduenne.it\/wp-content\/gallery\/basamento-squadrato\/30-c_dettaglio.jpg\"\n               title=\"\"\n               data-src=\"https:\/\/www.mobilduenne.it\/wp-content\/gallery\/basamento-squadrato\/30-c_dettaglio.jpg\"\n               data-thumbnail=\"https:\/\/www.mobilduenne.it\/wp-content\/gallery\/basamento-squadrato\/thumbs\/thumbs_30-c_dettaglio.jpg\"\n               data-image-id=\"1747\"\n               data-title=\"30-c_dettaglio\"\n               data-description=\"\"\n               data-image-slug=\"30-c_dettaglio\"\n               class=\"ngg-fancybox\" rel=\"5dbf42267734d26eaecae388f40bca9b\">\n                <img\n                    title=\"30-c_dettaglio\"\n                    alt=\"30-c_dettaglio\"\n                    src=\"https:\/\/www.mobilduenne.it\/wp-content\/gallery\/basamento-squadrato\/thumbs\/thumbs_30-c_dettaglio.jpg\"\n                    width=\"240\"\n                    height=\"160\"\n                    style=\"max-width:100%;\"\n                \/>\n            <\/a>\n        <\/div>\n\t\t\t\t\t\t\t<\/div> \n\t\t\t\n\t\t\t\t<div id=\"ngg-image-5\" class=\"ngg-gallery-thumbnail-box \" >\n\t\t\t\t        <div class=\"ngg-gallery-thumbnail\">\n            <a href=\"https:\/\/www.mobilduenne.it\/wp-content\/gallery\/basamento-squadrato\/31-a_principale.jpg\"\n               title=\"\"\n               data-src=\"https:\/\/www.mobilduenne.it\/wp-content\/gallery\/basamento-squadrato\/31-a_principale.jpg\"\n               data-thumbnail=\"https:\/\/www.mobilduenne.it\/wp-content\/gallery\/basamento-squadrato\/thumbs\/thumbs_31-a_principale.jpg\"\n               data-image-id=\"1749\"\n               data-title=\"31-a_principale\"\n               data-description=\"\"\n               data-image-slug=\"31-a_principale\"\n               class=\"ngg-fancybox\" rel=\"5dbf42267734d26eaecae388f40bca9b\">\n                <img\n                    title=\"31-a_principale\"\n                    alt=\"31-a_principale\"\n                    src=\"https:\/\/www.mobilduenne.it\/wp-content\/gallery\/basamento-squadrato\/thumbs\/thumbs_31-a_principale.jpg\"\n                    width=\"240\"\n                    height=\"160\"\n                    style=\"max-width:100%;\"\n                \/>\n            <\/a>\n        <\/div>\n\t\t\t\t\t\t\t<\/div> \n\t\t\t\n\t\t\t\t<div id=\"ngg-image-6\" class=\"ngg-gallery-thumbnail-box \" >\n\t\t\t\t        <div class=\"ngg-gallery-thumbnail\">\n            <a href=\"https:\/\/www.mobilduenne.it\/wp-content\/gallery\/basamento-squadrato\/31-b_secondaria.jpg\"\n               title=\"\"\n               data-src=\"https:\/\/www.mobilduenne.it\/wp-content\/gallery\/basamento-squadrato\/31-b_secondaria.jpg\"\n               data-thumbnail=\"https:\/\/www.mobilduenne.it\/wp-content\/gallery\/basamento-squadrato\/thumbs\/thumbs_31-b_secondaria.jpg\"\n               data-image-id=\"1746\"\n               data-title=\"31-b_secondaria\"\n               data-description=\"\"\n               data-image-slug=\"31-b_secondaria\"\n               class=\"ngg-fancybox\" rel=\"5dbf42267734d26eaecae388f40bca9b\">\n                <img\n                    title=\"31-b_secondaria\"\n                    alt=\"31-b_secondaria\"\n                    src=\"https:\/\/www.mobilduenne.it\/wp-content\/gallery\/basamento-squadrato\/thumbs\/thumbs_31-b_secondaria.jpg\"\n                    width=\"240\"\n                    height=\"160\"\n                    style=\"max-width:100%;\"\n                \/>\n            <\/a>\n        <\/div>\n\t\t\t\t\t\t\t<\/div> \n\t\t\t\n\t\t\t\t<div id=\"ngg-image-7\" class=\"ngg-gallery-thumbnail-box \" >\n\t\t\t\t        <div class=\"ngg-gallery-thumbnail\">\n            <a href=\"https:\/\/www.mobilduenne.it\/wp-content\/gallery\/basamento-squadrato\/31-c_dettaglio.jpg\"\n               title=\"\"\n               data-src=\"https:\/\/www.mobilduenne.it\/wp-content\/gallery\/basamento-squadrato\/31-c_dettaglio.jpg\"\n               data-thumbnail=\"https:\/\/www.mobilduenne.it\/wp-content\/gallery\/basamento-squadrato\/thumbs\/thumbs_31-c_dettaglio.jpg\"\n               data-image-id=\"1751\"\n               data-title=\"31-c_dettaglio\"\n               data-description=\"\"\n               data-image-slug=\"31-c_dettaglio\"\n               class=\"ngg-fancybox\" rel=\"5dbf42267734d26eaecae388f40bca9b\">\n                <img\n                    title=\"31-c_dettaglio\"\n                    alt=\"31-c_dettaglio\"\n                    src=\"https:\/\/www.mobilduenne.it\/wp-content\/gallery\/basamento-squadrato\/thumbs\/thumbs_31-c_dettaglio.jpg\"\n                    width=\"240\"\n                    height=\"160\"\n                    style=\"max-width:100%;\"\n                \/>\n            <\/a>\n        <\/div>\n\t\t\t\t\t\t\t<\/div> \n\t\t\t\n\t\t\t\t<div id=\"ngg-image-8\" class=\"ngg-gallery-thumbnail-box \" >\n\t\t\t\t        <div class=\"ngg-gallery-thumbnail\">\n            <a href=\"https:\/\/www.mobilduenne.it\/wp-content\/gallery\/basamento-squadrato\/32-a_principale.jpg\"\n               title=\"\"\n               data-src=\"https:\/\/www.mobilduenne.it\/wp-content\/gallery\/basamento-squadrato\/32-a_principale.jpg\"\n               data-thumbnail=\"https:\/\/www.mobilduenne.it\/wp-content\/gallery\/basamento-squadrato\/thumbs\/thumbs_32-a_principale.jpg\"\n               data-image-id=\"1754\"\n               data-title=\"32-a_principale\"\n               data-description=\"\"\n               data-image-slug=\"32-a_principale\"\n               class=\"ngg-fancybox\" rel=\"5dbf42267734d26eaecae388f40bca9b\">\n                <img\n                    title=\"32-a_principale\"\n                    alt=\"32-a_principale\"\n                    src=\"https:\/\/www.mobilduenne.it\/wp-content\/gallery\/basamento-squadrato\/thumbs\/thumbs_32-a_principale.jpg\"\n                    width=\"240\"\n                    height=\"160\"\n                    style=\"max-width:100%;\"\n                \/>\n            <\/a>\n        <\/div>\n\t\t\t\t\t\t\t<\/div> \n\t\t\t\n\t\t\t\t<div id=\"ngg-image-9\" class=\"ngg-gallery-thumbnail-box \" >\n\t\t\t\t        <div class=\"ngg-gallery-thumbnail\">\n            <a href=\"https:\/\/www.mobilduenne.it\/wp-content\/gallery\/basamento-squadrato\/32-b_secondaria.jpg\"\n               title=\"\"\n               data-src=\"https:\/\/www.mobilduenne.it\/wp-content\/gallery\/basamento-squadrato\/32-b_secondaria.jpg\"\n               data-thumbnail=\"https:\/\/www.mobilduenne.it\/wp-content\/gallery\/basamento-squadrato\/thumbs\/thumbs_32-b_secondaria.jpg\"\n               data-image-id=\"1752\"\n               data-title=\"32-b_secondaria\"\n               data-description=\"\"\n               data-image-slug=\"32-b_secondaria\"\n               class=\"ngg-fancybox\" rel=\"5dbf42267734d26eaecae388f40bca9b\">\n                <img\n                    title=\"32-b_secondaria\"\n                    alt=\"32-b_secondaria\"\n                    src=\"https:\/\/www.mobilduenne.it\/wp-content\/gallery\/basamento-squadrato\/thumbs\/thumbs_32-b_secondaria.jpg\"\n                    width=\"240\"\n                    height=\"160\"\n                    style=\"max-width:100%;\"\n                \/>\n            <\/a>\n        <\/div>\n\t\t\t\t\t\t\t<\/div> \n\t\t\t\n\t\t\t\t<div id=\"ngg-image-10\" class=\"ngg-gallery-thumbnail-box \" >\n\t\t\t\t        <div class=\"ngg-gallery-thumbnail\">\n            <a href=\"https:\/\/www.mobilduenne.it\/wp-content\/gallery\/basamento-squadrato\/32-c_dettaglio.jpg\"\n               title=\"\"\n               data-src=\"https:\/\/www.mobilduenne.it\/wp-content\/gallery\/basamento-squadrato\/32-c_dettaglio.jpg\"\n               data-thumbnail=\"https:\/\/www.mobilduenne.it\/wp-content\/gallery\/basamento-squadrato\/thumbs\/thumbs_32-c_dettaglio.jpg\"\n               data-image-id=\"1753\"\n               data-title=\"32-c_dettaglio\"\n               data-description=\"\"\n               data-image-slug=\"32-c_dettaglio\"\n               class=\"ngg-fancybox\" rel=\"5dbf42267734d26eaecae388f40bca9b\">\n                <img\n                    title=\"32-c_dettaglio\"\n                    alt=\"32-c_dettaglio\"\n                    src=\"https:\/\/www.mobilduenne.it\/wp-content\/gallery\/basamento-squadrato\/thumbs\/thumbs_32-c_dettaglio.jpg\"\n                    width=\"240\"\n                    height=\"160\"\n                    style=\"max-width:100%;\"\n                \/>\n            <\/a>\n        <\/div>\n\t\t\t\t\t\t\t<\/div> \n\t\t\t\n\t\t\t\t<div id=\"ngg-image-11\" class=\"ngg-gallery-thumbnail-box \" >\n\t\t\t\t        <div class=\"ngg-gallery-thumbnail\">\n            <a href=\"https:\/\/www.mobilduenne.it\/wp-content\/gallery\/basamento-squadrato\/33-a_principale.jpg\"\n               title=\"\"\n               data-src=\"https:\/\/www.mobilduenne.it\/wp-content\/gallery\/basamento-squadrato\/33-a_principale.jpg\"\n               data-thumbnail=\"https:\/\/www.mobilduenne.it\/wp-content\/gallery\/basamento-squadrato\/thumbs\/thumbs_33-a_principale.jpg\"\n               data-image-id=\"1756\"\n               data-title=\"33-a_principale\"\n               data-description=\"\"\n               data-image-slug=\"33-a_principale\"\n               class=\"ngg-fancybox\" rel=\"5dbf42267734d26eaecae388f40bca9b\">\n                <img\n                    title=\"33-a_principale\"\n                    alt=\"33-a_principale\"\n                    src=\"https:\/\/www.mobilduenne.it\/wp-content\/gallery\/basamento-squadrato\/thumbs\/thumbs_33-a_principale.jpg\"\n                    width=\"240\"\n                    height=\"160\"\n                    style=\"max-width:100%;\"\n                \/>\n            <\/a>\n        <\/div>\n\t\t\t\t\t\t\t<\/div> \n\t\t\t\n\t\t\t\t<div id=\"ngg-image-12\" class=\"ngg-gallery-thumbnail-box \" >\n\t\t\t\t        <div class=\"ngg-gallery-thumbnail\">\n            <a href=\"https:\/\/www.mobilduenne.it\/wp-content\/gallery\/basamento-squadrato\/33-b_secondaria.jpg\"\n               title=\"\"\n               data-src=\"https:\/\/www.mobilduenne.it\/wp-content\/gallery\/basamento-squadrato\/33-b_secondaria.jpg\"\n               data-thumbnail=\"https:\/\/www.mobilduenne.it\/wp-content\/gallery\/basamento-squadrato\/thumbs\/thumbs_33-b_secondaria.jpg\"\n               data-image-id=\"1755\"\n               data-title=\"33-b_secondaria\"\n               data-description=\"\"\n               data-image-slug=\"33-b_secondaria\"\n               class=\"ngg-fancybox\" rel=\"5dbf42267734d26eaecae388f40bca9b\">\n                <img\n                    title=\"33-b_secondaria\"\n                    alt=\"33-b_secondaria\"\n                    src=\"https:\/\/www.mobilduenne.it\/wp-content\/gallery\/basamento-squadrato\/thumbs\/thumbs_33-b_secondaria.jpg\"\n                    width=\"240\"\n                    height=\"160\"\n                    style=\"max-width:100%;\"\n                \/>\n            <\/a>\n        <\/div>\n\t\t\t\t\t\t\t<\/div> \n\t\t\t\n\t\t\t\t<div id=\"ngg-image-13\" class=\"ngg-gallery-thumbnail-box \" >\n\t\t\t\t        <div class=\"ngg-gallery-thumbnail\">\n            <a href=\"https:\/\/www.mobilduenne.it\/wp-content\/gallery\/basamento-squadrato\/33-c_dettaglio.jpg\"\n               title=\"\"\n               data-src=\"https:\/\/www.mobilduenne.it\/wp-content\/gallery\/basamento-squadrato\/33-c_dettaglio.jpg\"\n               data-thumbnail=\"https:\/\/www.mobilduenne.it\/wp-content\/gallery\/basamento-squadrato\/thumbs\/thumbs_33-c_dettaglio.jpg\"\n               data-image-id=\"1745\"\n               data-title=\"33-c_dettaglio\"\n               data-description=\"\"\n               data-image-slug=\"33-c_dettaglio\"\n               class=\"ngg-fancybox\" rel=\"5dbf42267734d26eaecae388f40bca9b\">\n                <img\n                    title=\"33-c_dettaglio\"\n                    alt=\"33-c_dettaglio\"\n                    src=\"https:\/\/www.mobilduenne.it\/wp-content\/gallery\/basamento-squadrato\/thumbs\/thumbs_33-c_dettaglio.jpg\"\n                    width=\"240\"\n                    height=\"160\"\n                    style=\"max-width:100%;\"\n                \/>\n            <\/a>\n        <\/div>\n\t\t\t\t\t\t\t<\/div> \n\t\t\t\n\t\n\t<br style=\"clear: both\" \/>\n\n\t\n\t\t<!-- Pagination -->\n\t<div class='ngg-clear'><\/div>\t<\/div>\n[\/vc_column_text][\/vc_column][\/vc_row][\/vc_section]<\/p>\n","protected":false},"excerpt":{"rendered":"<p>[vc_section][vc_row][vc_column width=\u00a0\u00bb1\/2&Prime;][vc_custom_heading text=\u00a0\u00bbNucci\u00a0\u00bb font_container=\u00a0\u00bbtag:h6|font_size:25px|text_align:left|color:%23dddddd\u00a0\u00bb google_fonts=\u00a0\u00bbfont_family:Montserrat%3A100%2C100italic%2C200%2C200italic%2C300%2C300italic%2Cregular%2Citalic%2C500%2C500italic%2C600%2C600italic%2C700%2C700italic%2C800%2C800italic%2C900%2C900italic|font_style:400%20regular%3A400%3Anormal\u00a0\u00bb text_transform=\u00a0\u00bbuppercase\u00a0\u00bb css=\u00a0\u00bb.vc_custom_1718278645369{margin-bottom: 10px !important;}\u00a0\u00bb][vc_row_inner][vc_column_inner][vc_separator align=\u00a0\u00bbalign_left\u00a0\u00bb][vc_separator align=\u00a0\u00bbalign_left\u00a0\u00bb][\/vc_column_inner][\/vc_row_inner][\/vc_column][vc_column width=\u00a0\u00bb1\/2&Prime;][\/vc_column][\/vc_row][vc_row][vc_column][vc_column_text] [\/vc_column_text][\/vc_column][\/vc_row][\/vc_section]<\/p>\n","protected":false},"author":979,"featured_media":0,"parent":0,"menu_order":0,"comment_status":"closed","ping_status":"closed","template":"","meta":{"ngg_post_thumbnail":0},"_links":{"self":[{"href":"https:\/\/www.mobilduenne.it\/fr\/wp-json\/wp\/v2\/pages\/20169"}],"collection":[{"href":"https:\/\/www.mobilduenne.it\/fr\/wp-json\/wp\/v2\/pages"}],"about":[{"href":"https:\/\/www.mobilduenne.it\/fr\/wp-json\/wp\/v2\/types\/page"}],"author":[{"embeddable":true,"href":"https:\/\/www.mobilduenne.it\/fr\/wp-json\/wp\/v2\/users\/979"}],"replies":[{"embeddable":true,"href":"https:\/\/www.mobilduenne.it\/fr\/wp-json\/wp\/v2\/comments?post=20169"}],"version-history":[{"count":8,"href":"https:\/\/www.mobilduenne.it\/fr\/wp-json\/wp\/v2\/pages\/20169\/revisions"}],"predecessor-version":[{"id":20415,"href":"https:\/\/www.mobilduenne.it\/fr\/wp-json\/wp\/v2\/pages\/20169\/revisions\/20415"}],"wp:attachment":[{"href":"https:\/\/www.mobilduenne.it\/fr\/wp-json\/wp\/v2\/media?parent=20169"}],"curies":[{"name":"wp","href":"https:\/\/api.w.org\/{rel}","templated":true}]}}