{"id":18966,"date":"2023-06-08T18:54:40","date_gmt":"2023-06-08T16:54:40","guid":{"rendered":"https:\/\/www.mobilduenne.it\/universale\/"},"modified":"2023-06-08T18:54:40","modified_gmt":"2023-06-08T16:54:40","slug":"universale","status":"publish","type":"page","link":"https:\/\/www.mobilduenne.it\/fr\/universale\/","title":{"rendered":"Universale"},"content":{"rendered":"<p>[vc_section][vc_row][vc_column width=\u00a0\u00bb1\/2&Prime;]<div class=\"wpb_content_element \"><style type=\"text\/css\">#ut_header_69e2f997a2483 h2.section-title, #ut_header_69e2f997a2483 h2.section-title span { color:#252525; }#ut_header_69e2f997a2483 h2.section-title{ font-family:Montserrat;font-weight:400;font-style:normal; }<\/style><header id=\"ut_header_69e2f997a2483\" class=\"section-header ut-no-title-linebreak-mobile ut-no-lead-linebreak-mobile pt-style-7 header-left header-tablet-left header-mobile-center\"><h2 data-title=\"\/ Universale\"  class=\"section-title  \"><span>\/ Universale<\/span><\/h2><div data-delay=\"0\" class=\"lead \"><p>Plan vasque en ocritech disponible dans une finition mate, elle comprend un lavabo qui peut \u00eatre positionn\u00e9 au centre de la console, d\u00e9centr\u00e9 ou en longueur compl\u00e8te pour une solution minimaliste et percutante. La largeur de la console peut \u00eatre personnalis\u00e9e au centim\u00e8tre pr\u00e8s, jusqu&rsquo;\u00e0 2,60 m\u00e8tres. Le bord fin qui court le long de tout le p\u00e9rim\u00e8tre peut \u00eatre personnalis\u00e9 avec l&rsquo;ajout d&rsquo;un rebord anti-\u00e9claboussures. La partie ext\u00e9rieure peut \u00eatre laqu\u00e9e dans toutes les couleurs de notre production, ainsi que dans les couleurs RAL et NCS.<\/p>\n<\/div><\/header><\/div>[vc_row_inner][vc_column_inner]<div class=\"wpb_content_element \"><style type=\"text\/css\">#ut_header_69e2f997a3658 h4.section-title, #ut_header_69e2f997a3658 h4.section-title span { color:#252525; }#ut_header_69e2f997a3658 h4.section-title{ font-family:Montserrat;font-weight:400;font-style:normal; }#ut_header_69e2f997a3658 h4.section-title { font-size: 24px; }<\/style><header id=\"ut_header_69e2f997a3658\" class=\"section-header ut-no-title-linebreak-mobile ut-no-lead-linebreak-mobile pt-style-7 header-left header-tablet-left header-mobile-center\"><h4 data-title=\"CARACT\u00c9RISTIQUES\"  class=\"section-title  \"><span>CARACT\u00c9RISTIQUES<\/span><\/h4><div data-delay=\"0\" class=\"lead \"><p>COULEURS ET FINITIONS<br \/>\nocritech blanc mat<br \/>\nOcritech color\u00e9 opaque \u00e0 l&rsquo;ext\u00e9rieur<\/p>\n<\/div><\/header><\/div>[vc_separator align=\u00a0\u00bbalign_left\u00a0\u00bb]<style type=\"text\/css\">#ut_custom_heading69e2f997a415e a { color:rgba(134, 134, 134, 0.47); }#ut_custom_heading69e2f997a415e { font-family:Montserrat;font-weight:400;font-style:normal; }#ut_custom_heading69e2f997a415e { text-align:left; }@media (min-width: 768px) and (max-width: 1024px) { #ut_custom_heading69e2f997a415e { text-align:left; } }@media (max-width: 767px) { #ut_custom_heading69e2f997a415e { text-align:left; } }<\/style><h4 id=\"ut_custom_heading69e2f997a415e\" class=\"ut-custom-heading-module  \" ><span class=\"\" ><a title=\"\" href=\"http:\/\/web.dea-system.it\/backend\/www\/media\/link\/view\/cod\/913909905f0eb52b96a04050b185d320\" target=\" _blank\" >CATALOGUE PDF<\/a><\/span><\/h4>[vc_separator align=\u00a0\u00bbalign_left\u00a0\u00bb][\/vc_column_inner][\/vc_row_inner][\/vc_column][vc_column width=\u00a0\u00bb1\/2&Prime;]<div data-cursor-skin=\"global\" class=\"wpb_content_element   clearfix\"><style type=\"text\/css\">#ut_am_69e2f997a44da { opacity: 1; }#ut_am_wrap_69e2f997a44db .ut-image-gallery-item-caption-title h3 { letter-spacing: 0em; }#ut_am_wrap_69e2f997a44db .ut-gallery-slider-caption { font-weight: bold; }#ut_am_wrap_69e2f997a44db { text-align: left; }@media (min-width: 768px) and (max-width: 1024px) { #ut_am_wrap_69e2f997a44db { text-align: left !important; } }@media (max-width: 767px) { #ut_am_wrap_69e2f997a44db { text-align: left !important; } }<\/style><div id=\"ut_am_wrap_69e2f997a44db\" class=\"ut-image-gallery-image \"><div id=\"ut_reveal_69e2f997a44dc\"  data-appear-top-offset=\"auto\" class=\"ut-animated-image-item ut-image-gallery-item ut-animation-done \"><a class=\"ut-deactivated-link\" href=\"#\"><div class=\"ut-animated-image-zoom\"><img class=\"ut-lazy skip-lazy ut-animated-image\"  id=\"ut_am_69e2f997a44da\" src=\"data:image\/svg+xml;charset=utf-8,%3Csvg xmlns%3D'http%3A%2F%2Fwww.w3.org%2F2000%2Fsvg' viewBox%3D'0 0 3812 4500'%2F%3E\" data-src=\"https:\/\/www.mobilduenne.it\/wp-content\/uploads\/2022\/07\/017_AA.jpg\" width=\"3812\" height=\"4500\" alt=\"\"\/><\/div><\/a><\/div><\/div><\/div>[\/vc_column][\/vc_row][vc_row][vc_column][vc_column_text]<\/p>\n<p><!-- default-view.php -->\n<div\n\tclass=\"ngg-galleryoverview default-view \"\n\tid=\"ngg-gallery-aefac52418fe1a566042943869cdcc60-1\">\n\n\t\t<!-- Thumbnails -->\n\t\t\t\t<div id=\"ngg-image-0\" class=\"ngg-gallery-thumbnail-box \" >\n\t\t\t\t        <div class=\"ngg-gallery-thumbnail\">\n            <a href=\"https:\/\/www.mobilduenne.it\/wp-content\/gallery\/universale\/014_AA.jpg\"\n               title=\"\"\n               data-src=\"https:\/\/www.mobilduenne.it\/wp-content\/gallery\/universale\/014_AA.jpg\"\n               data-thumbnail=\"https:\/\/www.mobilduenne.it\/wp-content\/gallery\/universale\/thumbs\/thumbs_014_AA.jpg\"\n               data-image-id=\"1064\"\n               data-title=\"014_AA\"\n               data-description=\"\"\n               data-image-slug=\"014_aa\"\n               class=\"ngg-fancybox\" rel=\"aefac52418fe1a566042943869cdcc60\">\n                <img\n                    title=\"014_AA\"\n                    alt=\"014_AA\"\n                    src=\"https:\/\/www.mobilduenne.it\/wp-content\/gallery\/universale\/thumbs\/thumbs_014_AA.jpg\"\n                    width=\"240\"\n                    height=\"160\"\n                    style=\"max-width:100%;\"\n                \/>\n            <\/a>\n        <\/div>\n\t\t\t\t\t\t\t<\/div> \n\t\t\t\n\t\t\t\t<div id=\"ngg-image-1\" class=\"ngg-gallery-thumbnail-box \" >\n\t\t\t\t        <div class=\"ngg-gallery-thumbnail\">\n            <a href=\"https:\/\/www.mobilduenne.it\/wp-content\/gallery\/universale\/014_BB.jpg\"\n               title=\"\"\n               data-src=\"https:\/\/www.mobilduenne.it\/wp-content\/gallery\/universale\/014_BB.jpg\"\n               data-thumbnail=\"https:\/\/www.mobilduenne.it\/wp-content\/gallery\/universale\/thumbs\/thumbs_014_BB.jpg\"\n               data-image-id=\"1065\"\n               data-title=\"014_BB\"\n               data-description=\"\"\n               data-image-slug=\"014_bb\"\n               class=\"ngg-fancybox\" rel=\"aefac52418fe1a566042943869cdcc60\">\n                <img\n                    title=\"014_BB\"\n                    alt=\"014_BB\"\n                    src=\"https:\/\/www.mobilduenne.it\/wp-content\/gallery\/universale\/thumbs\/thumbs_014_BB.jpg\"\n                    width=\"240\"\n                    height=\"160\"\n                    style=\"max-width:100%;\"\n                \/>\n            <\/a>\n        <\/div>\n\t\t\t\t\t\t\t<\/div> \n\t\t\t\n\t\t\t\t<div id=\"ngg-image-2\" class=\"ngg-gallery-thumbnail-box \" >\n\t\t\t\t        <div class=\"ngg-gallery-thumbnail\">\n            <a href=\"https:\/\/www.mobilduenne.it\/wp-content\/gallery\/universale\/015_AA.jpg\"\n               title=\"\"\n               data-src=\"https:\/\/www.mobilduenne.it\/wp-content\/gallery\/universale\/015_AA.jpg\"\n               data-thumbnail=\"https:\/\/www.mobilduenne.it\/wp-content\/gallery\/universale\/thumbs\/thumbs_015_AA.jpg\"\n               data-image-id=\"1066\"\n               data-title=\"015_AA\"\n               data-description=\"\"\n               data-image-slug=\"015_aa\"\n               class=\"ngg-fancybox\" rel=\"aefac52418fe1a566042943869cdcc60\">\n                <img\n                    title=\"015_AA\"\n                    alt=\"015_AA\"\n                    src=\"https:\/\/www.mobilduenne.it\/wp-content\/gallery\/universale\/thumbs\/thumbs_015_AA.jpg\"\n                    width=\"240\"\n                    height=\"160\"\n                    style=\"max-width:100%;\"\n                \/>\n            <\/a>\n        <\/div>\n\t\t\t\t\t\t\t<\/div> \n\t\t\t\n\t\t\t\t<div id=\"ngg-image-3\" class=\"ngg-gallery-thumbnail-box \" >\n\t\t\t\t        <div class=\"ngg-gallery-thumbnail\">\n            <a href=\"https:\/\/www.mobilduenne.it\/wp-content\/gallery\/universale\/015_BB.jpg\"\n               title=\"\"\n               data-src=\"https:\/\/www.mobilduenne.it\/wp-content\/gallery\/universale\/015_BB.jpg\"\n               data-thumbnail=\"https:\/\/www.mobilduenne.it\/wp-content\/gallery\/universale\/thumbs\/thumbs_015_BB.jpg\"\n               data-image-id=\"1067\"\n               data-title=\"015_BB\"\n               data-description=\"\"\n               data-image-slug=\"015_bb\"\n               class=\"ngg-fancybox\" rel=\"aefac52418fe1a566042943869cdcc60\">\n                <img\n                    title=\"015_BB\"\n                    alt=\"015_BB\"\n                    src=\"https:\/\/www.mobilduenne.it\/wp-content\/gallery\/universale\/thumbs\/thumbs_015_BB.jpg\"\n                    width=\"240\"\n                    height=\"160\"\n                    style=\"max-width:100%;\"\n                \/>\n            <\/a>\n        <\/div>\n\t\t\t\t\t\t\t<\/div> \n\t\t\t\n\t\t\t\t<div id=\"ngg-image-4\" class=\"ngg-gallery-thumbnail-box \" >\n\t\t\t\t        <div class=\"ngg-gallery-thumbnail\">\n            <a href=\"https:\/\/www.mobilduenne.it\/wp-content\/gallery\/universale\/016_AA.jpg\"\n               title=\"\"\n               data-src=\"https:\/\/www.mobilduenne.it\/wp-content\/gallery\/universale\/016_AA.jpg\"\n               data-thumbnail=\"https:\/\/www.mobilduenne.it\/wp-content\/gallery\/universale\/thumbs\/thumbs_016_AA.jpg\"\n               data-image-id=\"1068\"\n               data-title=\"016_AA\"\n               data-description=\"\"\n               data-image-slug=\"016_aa\"\n               class=\"ngg-fancybox\" rel=\"aefac52418fe1a566042943869cdcc60\">\n                <img\n                    title=\"016_AA\"\n                    alt=\"016_AA\"\n                    src=\"https:\/\/www.mobilduenne.it\/wp-content\/gallery\/universale\/thumbs\/thumbs_016_AA.jpg\"\n                    width=\"240\"\n                    height=\"160\"\n                    style=\"max-width:100%;\"\n                \/>\n            <\/a>\n        <\/div>\n\t\t\t\t\t\t\t<\/div> \n\t\t\t\n\t\t\t\t<div id=\"ngg-image-5\" class=\"ngg-gallery-thumbnail-box \" >\n\t\t\t\t        <div class=\"ngg-gallery-thumbnail\">\n            <a href=\"https:\/\/www.mobilduenne.it\/wp-content\/gallery\/universale\/016_BB.jpg\"\n               title=\"\"\n               data-src=\"https:\/\/www.mobilduenne.it\/wp-content\/gallery\/universale\/016_BB.jpg\"\n               data-thumbnail=\"https:\/\/www.mobilduenne.it\/wp-content\/gallery\/universale\/thumbs\/thumbs_016_BB.jpg\"\n               data-image-id=\"1069\"\n               data-title=\"016_BB\"\n               data-description=\"\"\n               data-image-slug=\"016_bb\"\n               class=\"ngg-fancybox\" rel=\"aefac52418fe1a566042943869cdcc60\">\n                <img\n                    title=\"016_BB\"\n                    alt=\"016_BB\"\n                    src=\"https:\/\/www.mobilduenne.it\/wp-content\/gallery\/universale\/thumbs\/thumbs_016_BB.jpg\"\n                    width=\"240\"\n                    height=\"160\"\n                    style=\"max-width:100%;\"\n                \/>\n            <\/a>\n        <\/div>\n\t\t\t\t\t\t\t<\/div> \n\t\t\t\n\t\t\t\t<div id=\"ngg-image-6\" class=\"ngg-gallery-thumbnail-box \" >\n\t\t\t\t        <div class=\"ngg-gallery-thumbnail\">\n            <a href=\"https:\/\/www.mobilduenne.it\/wp-content\/gallery\/universale\/017_AA.jpg\"\n               title=\"\"\n               data-src=\"https:\/\/www.mobilduenne.it\/wp-content\/gallery\/universale\/017_AA.jpg\"\n               data-thumbnail=\"https:\/\/www.mobilduenne.it\/wp-content\/gallery\/universale\/thumbs\/thumbs_017_AA.jpg\"\n               data-image-id=\"1070\"\n               data-title=\"017_AA\"\n               data-description=\"\"\n               data-image-slug=\"017_aa\"\n               class=\"ngg-fancybox\" rel=\"aefac52418fe1a566042943869cdcc60\">\n                <img\n                    title=\"017_AA\"\n                    alt=\"017_AA\"\n                    src=\"https:\/\/www.mobilduenne.it\/wp-content\/gallery\/universale\/thumbs\/thumbs_017_AA.jpg\"\n                    width=\"240\"\n                    height=\"160\"\n                    style=\"max-width:100%;\"\n                \/>\n            <\/a>\n        <\/div>\n\t\t\t\t\t\t\t<\/div> \n\t\t\t\n\t\t\t\t<div id=\"ngg-image-7\" class=\"ngg-gallery-thumbnail-box \" >\n\t\t\t\t        <div class=\"ngg-gallery-thumbnail\">\n            <a href=\"https:\/\/www.mobilduenne.it\/wp-content\/gallery\/universale\/017_BB.jpg\"\n               title=\"\"\n               data-src=\"https:\/\/www.mobilduenne.it\/wp-content\/gallery\/universale\/017_BB.jpg\"\n               data-thumbnail=\"https:\/\/www.mobilduenne.it\/wp-content\/gallery\/universale\/thumbs\/thumbs_017_BB.jpg\"\n               data-image-id=\"1071\"\n               data-title=\"017_BB\"\n               data-description=\"\"\n               data-image-slug=\"017_bb\"\n               class=\"ngg-fancybox\" rel=\"aefac52418fe1a566042943869cdcc60\">\n                <img\n                    title=\"017_BB\"\n                    alt=\"017_BB\"\n                    src=\"https:\/\/www.mobilduenne.it\/wp-content\/gallery\/universale\/thumbs\/thumbs_017_BB.jpg\"\n                    width=\"240\"\n                    height=\"160\"\n                    style=\"max-width:100%;\"\n                \/>\n            <\/a>\n        <\/div>\n\t\t\t\t\t\t\t<\/div> \n\t\t\t\n\t\n\t<br style=\"clear: both\" \/>\n\n\t\n\t\t<!-- Pagination -->\n\t<div class='ngg-clear'><\/div>\t<\/div>\n[\/vc_column_text][\/vc_column][\/vc_row][\/vc_section]<\/p>\n","protected":false},"excerpt":{"rendered":"<p>[vc_section][vc_row][vc_column width=\u00a0\u00bb1\/2&Prime;][vc_row_inner][vc_column_inner][vc_separator align=\u00a0\u00bbalign_left\u00a0\u00bb][vc_separator align=\u00a0\u00bbalign_left\u00a0\u00bb][\/vc_column_inner][\/vc_row_inner][\/vc_column][vc_column width=\u00a0\u00bb1\/2&Prime;][\/vc_column][\/vc_row][vc_row][vc_column][vc_column_text] [\/vc_column_text][\/vc_column][\/vc_row][\/vc_section]<\/p>\n","protected":false},"author":979,"featured_media":0,"parent":0,"menu_order":0,"comment_status":"closed","ping_status":"closed","template":"","meta":{"ngg_post_thumbnail":0},"_links":{"self":[{"href":"https:\/\/www.mobilduenne.it\/fr\/wp-json\/wp\/v2\/pages\/18966"}],"collection":[{"href":"https:\/\/www.mobilduenne.it\/fr\/wp-json\/wp\/v2\/pages"}],"about":[{"href":"https:\/\/www.mobilduenne.it\/fr\/wp-json\/wp\/v2\/types\/page"}],"author":[{"embeddable":true,"href":"https:\/\/www.mobilduenne.it\/fr\/wp-json\/wp\/v2\/users\/979"}],"replies":[{"embeddable":true,"href":"https:\/\/www.mobilduenne.it\/fr\/wp-json\/wp\/v2\/comments?post=18966"}],"version-history":[{"count":2,"href":"https:\/\/www.mobilduenne.it\/fr\/wp-json\/wp\/v2\/pages\/18966\/revisions"}],"predecessor-version":[{"id":18968,"href":"https:\/\/www.mobilduenne.it\/fr\/wp-json\/wp\/v2\/pages\/18966\/revisions\/18968"}],"wp:attachment":[{"href":"https:\/\/www.mobilduenne.it\/fr\/wp-json\/wp\/v2\/media?parent=18966"}],"curies":[{"name":"wp","href":"https:\/\/api.w.org\/{rel}","templated":true}]}}