{"id":18779,"date":"2023-06-08T17:41:23","date_gmt":"2023-06-08T15:41:23","guid":{"rendered":"https:\/\/www.mobilduenne.it\/classico\/"},"modified":"2024-06-14T14:54:57","modified_gmt":"2024-06-14T12:54:57","slug":"classico","status":"publish","type":"page","link":"https:\/\/www.mobilduenne.it\/fr\/classico\/","title":{"rendered":"Classico"},"content":{"rendered":"<p>[vc_section][vc_row][vc_column width=\u00a0\u00bb1\/2&Prime;][vc_custom_heading text=\u00a0\u00bbUpdate\u00a0\u00bb font_container=\u00a0\u00bbtag:h6|font_size:25px|text_align:left|color:%23dddddd\u00a0\u00bb google_fonts=\u00a0\u00bbfont_family:Montserrat%3A100%2C100italic%2C200%2C200italic%2C300%2C300italic%2Cregular%2Citalic%2C500%2C500italic%2C600%2C600italic%2C700%2C700italic%2C800%2C800italic%2C900%2C900italic|font_style:400%20regular%3A400%3Anormal\u00a0\u00bb text_transform=\u00a0\u00bbuppercase\u00a0\u00bb css=\u00a0\u00bb.vc_custom_1656945354208{margin-bottom: 10px !important;}\u00a0\u00bb]<div class=\"wpb_content_element \"><style type=\"text\/css\">#ut_header_69e3115cb602f h2.section-title, #ut_header_69e3115cb602f h2.section-title span { color:#252525; }#ut_header_69e3115cb602f h2.section-title{ font-family:Montserrat;font-weight:400;font-style:normal; }<\/style><header id=\"ut_header_69e3115cb602f\" class=\"section-header ut-no-title-linebreak-mobile ut-no-lead-linebreak-mobile pt-style-7 header-left header-tablet-left header-mobile-center\"><h2 data-title=\"\/ Classico\"  class=\"section-title  \"><span>\/ Classico<\/span><\/h2><div data-delay=\"0\" class=\"lead \"><p>La fa\u00e7ade classique \u00e0 cadre est revisit\u00e9 dans une approche contemporaine, cr\u00e9ant un syst\u00e8me raffin\u00e9 et polyvalent. \u00c9quilibr\u00e9e dans ses proportions, la fa\u00e7ade classique \u00e0 cadre se d\u00e9cline en deux variantes : avec ouverture push-pull ou avec une poign\u00e9e.<\/p>\n<\/div><\/header><\/div>[vc_row_inner][vc_column_inner]<div class=\"wpb_content_element \"><style type=\"text\/css\">#ut_header_69e3115cb7205 h4.section-title, #ut_header_69e3115cb7205 h4.section-title span { color:#252525; }#ut_header_69e3115cb7205 h4.section-title{ font-family:Montserrat;font-weight:400;font-style:normal; }#ut_header_69e3115cb7205 h4.section-title { font-size: 24px; }<\/style><header id=\"ut_header_69e3115cb7205\" class=\"section-header ut-no-title-linebreak-mobile ut-no-lead-linebreak-mobile pt-style-7 header-left header-tablet-left header-mobile-center\"><h4 data-title=\"CARACT\u00c9RISTIQUES\"  class=\"section-title  \"><span>CARACT\u00c9RISTIQUES<\/span><\/h4><div data-delay=\"0\" class=\"lead \"><p>Laqu\u00e9s brillants et mats<\/p>\n<\/div><\/header><\/div>[vc_separator align=\u00a0\u00bbalign_left\u00a0\u00bb]<style type=\"text\/css\">#ut_custom_heading69e3115cb7cf5 a { color:rgba(134, 134, 134, 0.47); }#ut_custom_heading69e3115cb7cf5 { font-family:Montserrat;font-weight:400;font-style:normal; }#ut_custom_heading69e3115cb7cf5 { text-align:left; }@media (min-width: 768px) and (max-width: 1024px) { #ut_custom_heading69e3115cb7cf5 { text-align:left; } }@media (max-width: 767px) { #ut_custom_heading69e3115cb7cf5 { text-align:left; } }<\/style><h4 id=\"ut_custom_heading69e3115cb7cf5\" class=\"ut-custom-heading-module  \" ><span class=\"\" ><a title=\"\" href=\"http:\/\/web.dea-system.it\/backend\/www\/media\/link\/view\/cod\/cae9ae2f459b261cb1ac05351df94c7e\" target=\" _blank\" ><span class=\"tlid-translation translation\" lang=\"fr\"><span class=\"\" title=\"\">CATALOGUE PDF<\/span><\/span><\/a><\/span><\/h4>[vc_separator align=\u00a0\u00bbalign_left\u00a0\u00bb][\/vc_column_inner][\/vc_row_inner][\/vc_column][vc_column width=\u00a0\u00bb1\/2&Prime;]<div data-cursor-skin=\"global\" class=\"wpb_content_element   clearfix\"><style type=\"text\/css\">#ut_am_69e3115cb83f5 { opacity: 1; }#ut_am_wrap_69e3115cb83f6 .ut-image-gallery-item-caption-title h3 { letter-spacing: 0em; }#ut_am_wrap_69e3115cb83f6 .ut-gallery-slider-caption { font-weight: bold; }#ut_am_wrap_69e3115cb83f6 { text-align: left; }@media (min-width: 768px) and (max-width: 1024px) { #ut_am_wrap_69e3115cb83f6 { text-align: left !important; } }@media (max-width: 767px) { #ut_am_wrap_69e3115cb83f6 { text-align: left !important; } }<\/style><div id=\"ut_am_wrap_69e3115cb83f6\" class=\"ut-image-gallery-image \"><div id=\"ut_reveal_69e3115cb83f7\"  data-appear-top-offset=\"auto\" class=\"ut-animated-image-item ut-image-gallery-item ut-animation-done \"><a class=\"ut-deactivated-link\" href=\"#\"><div class=\"ut-animated-image-zoom\"><img class=\"ut-lazy skip-lazy ut-animated-image\"  id=\"ut_am_69e3115cb83f5\" src=\"data:image\/svg+xml;charset=utf-8,%3Csvg xmlns%3D'http%3A%2F%2Fwww.w3.org%2F2000%2Fsvg' viewBox%3D'0 0 3812 4500'%2F%3E\" data-src=\"https:\/\/www.mobilduenne.it\/wp-content\/uploads\/2022\/07\/824_AA.jpg\" width=\"3812\" height=\"4500\" alt=\"\"\/><\/div><\/a><\/div><\/div><\/div>[\/vc_column][\/vc_row][vc_row][vc_column][vc_column_text]<\/p>\n<p><!-- default-view.php -->\n<div\n\tclass=\"ngg-galleryoverview default-view \"\n\tid=\"ngg-gallery-43c9c4c8ec78b2ff8b313e8800932dfa-1\">\n\n\t\t<!-- Thumbnails -->\n\t\t\t\t<div id=\"ngg-image-0\" class=\"ngg-gallery-thumbnail-box \" >\n\t\t\t\t        <div class=\"ngg-gallery-thumbnail\">\n            <a href=\"https:\/\/www.mobilduenne.it\/wp-content\/gallery\/classico\/824_AA.jpg\"\n               title=\"\"\n               data-src=\"https:\/\/www.mobilduenne.it\/wp-content\/gallery\/classico\/824_AA.jpg\"\n               data-thumbnail=\"https:\/\/www.mobilduenne.it\/wp-content\/gallery\/classico\/thumbs\/thumbs_824_AA.jpg\"\n               data-image-id=\"983\"\n               data-title=\"824_AA\"\n               data-description=\"\"\n               data-image-slug=\"824_aa\"\n               class=\"ngg-fancybox\" rel=\"43c9c4c8ec78b2ff8b313e8800932dfa\">\n                <img\n                    title=\"824_AA\"\n                    alt=\"824_AA\"\n                    src=\"https:\/\/www.mobilduenne.it\/wp-content\/gallery\/classico\/thumbs\/thumbs_824_AA.jpg\"\n                    width=\"240\"\n                    height=\"160\"\n                    style=\"max-width:100%;\"\n                \/>\n            <\/a>\n        <\/div>\n\t\t\t\t\t\t\t<\/div> \n\t\t\t\n\t\t\t\t<div id=\"ngg-image-1\" class=\"ngg-gallery-thumbnail-box \" >\n\t\t\t\t        <div class=\"ngg-gallery-thumbnail\">\n            <a href=\"https:\/\/www.mobilduenne.it\/wp-content\/gallery\/classico\/824_BB.jpg\"\n               title=\"\"\n               data-src=\"https:\/\/www.mobilduenne.it\/wp-content\/gallery\/classico\/824_BB.jpg\"\n               data-thumbnail=\"https:\/\/www.mobilduenne.it\/wp-content\/gallery\/classico\/thumbs\/thumbs_824_BB.jpg\"\n               data-image-id=\"984\"\n               data-title=\"824_BB\"\n               data-description=\"\"\n               data-image-slug=\"824_bb\"\n               class=\"ngg-fancybox\" rel=\"43c9c4c8ec78b2ff8b313e8800932dfa\">\n                <img\n                    title=\"824_BB\"\n                    alt=\"824_BB\"\n                    src=\"https:\/\/www.mobilduenne.it\/wp-content\/gallery\/classico\/thumbs\/thumbs_824_BB.jpg\"\n                    width=\"240\"\n                    height=\"160\"\n                    style=\"max-width:100%;\"\n                \/>\n            <\/a>\n        <\/div>\n\t\t\t\t\t\t\t<\/div> \n\t\t\t\n\t\t\t\t<div id=\"ngg-image-2\" class=\"ngg-gallery-thumbnail-box \" >\n\t\t\t\t        <div class=\"ngg-gallery-thumbnail\">\n            <a href=\"https:\/\/www.mobilduenne.it\/wp-content\/gallery\/classico\/825_AA.jpg\"\n               title=\"\"\n               data-src=\"https:\/\/www.mobilduenne.it\/wp-content\/gallery\/classico\/825_AA.jpg\"\n               data-thumbnail=\"https:\/\/www.mobilduenne.it\/wp-content\/gallery\/classico\/thumbs\/thumbs_825_AA.jpg\"\n               data-image-id=\"985\"\n               data-title=\"825_AA\"\n               data-description=\"\"\n               data-image-slug=\"825_aa\"\n               class=\"ngg-fancybox\" rel=\"43c9c4c8ec78b2ff8b313e8800932dfa\">\n                <img\n                    title=\"825_AA\"\n                    alt=\"825_AA\"\n                    src=\"https:\/\/www.mobilduenne.it\/wp-content\/gallery\/classico\/thumbs\/thumbs_825_AA.jpg\"\n                    width=\"240\"\n                    height=\"160\"\n                    style=\"max-width:100%;\"\n                \/>\n            <\/a>\n        <\/div>\n\t\t\t\t\t\t\t<\/div> \n\t\t\t\n\t\t\t\t<div id=\"ngg-image-3\" class=\"ngg-gallery-thumbnail-box \" >\n\t\t\t\t        <div class=\"ngg-gallery-thumbnail\">\n            <a href=\"https:\/\/www.mobilduenne.it\/wp-content\/gallery\/classico\/825_BB.jpg\"\n               title=\"\"\n               data-src=\"https:\/\/www.mobilduenne.it\/wp-content\/gallery\/classico\/825_BB.jpg\"\n               data-thumbnail=\"https:\/\/www.mobilduenne.it\/wp-content\/gallery\/classico\/thumbs\/thumbs_825_BB.jpg\"\n               data-image-id=\"986\"\n               data-title=\"825_BB\"\n               data-description=\"\"\n               data-image-slug=\"825_bb\"\n               class=\"ngg-fancybox\" rel=\"43c9c4c8ec78b2ff8b313e8800932dfa\">\n                <img\n                    title=\"825_BB\"\n                    alt=\"825_BB\"\n                    src=\"https:\/\/www.mobilduenne.it\/wp-content\/gallery\/classico\/thumbs\/thumbs_825_BB.jpg\"\n                    width=\"240\"\n                    height=\"160\"\n                    style=\"max-width:100%;\"\n                \/>\n            <\/a>\n        <\/div>\n\t\t\t\t\t\t\t<\/div> \n\t\t\t\n\t\t\t\t<div id=\"ngg-image-4\" class=\"ngg-gallery-thumbnail-box \" >\n\t\t\t\t        <div class=\"ngg-gallery-thumbnail\">\n            <a href=\"https:\/\/www.mobilduenne.it\/wp-content\/gallery\/classico\/826_AA.jpg\"\n               title=\"\"\n               data-src=\"https:\/\/www.mobilduenne.it\/wp-content\/gallery\/classico\/826_AA.jpg\"\n               data-thumbnail=\"https:\/\/www.mobilduenne.it\/wp-content\/gallery\/classico\/thumbs\/thumbs_826_AA.jpg\"\n               data-image-id=\"987\"\n               data-title=\"826_AA\"\n               data-description=\"\"\n               data-image-slug=\"826_aa\"\n               class=\"ngg-fancybox\" rel=\"43c9c4c8ec78b2ff8b313e8800932dfa\">\n                <img\n                    title=\"826_AA\"\n                    alt=\"826_AA\"\n                    src=\"https:\/\/www.mobilduenne.it\/wp-content\/gallery\/classico\/thumbs\/thumbs_826_AA.jpg\"\n                    width=\"240\"\n                    height=\"160\"\n                    style=\"max-width:100%;\"\n                \/>\n            <\/a>\n        <\/div>\n\t\t\t\t\t\t\t<\/div> \n\t\t\t\n\t\t\t\t<div id=\"ngg-image-5\" class=\"ngg-gallery-thumbnail-box \" >\n\t\t\t\t        <div class=\"ngg-gallery-thumbnail\">\n            <a href=\"https:\/\/www.mobilduenne.it\/wp-content\/gallery\/classico\/826_BB.jpg\"\n               title=\"\"\n               data-src=\"https:\/\/www.mobilduenne.it\/wp-content\/gallery\/classico\/826_BB.jpg\"\n               data-thumbnail=\"https:\/\/www.mobilduenne.it\/wp-content\/gallery\/classico\/thumbs\/thumbs_826_BB.jpg\"\n               data-image-id=\"988\"\n               data-title=\"826_BB\"\n               data-description=\"\"\n               data-image-slug=\"826_bb\"\n               class=\"ngg-fancybox\" rel=\"43c9c4c8ec78b2ff8b313e8800932dfa\">\n                <img\n                    title=\"826_BB\"\n                    alt=\"826_BB\"\n                    src=\"https:\/\/www.mobilduenne.it\/wp-content\/gallery\/classico\/thumbs\/thumbs_826_BB.jpg\"\n                    width=\"240\"\n                    height=\"160\"\n                    style=\"max-width:100%;\"\n                \/>\n            <\/a>\n        <\/div>\n\t\t\t\t\t\t\t<\/div> \n\t\t\t\n\t\t\t\t<div id=\"ngg-image-6\" class=\"ngg-gallery-thumbnail-box \" >\n\t\t\t\t        <div class=\"ngg-gallery-thumbnail\">\n            <a href=\"https:\/\/www.mobilduenne.it\/wp-content\/gallery\/classico\/827_AA.jpg\"\n               title=\"\"\n               data-src=\"https:\/\/www.mobilduenne.it\/wp-content\/gallery\/classico\/827_AA.jpg\"\n               data-thumbnail=\"https:\/\/www.mobilduenne.it\/wp-content\/gallery\/classico\/thumbs\/thumbs_827_AA.jpg\"\n               data-image-id=\"989\"\n               data-title=\"827_AA\"\n               data-description=\"\"\n               data-image-slug=\"827_aa\"\n               class=\"ngg-fancybox\" rel=\"43c9c4c8ec78b2ff8b313e8800932dfa\">\n                <img\n                    title=\"827_AA\"\n                    alt=\"827_AA\"\n                    src=\"https:\/\/www.mobilduenne.it\/wp-content\/gallery\/classico\/thumbs\/thumbs_827_AA.jpg\"\n                    width=\"240\"\n                    height=\"160\"\n                    style=\"max-width:100%;\"\n                \/>\n            <\/a>\n        <\/div>\n\t\t\t\t\t\t\t<\/div> \n\t\t\t\n\t\t\t\t<div id=\"ngg-image-7\" class=\"ngg-gallery-thumbnail-box \" >\n\t\t\t\t        <div class=\"ngg-gallery-thumbnail\">\n            <a href=\"https:\/\/www.mobilduenne.it\/wp-content\/gallery\/classico\/827_BB.jpg\"\n               title=\"\"\n               data-src=\"https:\/\/www.mobilduenne.it\/wp-content\/gallery\/classico\/827_BB.jpg\"\n               data-thumbnail=\"https:\/\/www.mobilduenne.it\/wp-content\/gallery\/classico\/thumbs\/thumbs_827_BB.jpg\"\n               data-image-id=\"990\"\n               data-title=\"827_BB\"\n               data-description=\"\"\n               data-image-slug=\"827_bb\"\n               class=\"ngg-fancybox\" rel=\"43c9c4c8ec78b2ff8b313e8800932dfa\">\n                <img\n                    title=\"827_BB\"\n                    alt=\"827_BB\"\n                    src=\"https:\/\/www.mobilduenne.it\/wp-content\/gallery\/classico\/thumbs\/thumbs_827_BB.jpg\"\n                    width=\"240\"\n                    height=\"160\"\n                    style=\"max-width:100%;\"\n                \/>\n            <\/a>\n        <\/div>\n\t\t\t\t\t\t\t<\/div> \n\t\t\t\n\t\t\t\t<div id=\"ngg-image-8\" class=\"ngg-gallery-thumbnail-box \" >\n\t\t\t\t        <div class=\"ngg-gallery-thumbnail\">\n            <a href=\"https:\/\/www.mobilduenne.it\/wp-content\/gallery\/classico\/35-c_dettaglio.jpg\"\n               title=\"\"\n               data-src=\"https:\/\/www.mobilduenne.it\/wp-content\/gallery\/classico\/35-c_dettaglio.jpg\"\n               data-thumbnail=\"https:\/\/www.mobilduenne.it\/wp-content\/gallery\/classico\/thumbs\/thumbs_35-c_dettaglio.jpg\"\n               data-image-id=\"1668\"\n               data-title=\"35-c_dettaglio\"\n               data-description=\"\"\n               data-image-slug=\"35-c_dettaglio-1\"\n               class=\"ngg-fancybox\" rel=\"43c9c4c8ec78b2ff8b313e8800932dfa\">\n                <img\n                    title=\"35-c_dettaglio\"\n                    alt=\"35-c_dettaglio\"\n                    src=\"https:\/\/www.mobilduenne.it\/wp-content\/gallery\/classico\/thumbs\/thumbs_35-c_dettaglio.jpg\"\n                    width=\"240\"\n                    height=\"160\"\n                    style=\"max-width:100%;\"\n                \/>\n            <\/a>\n        <\/div>\n\t\t\t\t\t\t\t<\/div> \n\t\t\t\n\t\t\t\t<div id=\"ngg-image-9\" class=\"ngg-gallery-thumbnail-box \" >\n\t\t\t\t        <div class=\"ngg-gallery-thumbnail\">\n            <a href=\"https:\/\/www.mobilduenne.it\/wp-content\/gallery\/classico\/35-b_secondaria.jpg\"\n               title=\"\"\n               data-src=\"https:\/\/www.mobilduenne.it\/wp-content\/gallery\/classico\/35-b_secondaria.jpg\"\n               data-thumbnail=\"https:\/\/www.mobilduenne.it\/wp-content\/gallery\/classico\/thumbs\/thumbs_35-b_secondaria.jpg\"\n               data-image-id=\"1669\"\n               data-title=\"35-b_secondaria\"\n               data-description=\"\"\n               data-image-slug=\"35-b_secondaria-1\"\n               class=\"ngg-fancybox\" rel=\"43c9c4c8ec78b2ff8b313e8800932dfa\">\n                <img\n                    title=\"35-b_secondaria\"\n                    alt=\"35-b_secondaria\"\n                    src=\"https:\/\/www.mobilduenne.it\/wp-content\/gallery\/classico\/thumbs\/thumbs_35-b_secondaria.jpg\"\n                    width=\"240\"\n                    height=\"160\"\n                    style=\"max-width:100%;\"\n                \/>\n            <\/a>\n        <\/div>\n\t\t\t\t\t\t\t<\/div> \n\t\t\t\n\t\t\t\t<div id=\"ngg-image-10\" class=\"ngg-gallery-thumbnail-box \" >\n\t\t\t\t        <div class=\"ngg-gallery-thumbnail\">\n            <a href=\"https:\/\/www.mobilduenne.it\/wp-content\/gallery\/classico\/35-a_principale.jpg\"\n               title=\"\"\n               data-src=\"https:\/\/www.mobilduenne.it\/wp-content\/gallery\/classico\/35-a_principale.jpg\"\n               data-thumbnail=\"https:\/\/www.mobilduenne.it\/wp-content\/gallery\/classico\/thumbs\/thumbs_35-a_principale.jpg\"\n               data-image-id=\"1670\"\n               data-title=\"35-a_principale\"\n               data-description=\"\"\n               data-image-slug=\"35-a_principale-1\"\n               class=\"ngg-fancybox\" rel=\"43c9c4c8ec78b2ff8b313e8800932dfa\">\n                <img\n                    title=\"35-a_principale\"\n                    alt=\"35-a_principale\"\n                    src=\"https:\/\/www.mobilduenne.it\/wp-content\/gallery\/classico\/thumbs\/thumbs_35-a_principale.jpg\"\n                    width=\"240\"\n                    height=\"160\"\n                    style=\"max-width:100%;\"\n                \/>\n            <\/a>\n        <\/div>\n\t\t\t\t\t\t\t<\/div> \n\t\t\t\n\t\n\t<br style=\"clear: both\" \/>\n\n\t\n\t\t<!-- Pagination -->\n\t<div class='ngg-clear'><\/div>\t<\/div>\n[\/vc_column_text][\/vc_column][\/vc_row][\/vc_section]<\/p>\n","protected":false},"excerpt":{"rendered":"<p>[vc_section][vc_row][vc_column width=\u00a0\u00bb1\/2&Prime;][vc_custom_heading text=\u00a0\u00bbUpdate\u00a0\u00bb font_container=\u00a0\u00bbtag:h6|font_size:25px|text_align:left|color:%23dddddd\u00a0\u00bb google_fonts=\u00a0\u00bbfont_family:Montserrat%3A100%2C100italic%2C200%2C200italic%2C300%2C300italic%2Cregular%2Citalic%2C500%2C500italic%2C600%2C600italic%2C700%2C700italic%2C800%2C800italic%2C900%2C900italic|font_style:400%20regular%3A400%3Anormal\u00a0\u00bb text_transform=\u00a0\u00bbuppercase\u00a0\u00bb css=\u00a0\u00bb.vc_custom_1656945354208{margin-bottom: 10px !important;}\u00a0\u00bb][vc_row_inner][vc_column_inner][vc_separator align=\u00a0\u00bbalign_left\u00a0\u00bb][vc_separator align=\u00a0\u00bbalign_left\u00a0\u00bb][\/vc_column_inner][\/vc_row_inner][\/vc_column][vc_column width=\u00a0\u00bb1\/2&Prime;][\/vc_column][\/vc_row][vc_row][vc_column][vc_column_text] [\/vc_column_text][\/vc_column][\/vc_row][\/vc_section]<\/p>\n","protected":false},"author":979,"featured_media":0,"parent":0,"menu_order":0,"comment_status":"closed","ping_status":"closed","template":"","meta":{"ngg_post_thumbnail":0},"_links":{"self":[{"href":"https:\/\/www.mobilduenne.it\/fr\/wp-json\/wp\/v2\/pages\/18779"}],"collection":[{"href":"https:\/\/www.mobilduenne.it\/fr\/wp-json\/wp\/v2\/pages"}],"about":[{"href":"https:\/\/www.mobilduenne.it\/fr\/wp-json\/wp\/v2\/types\/page"}],"author":[{"embeddable":true,"href":"https:\/\/www.mobilduenne.it\/fr\/wp-json\/wp\/v2\/users\/979"}],"replies":[{"embeddable":true,"href":"https:\/\/www.mobilduenne.it\/fr\/wp-json\/wp\/v2\/comments?post=18779"}],"version-history":[{"count":5,"href":"https:\/\/www.mobilduenne.it\/fr\/wp-json\/wp\/v2\/pages\/18779\/revisions"}],"predecessor-version":[{"id":20188,"href":"https:\/\/www.mobilduenne.it\/fr\/wp-json\/wp\/v2\/pages\/18779\/revisions\/20188"}],"wp:attachment":[{"href":"https:\/\/www.mobilduenne.it\/fr\/wp-json\/wp\/v2\/media?parent=18779"}],"curies":[{"name":"wp","href":"https:\/\/api.w.org\/{rel}","templated":true}]}}