{"id":12516,"date":"2020-08-12T16:13:46","date_gmt":"2020-08-12T14:13:46","guid":{"rendered":"http:\/\/www.mobilduenne.it\/facile\/"},"modified":"2023-06-08T20:23:37","modified_gmt":"2023-06-08T18:23:37","slug":"facile","status":"publish","type":"page","link":"https:\/\/www.mobilduenne.it\/fr\/facile\/","title":{"rendered":"Facile"},"content":{"rendered":"<p>[vc_section][vc_row][vc_column width=\u00a0\u00bb1\/2&Prime;]<div class=\"wpb_content_element \"><style type=\"text\/css\">#ut_header_69e2f9af57a4d h2.section-title, #ut_header_69e2f9af57a4d h2.section-title span { color:#252525; }#ut_header_69e2f9af57a4d h2.section-title{ font-family:Montserrat;font-weight:400;font-style:normal; }<\/style><header id=\"ut_header_69e2f9af57a4d\" class=\"section-header ut-no-title-linebreak-mobile ut-no-lead-linebreak-mobile pt-style-7 header-left header-tablet-left header-mobile-center\"><h2 data-title=\"\/ Facile\"  class=\"section-title  \"><span>\/ Facile<\/span><\/h2><div data-delay=\"0\" class=\"lead \"><p>IL EST FACILE de remplacer l&rsquo;ancien lavabo sur colonne sans faire de nouveaux trous dans le mur.<\/p>\n<\/div><\/header><\/div>[vc_row_inner][vc_column_inner]<div class=\"wpb_content_element \"><style type=\"text\/css\">#ut_header_69e2f9af58c9d h4.section-title, #ut_header_69e2f9af58c9d h4.section-title span { color:#252525; }#ut_header_69e2f9af58c9d h4.section-title{ font-family:Montserrat;font-weight:400;font-style:normal; }#ut_header_69e2f9af58c9d h4.section-title { font-size: 24px; }<\/style><header id=\"ut_header_69e2f9af58c9d\" class=\"section-header ut-no-title-linebreak-mobile ut-no-lead-linebreak-mobile pt-style-7 header-left header-tablet-left header-mobile-center\"><h4 data-title=\"CARACT\u00c9RISTIQUES\"  class=\"section-title  \"><span>CARACT\u00c9RISTIQUES<\/span><\/h4><div data-delay=\"0\" class=\"lead \"><p>Syst\u00e8me d&rsquo;assemblage brevet\u00e9 pour l&rsquo;application de bases de lavabo en remplacement du lavabo \u00e0 colonne. Pour la proc\u00e9dure, il ne sera pas n\u00e9cessaire de faire de per\u00e7age: vous utiliserez les fixations, ainsi que les drains, comme d\u00e9j\u00e0 pr\u00e9par\u00e9 pour tout lavabo sur pied.<\/p>\n<\/div><\/header><\/div><div data-cursor-skin=\"global\" class=\"wpb_content_element   clearfix\"><style type=\"text\/css\">#ut_am_69e2f9af59ae7 { opacity: 1; }#ut_am_wrap_69e2f9af59ae8 .ut-image-gallery-item-caption-title h3 { letter-spacing: 0em; }#ut_am_wrap_69e2f9af59ae8 .ut-gallery-slider-caption { font-weight: bold; }#ut_am_wrap_69e2f9af59ae8 { text-align: left; }@media (min-width: 768px) and (max-width: 1024px) { #ut_am_wrap_69e2f9af59ae8 { text-align: left !important; } }@media (max-width: 767px) { #ut_am_wrap_69e2f9af59ae8 { text-align: left !important; } }<\/style><div id=\"ut_am_wrap_69e2f9af59ae8\" class=\"ut-image-gallery-image \"><div id=\"ut_reveal_69e2f9af59ae9\"  data-appear-top-offset=\"auto\" class=\"ut-animated-image-item ut-image-gallery-item ut-animation-done \"><a class=\"ut-deactivated-link\" href=\"#\"><div class=\"ut-animated-image-zoom\"><img class=\"ut-lazy skip-lazy ut-animated-image\"  id=\"ut_am_69e2f9af59ae7\" src=\"data:image\/svg+xml;charset=utf-8,%3Csvg xmlns%3D'http%3A%2F%2Fwww.w3.org%2F2000%2Fsvg' viewBox%3D'0 0 1061 473'%2F%3E\" data-src=\"https:\/\/www.mobilduenne.it\/wp-content\/uploads\/2020\/07\/immagine-dettaglio-accanto-al-testo.jpg\" width=\"1061\" height=\"473\" alt=\"\"\/><\/div><\/a><\/div><\/div><\/div>[\/vc_column_inner][\/vc_row_inner][\/vc_column][vc_column width=\u00a0\u00bb1\/2&Prime;]<div class=\"wpb_content_element \"><style type=\"text\/css\">#ut_vs_69e2f9af59bd3.ut-shortcode-video-wrap .ut-video-module-caption-text span { font-weight: bold; }<\/style><div id=\"ut_vs_69e2f9af59bd3\" class=\"ut-shortcode-video-wrap  ut-shortcode-video-wrap-tablet- ut-shortcode-video-wrap-mobile- clearfix\" ><div class=\"ut-video-module \"><div class=\"ut-video-module-caption \"><a class=\"ut-load-video \" data-location=\"inline\"  data-video=\"https:\/\/www.youtube.com\/watch?v=jXHckWg7Toc&amp;feature=emb_logo\" data-html=\"#ut_vid_69e2f9af59c84\" href=\"#\"><img class=\"ut-lozad\" src=\"data:image\/svg+xml;charset=utf-8,%3Csvg xmlns%3D'http%3A%2F%2Fwww.w3.org%2F2000%2Fsvg' viewBox%3D'0 0 1280 720'%2F%3E\" data-src=\"\/\/i.ytimg.com\/vi\/jXHckWg7Toc\/maxresdefault.jpg\" width=\"1280\" height=\"720\"><div class=\"ut-video-module-caption-text\"><div class=\"ut-video-module-inner-caption-text ut-video-module-empty-caption ut-video-module-caption-position-default\"><div class=\"ut-video-module-play-icon \"><i class=\"Bklyn-Core-Right-6\" aria-hidden=\"true\"><\/i><\/div><\/div><\/div><\/a><\/div><div class=\"ut-video-module-loading\"><div class=\"sk-fading-circle\"><div class=\"sk-circle1 sk-circle\"><\/div><div class=\"sk-circle2 sk-circle\"><\/div><div class=\"sk-circle3 sk-circle\"><\/div><div class=\"sk-circle4 sk-circle\"><\/div><div class=\"sk-circle5 sk-circle\"><\/div><div class=\"sk-circle6 sk-circle\"><\/div><div class=\"sk-circle7 sk-circle\"><\/div><div class=\"sk-circle8 sk-circle\"><\/div><div class=\"sk-circle9 sk-circle\"><\/div><div class=\"sk-circle10 sk-circle\"><\/div><div class=\"sk-circle11 sk-circle\"><\/div><div class=\"sk-circle12 sk-circle\"><\/div><\/div><\/div><\/div><\/div><\/div>[\/vc_column][\/vc_row][vc_row][vc_column][vc_column_text]<\/p>\n<p><!-- default-view.php -->\n<div\n\tclass=\"ngg-galleryoverview default-view \"\n\tid=\"ngg-gallery-8b8b70edfac20e4f38a1fe2d5c7bd87a-1\">\n\n\t\t<!-- Thumbnails -->\n\t\t\t\t<div id=\"ngg-image-0\" class=\"ngg-gallery-thumbnail-box \" >\n\t\t\t\t        <div class=\"ngg-gallery-thumbnail\">\n            <a href=\"https:\/\/www.mobilduenne.it\/wp-content\/gallery\/facile\/Composizione-1-0-01-09-00_1.jpg\"\n               title=\"SOSTITUISCI IL TUO LAVABO A COLONNA\"\n               data-src=\"https:\/\/www.mobilduenne.it\/wp-content\/gallery\/facile\/Composizione-1-0-01-09-00_1.jpg\"\n               data-thumbnail=\"https:\/\/www.mobilduenne.it\/wp-content\/gallery\/facile\/thumbs\/thumbs_Composizione-1-0-01-09-00_1.jpg\"\n               data-image-id=\"726\"\n               data-title=\"SOSTITUISCI IL TUO LAVABO A COLONNA\"\n               data-description=\"SOSTITUISCI IL TUO LAVABO A COLONNA\"\n               data-image-slug=\"composizione-1-0-01-09-00_1\"\n               class=\"ngg-fancybox\" rel=\"8b8b70edfac20e4f38a1fe2d5c7bd87a\">\n                <img\n                    title=\"SOSTITUISCI IL TUO LAVABO A COLONNA\"\n                    alt=\"SOSTITUISCI IL TUO LAVABO A COLONNA\"\n                    src=\"https:\/\/www.mobilduenne.it\/wp-content\/gallery\/facile\/thumbs\/thumbs_Composizione-1-0-01-09-00_1.jpg\"\n                    width=\"240\"\n                    height=\"160\"\n                    style=\"max-width:100%;\"\n                \/>\n            <\/a>\n        <\/div>\n\t\t\t\t\t\t\t<\/div> \n\t\t\t\n\t\t\t\t<div id=\"ngg-image-1\" class=\"ngg-gallery-thumbnail-box \" >\n\t\t\t\t        <div class=\"ngg-gallery-thumbnail\">\n            <a href=\"https:\/\/www.mobilduenne.it\/wp-content\/gallery\/facile\/Composizione-1-0-00-26-00_1.jpg\"\n               title=\"NESSUN RISCHIO DI&#013;\nFORARE I TUBI\"\n               data-src=\"https:\/\/www.mobilduenne.it\/wp-content\/gallery\/facile\/Composizione-1-0-00-26-00_1.jpg\"\n               data-thumbnail=\"https:\/\/www.mobilduenne.it\/wp-content\/gallery\/facile\/thumbs\/thumbs_Composizione-1-0-00-26-00_1.jpg\"\n               data-image-id=\"724\"\n               data-title=\"NESSUN RISCHIO DI FORARE I TUBI\"\n               data-description=\"NESSUN RISCHIO DI&#013;\nFORARE I TUBI\"\n               data-image-slug=\"composizione-1-0-00-26-00_1\"\n               class=\"ngg-fancybox\" rel=\"8b8b70edfac20e4f38a1fe2d5c7bd87a\">\n                <img\n                    title=\"NESSUN RISCHIO DI FORARE I TUBI\"\n                    alt=\"NESSUN RISCHIO DI FORARE I TUBI\"\n                    src=\"https:\/\/www.mobilduenne.it\/wp-content\/gallery\/facile\/thumbs\/thumbs_Composizione-1-0-00-26-00_1.jpg\"\n                    width=\"240\"\n                    height=\"160\"\n                    style=\"max-width:100%;\"\n                \/>\n            <\/a>\n        <\/div>\n\t\t\t\t\t\t\t<\/div> \n\t\t\t\n\t\t\t\t<div id=\"ngg-image-2\" class=\"ngg-gallery-thumbnail-box \" >\n\t\t\t\t        <div class=\"ngg-gallery-thumbnail\">\n            <a href=\"https:\/\/www.mobilduenne.it\/wp-content\/gallery\/facile\/Composizione-1-0-00-46-00_1.jpg\"\n               title=\"NESSUN RISCHIO DI&#013;\nROMPERE I RIVESTIMENTI\"\n               data-src=\"https:\/\/www.mobilduenne.it\/wp-content\/gallery\/facile\/Composizione-1-0-00-46-00_1.jpg\"\n               data-thumbnail=\"https:\/\/www.mobilduenne.it\/wp-content\/gallery\/facile\/thumbs\/thumbs_Composizione-1-0-00-46-00_1.jpg\"\n               data-image-id=\"725\"\n               data-title=\"NESSUN RISCHIO DI ROMPERE I RIVESTIMENTI\"\n               data-description=\"NESSUN RISCHIO DI&#013;\nROMPERE I RIVESTIMENTI\"\n               data-image-slug=\"composizione-1-0-00-46-00_1\"\n               class=\"ngg-fancybox\" rel=\"8b8b70edfac20e4f38a1fe2d5c7bd87a\">\n                <img\n                    title=\"NESSUN RISCHIO DI ROMPERE I RIVESTIMENTI\"\n                    alt=\"NESSUN RISCHIO DI ROMPERE I RIVESTIMENTI\"\n                    src=\"https:\/\/www.mobilduenne.it\/wp-content\/gallery\/facile\/thumbs\/thumbs_Composizione-1-0-00-46-00_1.jpg\"\n                    width=\"240\"\n                    height=\"160\"\n                    style=\"max-width:100%;\"\n                \/>\n            <\/a>\n        <\/div>\n\t\t\t\t\t\t\t<\/div> \n\t\t\t\n\t\t\t\t<div id=\"ngg-image-3\" class=\"ngg-gallery-thumbnail-box \" >\n\t\t\t\t        <div class=\"ngg-gallery-thumbnail\">\n            <a href=\"https:\/\/www.mobilduenne.it\/wp-content\/gallery\/facile\/Composizione-1-0-01-21-00_1.jpg\"\n               title=\"UTILIZZA I VECCHI FORI&#013;\nDI FISSAGGIO\"\n               data-src=\"https:\/\/www.mobilduenne.it\/wp-content\/gallery\/facile\/Composizione-1-0-01-21-00_1.jpg\"\n               data-thumbnail=\"https:\/\/www.mobilduenne.it\/wp-content\/gallery\/facile\/thumbs\/thumbs_Composizione-1-0-01-21-00_1.jpg\"\n               data-image-id=\"727\"\n               data-title=\"UTILIZZA I VECCHI FORI DI FISSAGGIO\"\n               data-description=\"UTILIZZA I VECCHI FORI&#013;\nDI FISSAGGIO\"\n               data-image-slug=\"composizione-1-0-01-21-00_1\"\n               class=\"ngg-fancybox\" rel=\"8b8b70edfac20e4f38a1fe2d5c7bd87a\">\n                <img\n                    title=\"UTILIZZA I VECCHI FORI DI FISSAGGIO\"\n                    alt=\"UTILIZZA I VECCHI FORI DI FISSAGGIO\"\n                    src=\"https:\/\/www.mobilduenne.it\/wp-content\/gallery\/facile\/thumbs\/thumbs_Composizione-1-0-01-21-00_1.jpg\"\n                    width=\"240\"\n                    height=\"160\"\n                    style=\"max-width:100%;\"\n                \/>\n            <\/a>\n        <\/div>\n\t\t\t\t\t\t\t<\/div> \n\t\t\t\n\t\t\t\t<div id=\"ngg-image-4\" class=\"ngg-gallery-thumbnail-box \" >\n\t\t\t\t        <div class=\"ngg-gallery-thumbnail\">\n            <a href=\"https:\/\/www.mobilduenne.it\/wp-content\/gallery\/facile\/Composizione-1-0-02-43-00_1.jpg\"\n               title=\"UTILIZZA LE VECCHIE&#013;\nPREDISPOSIZIONI DI SCARICO\"\n               data-src=\"https:\/\/www.mobilduenne.it\/wp-content\/gallery\/facile\/Composizione-1-0-02-43-00_1.jpg\"\n               data-thumbnail=\"https:\/\/www.mobilduenne.it\/wp-content\/gallery\/facile\/thumbs\/thumbs_Composizione-1-0-02-43-00_1.jpg\"\n               data-image-id=\"728\"\n               data-title=\"UTILIZZA LE VECCHIE PREDISPOSIZIONI DI SCARICO\"\n               data-description=\"UTILIZZA LE VECCHIE&#013;\nPREDISPOSIZIONI DI SCARICO\"\n               data-image-slug=\"composizione-1-0-02-43-00_1\"\n               class=\"ngg-fancybox\" rel=\"8b8b70edfac20e4f38a1fe2d5c7bd87a\">\n                <img\n                    title=\"UTILIZZA LE VECCHIE PREDISPOSIZIONI DI SCARICO\"\n                    alt=\"UTILIZZA LE VECCHIE PREDISPOSIZIONI DI SCARICO\"\n                    src=\"https:\/\/www.mobilduenne.it\/wp-content\/gallery\/facile\/thumbs\/thumbs_Composizione-1-0-02-43-00_1.jpg\"\n                    width=\"240\"\n                    height=\"160\"\n                    style=\"max-width:100%;\"\n                \/>\n            <\/a>\n        <\/div>\n\t\t\t\t\t\t\t<\/div> \n\t\t\t\n\t\t\t\t<div id=\"ngg-image-5\" class=\"ngg-gallery-thumbnail-box \" >\n\t\t\t\t        <div class=\"ngg-gallery-thumbnail\">\n            <a href=\"https:\/\/www.mobilduenne.it\/wp-content\/gallery\/facile\/Composizione-1-0-03-00-00_1.jpg\"\n               title=\"LAVORO ULTIMATO\"\n               data-src=\"https:\/\/www.mobilduenne.it\/wp-content\/gallery\/facile\/Composizione-1-0-03-00-00_1.jpg\"\n               data-thumbnail=\"https:\/\/www.mobilduenne.it\/wp-content\/gallery\/facile\/thumbs\/thumbs_Composizione-1-0-03-00-00_1.jpg\"\n               data-image-id=\"729\"\n               data-title=\"LAVORO ULTIMATO\"\n               data-description=\"LAVORO ULTIMATO\"\n               data-image-slug=\"composizione-1-0-03-00-00_1\"\n               class=\"ngg-fancybox\" rel=\"8b8b70edfac20e4f38a1fe2d5c7bd87a\">\n                <img\n                    title=\"LAVORO ULTIMATO\"\n                    alt=\"LAVORO ULTIMATO\"\n                    src=\"https:\/\/www.mobilduenne.it\/wp-content\/gallery\/facile\/thumbs\/thumbs_Composizione-1-0-03-00-00_1.jpg\"\n                    width=\"240\"\n                    height=\"160\"\n                    style=\"max-width:100%;\"\n                \/>\n            <\/a>\n        <\/div>\n\t\t\t\t\t\t\t<\/div> \n\t\t\t\n\t\t\t\t<div id=\"ngg-image-6\" class=\"ngg-gallery-thumbnail-box \" >\n\t\t\t\t        <div class=\"ngg-gallery-thumbnail\">\n            <a href=\"https:\/\/www.mobilduenne.it\/wp-content\/gallery\/facile\/7-CERAMICA.jpg\"\n               title=\"CERAMICA\"\n               data-src=\"https:\/\/www.mobilduenne.it\/wp-content\/gallery\/facile\/7-CERAMICA.jpg\"\n               data-thumbnail=\"https:\/\/www.mobilduenne.it\/wp-content\/gallery\/facile\/thumbs\/thumbs_7-CERAMICA.jpg\"\n               data-image-id=\"665\"\n               data-title=\"CERAMICA\"\n               data-description=\"CERAMICA\"\n               data-image-slug=\"7-ceramica\"\n               class=\"ngg-fancybox\" rel=\"8b8b70edfac20e4f38a1fe2d5c7bd87a\">\n                <img\n                    title=\"CERAMICA\"\n                    alt=\"CERAMICA\"\n                    src=\"https:\/\/www.mobilduenne.it\/wp-content\/gallery\/facile\/thumbs\/thumbs_7-CERAMICA.jpg\"\n                    width=\"240\"\n                    height=\"160\"\n                    style=\"max-width:100%;\"\n                \/>\n            <\/a>\n        <\/div>\n\t\t\t\t\t\t\t<\/div> \n\t\t\t\n\t\t\t\t<div id=\"ngg-image-7\" class=\"ngg-gallery-thumbnail-box \" >\n\t\t\t\t        <div class=\"ngg-gallery-thumbnail\">\n            <a href=\"https:\/\/www.mobilduenne.it\/wp-content\/gallery\/facile\/8-MINERAL.jpg\"\n               title=\"MINERAL\"\n               data-src=\"https:\/\/www.mobilduenne.it\/wp-content\/gallery\/facile\/8-MINERAL.jpg\"\n               data-thumbnail=\"https:\/\/www.mobilduenne.it\/wp-content\/gallery\/facile\/thumbs\/thumbs_8-MINERAL.jpg\"\n               data-image-id=\"666\"\n               data-title=\"MINERAL\"\n               data-description=\"MINERAL\"\n               data-image-slug=\"8-mineral\"\n               class=\"ngg-fancybox\" rel=\"8b8b70edfac20e4f38a1fe2d5c7bd87a\">\n                <img\n                    title=\"MINERAL\"\n                    alt=\"MINERAL\"\n                    src=\"https:\/\/www.mobilduenne.it\/wp-content\/gallery\/facile\/thumbs\/thumbs_8-MINERAL.jpg\"\n                    width=\"240\"\n                    height=\"160\"\n                    style=\"max-width:100%;\"\n                \/>\n            <\/a>\n        <\/div>\n\t\t\t\t\t\t\t<\/div> \n\t\t\t\n\t\n\t<br style=\"clear: both\" \/>\n\n\t\n\t\t<!-- Pagination -->\n\t<div class='ngg-clear'><\/div>\t<\/div>\n[\/vc_column_text][\/vc_column][\/vc_row][\/vc_section]<\/p>\n","protected":false},"excerpt":{"rendered":"<p>[vc_section][vc_row][vc_column width=\u00a0\u00bb1\/2&Prime;][vc_row_inner][vc_column_inner][\/vc_column_inner][\/vc_row_inner][\/vc_column][vc_column width=\u00a0\u00bb1\/2&Prime;][\/vc_column][\/vc_row][vc_row][vc_column][vc_column_text] [\/vc_column_text][\/vc_column][\/vc_row][\/vc_section]<\/p>\n","protected":false},"author":1,"featured_media":0,"parent":0,"menu_order":0,"comment_status":"closed","ping_status":"closed","template":"","meta":{"ngg_post_thumbnail":0},"_links":{"self":[{"href":"https:\/\/www.mobilduenne.it\/fr\/wp-json\/wp\/v2\/pages\/12516"}],"collection":[{"href":"https:\/\/www.mobilduenne.it\/fr\/wp-json\/wp\/v2\/pages"}],"about":[{"href":"https:\/\/www.mobilduenne.it\/fr\/wp-json\/wp\/v2\/types\/page"}],"author":[{"embeddable":true,"href":"https:\/\/www.mobilduenne.it\/fr\/wp-json\/wp\/v2\/users\/1"}],"replies":[{"embeddable":true,"href":"https:\/\/www.mobilduenne.it\/fr\/wp-json\/wp\/v2\/comments?post=12516"}],"version-history":[{"count":4,"href":"https:\/\/www.mobilduenne.it\/fr\/wp-json\/wp\/v2\/pages\/12516\/revisions"}],"predecessor-version":[{"id":19192,"href":"https:\/\/www.mobilduenne.it\/fr\/wp-json\/wp\/v2\/pages\/12516\/revisions\/19192"}],"wp:attachment":[{"href":"https:\/\/www.mobilduenne.it\/fr\/wp-json\/wp\/v2\/media?parent=12516"}],"curies":[{"name":"wp","href":"https:\/\/api.w.org\/{rel}","templated":true}]}}