{"id":19003,"date":"2023-06-08T19:19:36","date_gmt":"2023-06-08T17:19:36","guid":{"rendered":"https:\/\/www.mobilduenne.it\/privacy-policy\/"},"modified":"2023-06-08T19:19:36","modified_gmt":"2023-06-08T17:19:36","slug":"privacy-policy","status":"publish","type":"page","link":"https:\/\/www.mobilduenne.it\/en\/privacy-policy\/","title":{"rendered":"Privacy Policy"},"content":{"rendered":"<p><strong>INFORMATIVA PRIVACY<\/strong><\/p>\n<p><strong>AI SENSI DEL REGOLAMENTO (UE) 2016\/679 (\u201cGDPR\u201d) ARTICOLI 13 E 14 <\/strong><\/p>\n<p><strong>E SUCCESSIVE NORME NAZIONALI DI ADEGUAMENTO<\/strong><\/p>\n<p><strong>&nbsp;<\/strong><\/p>\n<p>Il presente documento (\u201c<strong>Informativa<\/strong>\u201d) intende fornirle indicazioni in merito al trattamento delle informazioni, come di seguito specificate, che verranno da Lei fornite o comunque disponibili presso la nostra struttura e che verranno trattate dalla stessa e\/o da altri soggetti individuati per le finalit\u00e0 di seguito indicate. L\u2019Informativa, in particolare, \u00e8 resa ai sensi del Regolamento UE n. 679\/2016 (\u201c<strong>GDPR<\/strong>\u201d) e successive norme nazionali di adeguamento (congiuntamente al GDPR di seguito \u201c<strong>Normativa Applicabile<\/strong>\u201d).<\/p>\n<p><strong>&nbsp;<\/strong><\/p>\n<ol>\n<li><strong> Identit\u00e0 e dati di contatto del Titolare del trattamento<\/strong><\/li>\n<\/ol>\n<p>Il titolare del trattamento, ai sensi degli artt. 4 e 24 del Reg. UE 2016\/679, \u00e8&nbsp;la <strong>Mobilduenne<\/strong>, con sede in Via Capo di Termine, 1 &#8211; 63065 \u2013 Ripatransone (AP), Partita IVA <span class=\"copyright\">01259050449<\/span>, Tel. (0735) 97120, e-mail: info@mobilduenne.it, nella persona del legale rappresentante pro-tempore (di seguito \u201c<strong>Titolare<\/strong>\u201d).<\/p>\n<p><strong>&nbsp;<\/strong><\/p>\n<ol start=\"2\">\n<li><strong> Dati di contatto del Responsabile della Protezione dei Dati (c.d. \u201cRPD-DPO\u201d)<\/strong><\/li>\n<\/ol>\n<p>Ai sensi degli artt. 37 \u2013 39 del Reg. UE 2016\/679, \u00e8 stato nominato un Responsabile della Protezione dei Dati, reperibile al seguente indirizzo e-mail: info@mobilduenne.it.<\/p>\n<p>&nbsp;<\/p>\n<ol start=\"3\">\n<li><strong> Finalit\u00e0 e base giuridica del trattamento<\/strong><\/li>\n<\/ol>\n<p>I Dati Personali raccolti verranno trattati per le finalit\u00e0 e in forza delle basi giuridiche di seguito riportate:<\/p>\n<table width=\"100%\">\n<tbody>\n<tr>\n<td width=\"463\"><strong><em>Finalit\u00e0<\/em><\/strong><\/td>\n<td width=\"179\"><strong><em>Base giuridica del trattamento<\/em><\/strong><\/td>\n<\/tr>\n<tr>\n<td width=\"463\"><strong>punto 3, lett. a)<\/strong>: per la gestione del Suo rapporto contrattuale ovvero per dare esecuzione a misure precontrattuali (quali, per esempio, la richiesta di informazioni o quella di preventivo). In questo caso, Lei \u00e8 libero di conferire i Suoi Dati Personali, tuttavia il mancato conferimento non Le permetter\u00e0 di instaurare il predetto rapporto e soddisfare la Sua richiesta.<\/td>\n<td width=\"179\">il trattamento \u00e8 necessario in relazione all\u2019esecuzione di un contratto di cui Lei \u00e8 parte ed \u00e8 necessario per adempiere ad un obbligo legale al quale \u00e8 soggetto il Titolare<\/td>\n<\/tr>\n<tr>\n<td width=\"463\"><strong>punto 3, lett. b)<\/strong>: previo Suo specifico consenso, revocabile in qualsiasi momento, per inviarle&nbsp;<strong>comunicazioni promozionali<\/strong>&nbsp;relative al Titolare e<strong><em>&nbsp;<\/em><\/strong>comunicazioni relative ad&nbsp;<strong>eventi<\/strong><strong>&nbsp;organizzati<\/strong> dal Titolare (di seguito \u201c<strong><em>finalit\u00e0 di marketing<\/em><\/strong>\u201d)<\/td>\n<td width=\"179\">il Suo consenso<\/td>\n<\/tr>\n<\/tbody>\n<\/table>\n<ol start=\"4\">\n<li><strong><em><br \/>\n<\/em><\/strong><strong> Categorie di dati personali trattati<\/strong><\/li>\n<\/ol>\n<p>Nei limiti delle finalit\u00e0 e delle modalit\u00e0 descritte nella presente Informativa, potranno essere trattate informazioni che possono essere considerate&nbsp;come \u201c<strong>Dati personali<\/strong>\u201d, nei quali rientrano le Sue generalit\u00e0, i Suoi recapiti (quali, per esempio, numero di cellulare, indirizzo e-mail, etc.).<\/p>\n<p><strong>&nbsp;<\/strong><\/p>\n<ol start=\"5\">\n<li><strong> Destinatari e categorie di destinatari<\/strong><\/li>\n<\/ol>\n<p>I dati personali non saranno oggetto di diffusione, ovvero non ne verr\u00e0 data conoscenza a soggetti indeterminati. Potranno essere invece oggetto di comunicazione a soggetti ben definiti, nel pieno rispetto delle prescrizioni di legge, per finalit\u00e0 strettamente correlate a quelle precedentemente indicate. Qualsiasi accesso ai Suoi dati personali \u00e8 limitato ai soggetti autorizzati dal Titolare. La comunicazione ai destinatari individuati, solo se coinvolti e funzionali, \u00e8 legata al raggiungimento delle finalit\u00e0 di cui al precedente punto 3, pertanto i dati personali raccolti ed elaborati potranno essere:<\/p>\n<p>&nbsp;<\/p>\n<ol>\n<li>utilizzati in forma anonima per finalit\u00e0 statistiche;<\/li>\n<li>messi a disposizione dei collaboratori del Titolare, in qualit\u00e0 di Responsabili o persone autorizzate al trattamento dei dati personali;<\/li>\n<li>comunicati a terze persone, fisiche o giuridiche, Pubbliche amministrazioni, professionisti, forze dell\u2019ordine, enti governativi, organismi di regolamentazione, tribunali o altre autorit\u00e0 pubbliche autorizzate dalla legge;<\/li>\n<li>soggetti che forniscono servizi per la gestione del sistema informativo e delle reti di comunicazione ivi compresa la posta elettronica, newsletter e gestione siti internet;<\/li>\n<li>studi o Societ\u00e0 nell\u2019ambito di rapporti di assistenza e consulenza;<\/li>\n<li>qualora necessario, trasferiti ad altro Titolare del Trattamento secondo quanto previsto dal GDPR, anche riguardo al diritto alla portabilit\u00e0 dei dati.<\/li>\n<\/ol>\n<p>&nbsp;<\/p>\n<p>Le informazioni potranno, inoltre, essere comunicate ogni qualvolta la comunicazione possa essere necessaria per adempiere a richieste dell&#8217;Autorit\u00e0 Giudiziaria o di Pubblica Sicurezza. I dati raccolti non verranno in nessun caso diffusi.<\/p>\n<p>&nbsp;<\/p>\n<p>L\u2019elenco dei Responsabili del trattamento dei dati personali \u00e8 disponibile presso la sede del Titolare del Trattamento.<\/p>\n<p><strong>&nbsp;<\/strong><\/p>\n<ol start=\"6\">\n<li><strong> Trasferimento dei dati all\u2019estero<\/strong><\/li>\n<\/ol>\n<p>I dati di natura personale forniti saranno trasferiti in Paesi appartenenti all\u2019Unione Europea e in Paesi Extra UE, al fine di ottemperare a finalit\u00e0 connesse sopra indicate. I dati saranno trasferiti in base all\u2019 Articolo 44 &#8211; Principio generale per il trasferimento; Articolo 45 &#8211; Trasferimento sulla base di una decisione di adeguatezza; Articolo 46 &#8211; Trasferimento soggetto a garanzie adeguate, nello specifico i dati saranno trasferiti verso paesi terzi organizzazioni internazionali per cui la Commissione \u00e8 intervenuta con una valutazione di adeguatezza (art. 45 Reg. UE 2016\/679). L\u2019interessato potr\u00e0 ottenere informazioni circa le garanzie per il trasferimento dati mediante richiesta scritta rivolta senza formalit\u00e0 al Titolare.<\/p>\n<p>&nbsp;<\/p>\n<p>&nbsp;<\/p>\n<p>&nbsp;<\/p>\n<p>&nbsp;<\/p>\n<p>&nbsp;<\/p>\n<p>&nbsp;<\/p>\n<ol start=\"7\">\n<li><strong> Periodo di conservazione dei dati (criteri di determinazione)<\/strong><\/li>\n<\/ol>\n<p>Di seguito una tabella che contiene le indicazioni dei tempi di conservazione (ovvero dei criteri di determinazione) dei Dati personali:<\/p>\n<p>&nbsp;<\/p>\n<table width=\"100%\">\n<tbody>\n<tr>\n<td width=\"207\"><strong><em>Finalit\u00e0<\/em><\/strong><\/td>\n<td width=\"434\"><strong><em>Tempi di conservazione<\/em><\/strong><\/td>\n<\/tr>\n<tr>\n<td width=\"207\"><strong>punto 3, lett. a)<\/strong>: gestione contratto<\/td>\n<td width=\"434\">Per tutta la durata del rapporto e successivamente per 10 anni (prescrizione ordinaria).<\/td>\n<\/tr>\n<tr>\n<td width=\"207\"><strong>punto 3, lett. b)<\/strong>:&nbsp;finalit\u00e0 di marketing<\/td>\n<td width=\"434\">5 anni dalla raccolta, ferma la possibilit\u00e0 per l\u2019interessato di modificare e\/o revocare la propria volont\u00e0 in qualsiasi momento<\/td>\n<\/tr>\n<\/tbody>\n<\/table>\n<ol start=\"8\">\n<li><strong><br \/>\n<\/strong><strong> Modalit\u00e0 di trattamento dei dati<\/strong><\/li>\n<\/ol>\n<p>Il trattamento dei Dati Personali avverr\u00e0 mediante strumenti manuali, informatici o telematici, idonei a garantirne la sicurezza e la riservatezza e verr\u00e0 eseguito da personale debitamente istruito al rispetto della Normativa Applicabile. Non esiste un processo decisionale automatizzato.<\/p>\n<p>&nbsp;<br \/>\nOltre ai casi in cui si renda necessario contattarla per esigenze connesse alla gestione della Sua posizione, ove Lei acconsenta al trattamento dei Suoi dati per le finalit\u00e0 di cui al punto 3, lett. b), Lei potr\u00e0 essere contattato via e-mail, newsletter, sms, sistemi di messaggistica istantanea o attraverso ogni strumento elettronico equivalente oppure a mezzo posta cartacea o chiamata tramite operatore a tutti i recapiti forniti. Ove prediliga essere contattato solo ad uno o alcuni di tali recapiti, ne potr\u00e0 fare espressa richiesta scritta rivolta senza formalit\u00e0 al Titolare.<\/p>\n<p>&nbsp;<\/p>\n<ol start=\"9\">\n<li><strong> Diritti che Le sono riconosciuti<\/strong><\/li>\n<\/ol>\n<p>La informiamo che potr\u00e0 esercitare i diritti riconosciuti dalla Normativa Applicabile tra cui, a mero titolo esemplificativo, il diritto:&nbsp;<\/p>\n<ol>\n<li>di accedere ai propri Dati Personali e conoscerne l\u2019origine, le finalit\u00e0 e gli scopi del trattamento, i dati dei soggetti a cui essi sono comunicati, il periodo di conservazione dei dati o i criteri utili per determinarlo (art.15);&nbsp;<\/li>\n<li>di chiederne la rettifica (art.16);&nbsp;<\/li>\n<li>la cancellazione (\u201coblio\u201d), se non pi\u00f9 necessari, incompleti, erronei o raccolti in violazione della legge (art.17);&nbsp;<\/li>\n<li>di chiedere che il trattamento sia limitato ad una parte delle informazioni che La riguardano (art.18);<\/li>\n<li>nella misura in cui sia tecnicamente possibile, di ricevere in un formato strutturato o di trasmettere a Lei o a terzi da Lei indicati le informazioni che la riguardano (c.d. \u201cportabilit\u00e0\u201d) o quelle che sono state da Lei volontariamente fornite (art.20);&nbsp;<\/li>\n<li>di opporsi al loro trattamento basato sul legittimo interesse (art. 21);<\/li>\n<li>nonch\u00e9 di revocare il proprio consenso in qualsiasi momento, nel caso in cui questo costituisca la base del trattamento (la revoca del consenso comunque non pregiudica la liceit\u00e0 del trattamento basata sul consenso svolto prima della revoca stessa).<\/li>\n<\/ol>\n<p>&nbsp;<\/p>\n<p>I predetti diritti potranno essere esercitati mediante richiesta scritta rivolta senza formalit\u00e0 al Titolare ai contatti indicati a punto 1.<\/p>\n<p>&nbsp;<\/p>\n<p>Il Titolare dovr\u00e0 procedere in tal senso senza ritardo e, comunque, al pi\u00f9 tardi entro un mese dal ricevimento della richiesta. Il termine pu\u00f2 essere prorogato di due mesi, se necessario, tenuto conto della complessit\u00e0 e del numero delle richieste ricevute dal Titolare. In tali casi il Titolare entro un mese dal ricevimento della Sua richiesta, La informer\u00e0 e La metter\u00e0 al corrente dei motivi della proroga.<\/p>\n<p>&nbsp;<\/p>\n<p>Le ricordiamo che, laddove il riscontro alle Sue richieste non sia stato a Suo avviso soddisfacente, potr\u00e0 rivolgersi e proporre reclamo all\u2019Autorit\u00e0 Garante per la Protezione dei Dati Personali (<a href=\"http:\/\/www.garanteprivacy.it\/\">http:\/\/www.garanteprivacy.it\/<\/a>) nei modi previsti dalla Normativa Applicabile.&nbsp;<\/p>\n<p>&nbsp;<\/p>\n<p>Revisione Maggio 2018<\/p>\n<p>Il Titolare del trattamento<\/p>\n","protected":false},"excerpt":{"rendered":"<p>INFORMATIVA PRIVACY AI SENSI DEL REGOLAMENTO (UE) 2016\/679 (\u201cGDPR\u201d) ARTICOLI 13 E 14 E SUCCESSIVE NORME NAZIONALI DI ADEGUAMENTO &nbsp; Il presente documento (\u201cInformativa\u201d) intende fornirle indicazioni in merito al trattamento delle informazioni, come di seguito specificate, che verranno da Lei fornite o comunque disponibili presso la nostra struttura e che verranno trattate dalla stessa [&hellip;]<\/p>\n","protected":false},"author":1,"featured_media":0,"parent":0,"menu_order":0,"comment_status":"closed","ping_status":"closed","template":"","meta":{"ngg_post_thumbnail":0},"_links":{"self":[{"href":"https:\/\/www.mobilduenne.it\/en\/wp-json\/wp\/v2\/pages\/19003"}],"collection":[{"href":"https:\/\/www.mobilduenne.it\/en\/wp-json\/wp\/v2\/pages"}],"about":[{"href":"https:\/\/www.mobilduenne.it\/en\/wp-json\/wp\/v2\/types\/page"}],"author":[{"embeddable":true,"href":"https:\/\/www.mobilduenne.it\/en\/wp-json\/wp\/v2\/users\/1"}],"replies":[{"embeddable":true,"href":"https:\/\/www.mobilduenne.it\/en\/wp-json\/wp\/v2\/comments?post=19003"}],"version-history":[{"count":0,"href":"https:\/\/www.mobilduenne.it\/en\/wp-json\/wp\/v2\/pages\/19003\/revisions"}],"wp:attachment":[{"href":"https:\/\/www.mobilduenne.it\/en\/wp-json\/wp\/v2\/media?parent=19003"}],"curies":[{"name":"wp","href":"https:\/\/api.w.org\/{rel}","templated":true}]}}